{"id":5002,"date":"2021-09-08T11:19:37","date_gmt":"2021-09-08T09:19:37","guid":{"rendered":"https:\/\/dev.cannabinno.swiss\/prodotti\/dryex-mini\/"},"modified":"2021-11-16T15:36:35","modified_gmt":"2021-11-16T14:36:35","slug":"dryex-mini","status":"publish","type":"page","link":"https:\/\/dev.cannabinno.swiss\/it\/prodotti\/dryex-mini\/","title":{"rendered":"DryEx Mini"},"content":{"rendered":"<div class=\"fusion-fullwidth fullwidth-box fusion-builder-row-1 fusion-flex-container nonhundred-percent-fullwidth non-hundred-percent-height-scrolling\" style=\"--awb-border-radius-top-left:0px;--awb-border-radius-top-right:0px;--awb-border-radius-bottom-right:0px;--awb-border-radius-bottom-left:0px;\" ><div class=\"fusion-builder-row fusion-row fusion-flex-align-items-flex-start\" style=\"max-width:1248px;margin-left: calc(-4% \/ 2 );margin-right: calc(-4% \/ 2 );\"><div class=\"fusion-layout-column fusion_builder_column fusion-builder-column-0 fusion_builder_column_1_1 1_1 fusion-flex-column\" style=\"--awb-bg-size:cover;--awb-width-large:100%;--awb-margin-top-large:0px;--awb-spacing-right-large:1.92%;--awb-margin-bottom-large:20px;--awb-spacing-left-large:1.92%;--awb-width-medium:100%;--awb-order-medium:0;--awb-spacing-right-medium:1.92%;--awb-spacing-left-medium:1.92%;--awb-width-small:100%;--awb-order-small:0;--awb-spacing-right-small:1.92%;--awb-spacing-left-small:1.92%;\"><div class=\"fusion-column-wrapper fusion-column-has-shadow fusion-flex-justify-content-flex-start fusion-content-layout-column\"><div class=\"fusion-text fusion-text-1\"><h1>DryEx Mini cannabinno<\/h1>\n<h6>Trimmare, setacciatura, asciugatura<\/h6>\n<\/div><\/div><\/div><div class=\"fusion-layout-column fusion_builder_column fusion-builder-column-1 fusion_builder_column_2_3 2_3 fusion-flex-column\" style=\"--awb-bg-size:cover;--awb-width-large:66.666666666667%;--awb-margin-top-large:0px;--awb-spacing-right-large:2.88%;--awb-margin-bottom-large:20px;--awb-spacing-left-large:2.88%;--awb-width-medium:100%;--awb-order-medium:0;--awb-spacing-right-medium:1.92%;--awb-spacing-left-medium:1.92%;--awb-width-small:100%;--awb-order-small:0;--awb-spacing-right-small:1.92%;--awb-spacing-left-small:1.92%;\"><div class=\"fusion-column-wrapper fusion-column-has-shadow fusion-flex-justify-content-flex-start fusion-content-layout-column\"><div class=\"fusion-slider-sc\"><div class=\"fusion-flexslider-loading flexslider flexslider-hover-type-zoomin\" data-slideshow_autoplay=\"1\" data-slideshow_smooth_height=\"0\" data-slideshow_speed=\"7000\" style=\"max-width:100%;height:100%;\"><ul class=\"slides\"><li class=\"image\"><span class=\"fusion-image-hover-element hover-type-zoomin\"><img src=\"https:\/\/dev.cannabinno.swiss\/wp-content\/uploads\/2021\/06\/dryex-mini.jpg\" alt=\"dryex mini\" width=\"1920\" height=\"1080\" class=\"wp-image-4478\" srcset=\"https:\/\/dev.cannabinno.swiss\/wp-content\/uploads\/2021\/06\/dryex-mini-200x113.jpg 200w, https:\/\/dev.cannabinno.swiss\/wp-content\/uploads\/2021\/06\/dryex-mini-400x225.jpg 400w, https:\/\/dev.cannabinno.swiss\/wp-content\/uploads\/2021\/06\/dryex-mini-600x338.jpg 600w, https:\/\/dev.cannabinno.swiss\/wp-content\/uploads\/2021\/06\/dryex-mini-800x450.jpg 800w, https:\/\/dev.cannabinno.swiss\/wp-content\/uploads\/2021\/06\/dryex-mini-1200x675.jpg 1200w, https:\/\/dev.cannabinno.swiss\/wp-content\/uploads\/2021\/06\/dryex-mini.jpg 1920w\" sizes=\"(max-width: 1024px) 100vw, (max-width: 640px) 100vw, 800px\" \/><\/span><\/li><li class=\"image\"><span class=\"fusion-image-hover-element hover-type-zoomin\"><img src=\"https:\/\/dev.cannabinno.swiss\/wp-content\/uploads\/2021\/09\/dryex-mini-3.jpg\" alt=\"dryex mini\" width=\"1920\" height=\"1080\" class=\"wp-image-6329\" srcset=\"https:\/\/dev.cannabinno.swiss\/wp-content\/uploads\/2021\/09\/dryex-mini-3-200x113.jpg 200w, https:\/\/dev.cannabinno.swiss\/wp-content\/uploads\/2021\/09\/dryex-mini-3-400x225.jpg 400w, https:\/\/dev.cannabinno.swiss\/wp-content\/uploads\/2021\/09\/dryex-mini-3-600x338.jpg 600w, https:\/\/dev.cannabinno.swiss\/wp-content\/uploads\/2021\/09\/dryex-mini-3-800x450.jpg 800w, https:\/\/dev.cannabinno.swiss\/wp-content\/uploads\/2021\/09\/dryex-mini-3-1200x675.jpg 1200w, https:\/\/dev.cannabinno.swiss\/wp-content\/uploads\/2021\/09\/dryex-mini-3.jpg 1920w\" sizes=\"(max-width: 1024px) 100vw, (max-width: 640px) 100vw, 800px\" \/><\/span><\/li><li class=\"image\"><span class=\"fusion-image-hover-element hover-type-zoomin\"><img src=\"https:\/\/dev.cannabinno.swiss\/wp-content\/uploads\/2021\/09\/dryex-mini-2.jpg\" alt=\"dryex mini\" width=\"1920\" height=\"1080\" class=\"wp-image-6324\" srcset=\"https:\/\/dev.cannabinno.swiss\/wp-content\/uploads\/2021\/09\/dryex-mini-2-200x113.jpg 200w, https:\/\/dev.cannabinno.swiss\/wp-content\/uploads\/2021\/09\/dryex-mini-2-400x225.jpg 400w, https:\/\/dev.cannabinno.swiss\/wp-content\/uploads\/2021\/09\/dryex-mini-2-600x338.jpg 600w, https:\/\/dev.cannabinno.swiss\/wp-content\/uploads\/2021\/09\/dryex-mini-2-800x450.jpg 800w, https:\/\/dev.cannabinno.swiss\/wp-content\/uploads\/2021\/09\/dryex-mini-2-1200x675.jpg 1200w, https:\/\/dev.cannabinno.swiss\/wp-content\/uploads\/2021\/09\/dryex-mini-2.jpg 1920w\" sizes=\"(max-width: 1024px) 100vw, (max-width: 640px) 100vw, 800px\" \/><\/span><\/li><li class=\"image\"><span class=\"fusion-image-hover-element hover-type-zoomin\"><img src=\"https:\/\/dev.cannabinno.swiss\/wp-content\/uploads\/2021\/09\/dryex-mini-1.jpg\" alt=\"dryex mini\" width=\"1920\" height=\"1080\" class=\"wp-image-6319\" srcset=\"https:\/\/dev.cannabinno.swiss\/wp-content\/uploads\/2021\/09\/dryex-mini-1-200x113.jpg 200w, https:\/\/dev.cannabinno.swiss\/wp-content\/uploads\/2021\/09\/dryex-mini-1-400x225.jpg 400w, https:\/\/dev.cannabinno.swiss\/wp-content\/uploads\/2021\/09\/dryex-mini-1-600x338.jpg 600w, https:\/\/dev.cannabinno.swiss\/wp-content\/uploads\/2021\/09\/dryex-mini-1-800x450.jpg 800w, https:\/\/dev.cannabinno.swiss\/wp-content\/uploads\/2021\/09\/dryex-mini-1-1200x675.jpg 1200w, https:\/\/dev.cannabinno.swiss\/wp-content\/uploads\/2021\/09\/dryex-mini-1.jpg 1920w\" sizes=\"(max-width: 1024px) 100vw, (max-width: 640px) 100vw, 800px\" \/><\/span><\/li><li class=\"image\"><span class=\"fusion-image-hover-element hover-type-zoomin\"><img src=\"https:\/\/dev.cannabinno.swiss\/wp-content\/uploads\/2021\/09\/dryex-mini-4.jpg\" alt=\"dryex mini\" width=\"1920\" height=\"1080\" class=\"wp-image-6334\" srcset=\"https:\/\/dev.cannabinno.swiss\/wp-content\/uploads\/2021\/09\/dryex-mini-4-200x113.jpg 200w, https:\/\/dev.cannabinno.swiss\/wp-content\/uploads\/2021\/09\/dryex-mini-4-400x225.jpg 400w, https:\/\/dev.cannabinno.swiss\/wp-content\/uploads\/2021\/09\/dryex-mini-4-600x338.jpg 600w, https:\/\/dev.cannabinno.swiss\/wp-content\/uploads\/2021\/09\/dryex-mini-4-800x450.jpg 800w, https:\/\/dev.cannabinno.swiss\/wp-content\/uploads\/2021\/09\/dryex-mini-4-1200x675.jpg 1200w, https:\/\/dev.cannabinno.swiss\/wp-content\/uploads\/2021\/09\/dryex-mini-4.jpg 1920w\" sizes=\"(max-width: 1024px) 100vw, (max-width: 640px) 100vw, 800px\" \/><\/span><\/li><\/ul><\/div><\/div><\/div><\/div><div class=\"fusion-layout-column fusion_builder_column fusion-builder-column-2 fusion_builder_column_1_3 1_3 fusion-flex-column\" style=\"--awb-bg-size:cover;--awb-width-large:33.333333333333%;--awb-margin-top-large:0px;--awb-spacing-right-large:5.76%;--awb-margin-bottom-large:20px;--awb-spacing-left-large:5.76%;--awb-width-medium:100%;--awb-order-medium:0;--awb-spacing-right-medium:1.92%;--awb-spacing-left-medium:1.92%;--awb-width-small:100%;--awb-order-small:0;--awb-spacing-right-small:1.92%;--awb-spacing-left-small:1.92%;\"><div class=\"fusion-column-wrapper fusion-column-has-shadow fusion-flex-justify-content-flex-start fusion-content-layout-column\"><div class=\"fusion-text fusion-text-2\"><h3>Specifiche tecniche<\/h3>\n<dl style=\"font-size: 0.9rem;\">\n<dt>Dimensioni<\/dt>\n<dd>L 62 cm x L 148 cm x H 83cm<\/dd>\n<dt>Peso<\/dt>\n<dd>60 kg<\/dd>\n<dt>Portata<\/dt>\n<dd>6kg \/ riempimento (a secco)<\/dd>\n<dt>Alimentazione elettrica<\/dt>\n<dd>230V \/ 6A<\/dd>\n<dt>Certificazione<\/dt>\n<dd>Certificato CE secondo linee guida della macchina<\/dd>\n<\/dl>\n<\/div><div style=\"text-align:center;\"><a class=\"fusion-button button-flat button-medium button-default fusion-button-default button-1 fusion-button-span-yes fusion-button-default-type\" style=\"--button_text_transform:uppercase;\" target=\"_self\" href=\"https:\/\/dev.cannabinno.swiss\/it\/contatti\/\"><span class=\"fusion-button-text\">Richiedi un preventivo<\/span><\/a><\/div><\/div><\/div><div class=\"fusion-layout-column fusion_builder_column fusion-builder-column-3 fusion_builder_column_1_1 1_1 fusion-flex-column\" style=\"--awb-bg-size:cover;--awb-width-large:100%;--awb-margin-top-large:0px;--awb-spacing-right-large:1.92%;--awb-margin-bottom-large:20px;--awb-spacing-left-large:1.92%;--awb-width-medium:100%;--awb-order-medium:0;--awb-spacing-right-medium:1.92%;--awb-spacing-left-medium:1.92%;--awb-width-small:100%;--awb-order-small:0;--awb-spacing-right-small:1.92%;--awb-spacing-left-small:1.92%;\"><div class=\"fusion-column-wrapper fusion-column-has-shadow fusion-flex-justify-content-flex-start fusion-content-layout-column\"><div class=\"fusion-text fusion-text-3\"><p><strong>Il DryEx Mini cannabinno \u00e8 la versione pi\u00f9 piccola della famiglia DryEx cannabinno.<\/strong> Questo prodotto convince con le sue diverse possibilit\u00e0 di applicazione. Puoi sia trimmare a secco che setacciare. Gli inserti del setaccio possono essere ordinati in diverse dimensioni, da 150 mesh a 80 mesh gli inserti sono realizzati in acciaio cromato.<\/p>\n<p>DryEx Mini \u00e8 particolarmente adatto per la potatura a secco di fiori pi\u00f9 grandi e pi\u00f9 lunghi, che possono essere danneggiati in un tamburo rotondo. Con la possibilit\u00e0 di setacciare, puoi rimuovere la fastidiosa polvere dai fiori e dalle foglie pi\u00f9 piccoli dopo che sono stati tagliati a secco e quindi avere una resa maggiore rispetto a quando hai semplicemente smaltito i ritagli.<\/p>\n<p>Le pareti laterali del DryEx Mini sono isolate con canapa. L&#8217;aggiunta di ghiaccio secco garantisce che tutta la polvere venga sciolta dai resti dei fiori durante la setacciatura. La macchina deve essere pulita solo con un compressore e aria compressa, poich\u00e9 l&#8217;isolamento potrebbe reagire all&#8217;umidit\u00e0.<\/p>\n<\/div><div class=\"fusion-text fusion-text-4\"><h3>Caratteristiche<\/h3>\n<ul>\n<li>Tutte le parti a contatto con il prodotto sono in acciaio cromato<\/li>\n<li>Isolamento con canapa<\/li>\n<li>Nessuna emissione di rumore<\/li>\n<li>Inserti intercambiabili (rifilatura, estrazione, asciugatura)<\/li>\n<li>Svuotamento rapido<\/li>\n<\/ul>\n<\/div><\/div><\/div><\/div><\/div>\n","protected":false},"excerpt":{"rendered":"","protected":false},"author":2,"featured_media":0,"parent":2811,"menu_order":41,"comment_status":"closed","ping_status":"closed","template":"","meta":{"inline_featured_image":false},"yoast_head":"<!-- This site is optimized with the Yoast SEO plugin v19.13 - https:\/\/yoast.com\/wordpress\/plugins\/seo\/ -->\n<title>DryEx Mini - Cannabinno<\/title>\n<meta name=\"robots\" content=\"noindex, follow, max-snippet:-1, max-image-preview:large, max-video-preview:-1\" \/>\n<meta property=\"og:locale\" content=\"it_IT\" \/>\n<meta property=\"og:type\" content=\"article\" \/>\n<meta property=\"og:title\" content=\"DryEx Mini - Cannabinno\" \/>\n<meta property=\"og:url\" content=\"https:\/\/dev.cannabinno.swiss\/it\/prodotti\/dryex-mini\/\" \/>\n<meta property=\"og:site_name\" content=\"Cannabinno\" \/>\n<meta property=\"article:modified_time\" content=\"2021-11-16T14:36:35+00:00\" \/>\n<meta property=\"og:image\" content=\"https:\/\/dev.cannabinno.swiss\/wp-content\/uploads\/2021\/06\/dryex-mini-og.jpg\" \/>\n<meta name=\"twitter:card\" content=\"summary_large_image\" \/>\n<meta name=\"twitter:image\" content=\"https:\/\/dev.cannabinno.swiss\/wp-content\/uploads\/2021\/06\/dryex-mini-og.jpg\" \/>\n<meta name=\"twitter:label1\" content=\"Tempo di lettura stimato\" \/>\n\t<meta name=\"twitter:data1\" content=\"9 minuti\" \/>\n<script type=\"application\/ld+json\" class=\"yoast-schema-graph\">{\"@context\":\"https:\/\/schema.org\",\"@graph\":[{\"@type\":\"WebPage\",\"@id\":\"https:\/\/dev.cannabinno.swiss\/it\/prodotti\/dryex-mini\/\",\"url\":\"https:\/\/dev.cannabinno.swiss\/it\/prodotti\/dryex-mini\/\",\"name\":\"DryEx Mini - Cannabinno\",\"isPartOf\":{\"@id\":\"https:\/\/dev.cannabinno.swiss\/#website\"},\"datePublished\":\"2021-09-08T09:19:37+00:00\",\"dateModified\":\"2021-11-16T14:36:35+00:00\",\"breadcrumb\":{\"@id\":\"https:\/\/dev.cannabinno.swiss\/it\/prodotti\/dryex-mini\/#breadcrumb\"},\"inLanguage\":\"it-IT\",\"potentialAction\":[{\"@type\":\"ReadAction\",\"target\":[\"https:\/\/dev.cannabinno.swiss\/it\/prodotti\/dryex-mini\/\"]}]},{\"@type\":\"BreadcrumbList\",\"@id\":\"https:\/\/dev.cannabinno.swiss\/it\/prodotti\/dryex-mini\/#breadcrumb\",\"itemListElement\":[{\"@type\":\"ListItem\",\"position\":1,\"name\":\"Startseite\",\"item\":\"https:\/\/dev.cannabinno.swiss\/it\/\"},{\"@type\":\"ListItem\",\"position\":2,\"name\":\"Prodotti\",\"item\":\"https:\/\/dev.cannabinno.swiss\/it\/prodotti\/\"},{\"@type\":\"ListItem\",\"position\":3,\"name\":\"DryEx Mini\"}]},{\"@type\":\"WebSite\",\"@id\":\"https:\/\/dev.cannabinno.swiss\/#website\",\"url\":\"https:\/\/dev.cannabinno.swiss\/\",\"name\":\"Cannabinno\",\"description\":\"swissmade quality machines.\",\"potentialAction\":[{\"@type\":\"SearchAction\",\"target\":{\"@type\":\"EntryPoint\",\"urlTemplate\":\"https:\/\/dev.cannabinno.swiss\/?s={search_term_string}\"},\"query-input\":\"required name=search_term_string\"}],\"inLanguage\":\"it-IT\"}]}<\/script>\n<!-- \/ Yoast SEO plugin. -->","yoast_head_json":{"title":"DryEx Mini - Cannabinno","robots":{"index":"noindex","follow":"follow","max-snippet":"max-snippet:-1","max-image-preview":"max-image-preview:large","max-video-preview":"max-video-preview:-1"},"og_locale":"it_IT","og_type":"article","og_title":"DryEx Mini - Cannabinno","og_url":"https:\/\/dev.cannabinno.swiss\/it\/prodotti\/dryex-mini\/","og_site_name":"Cannabinno","article_modified_time":"2021-11-16T14:36:35+00:00","og_image":[{"url":"https:\/\/dev.cannabinno.swiss\/wp-content\/uploads\/2021\/06\/dryex-mini-og.jpg"}],"twitter_card":"summary_large_image","twitter_image":"https:\/\/dev.cannabinno.swiss\/wp-content\/uploads\/2021\/06\/dryex-mini-og.jpg","twitter_misc":{"Tempo di lettura stimato":"9 minuti"},"schema":{"@context":"https:\/\/schema.org","@graph":[{"@type":"WebPage","@id":"https:\/\/dev.cannabinno.swiss\/it\/prodotti\/dryex-mini\/","url":"https:\/\/dev.cannabinno.swiss\/it\/prodotti\/dryex-mini\/","name":"DryEx Mini - Cannabinno","isPartOf":{"@id":"https:\/\/dev.cannabinno.swiss\/#website"},"datePublished":"2021-09-08T09:19:37+00:00","dateModified":"2021-11-16T14:36:35+00:00","breadcrumb":{"@id":"https:\/\/dev.cannabinno.swiss\/it\/prodotti\/dryex-mini\/#breadcrumb"},"inLanguage":"it-IT","potentialAction":[{"@type":"ReadAction","target":["https:\/\/dev.cannabinno.swiss\/it\/prodotti\/dryex-mini\/"]}]},{"@type":"BreadcrumbList","@id":"https:\/\/dev.cannabinno.swiss\/it\/prodotti\/dryex-mini\/#breadcrumb","itemListElement":[{"@type":"ListItem","position":1,"name":"Startseite","item":"https:\/\/dev.cannabinno.swiss\/it\/"},{"@type":"ListItem","position":2,"name":"Prodotti","item":"https:\/\/dev.cannabinno.swiss\/it\/prodotti\/"},{"@type":"ListItem","position":3,"name":"DryEx Mini"}]},{"@type":"WebSite","@id":"https:\/\/dev.cannabinno.swiss\/#website","url":"https:\/\/dev.cannabinno.swiss\/","name":"Cannabinno","description":"swissmade quality machines.","potentialAction":[{"@type":"SearchAction","target":{"@type":"EntryPoint","urlTemplate":"https:\/\/dev.cannabinno.swiss\/?s={search_term_string}"},"query-input":"required name=search_term_string"}],"inLanguage":"it-IT"}]}},"_links":{"self":[{"href":"https:\/\/dev.cannabinno.swiss\/it\/wp-json\/wp\/v2\/pages\/5002"}],"collection":[{"href":"https:\/\/dev.cannabinno.swiss\/it\/wp-json\/wp\/v2\/pages"}],"about":[{"href":"https:\/\/dev.cannabinno.swiss\/it\/wp-json\/wp\/v2\/types\/page"}],"author":[{"embeddable":true,"href":"https:\/\/dev.cannabinno.swiss\/it\/wp-json\/wp\/v2\/users\/2"}],"replies":[{"embeddable":true,"href":"https:\/\/dev.cannabinno.swiss\/it\/wp-json\/wp\/v2\/comments?post=5002"}],"version-history":[{"count":8,"href":"https:\/\/dev.cannabinno.swiss\/it\/wp-json\/wp\/v2\/pages\/5002\/revisions"}],"predecessor-version":[{"id":6688,"href":"https:\/\/dev.cannabinno.swiss\/it\/wp-json\/wp\/v2\/pages\/5002\/revisions\/6688"}],"up":[{"embeddable":true,"href":"https:\/\/dev.cannabinno.swiss\/it\/wp-json\/wp\/v2\/pages\/2811"}],"wp:attachment":[{"href":"https:\/\/dev.cannabinno.swiss\/it\/wp-json\/wp\/v2\/media?parent=5002"}],"curies":[{"name":"wp","href":"https:\/\/api.w.org\/{rel}","templated":true}]}}