{"id":3779,"date":"2020-07-15T12:55:53","date_gmt":"2020-07-15T10:55:53","guid":{"rendered":"https:\/\/dev.cannabinno.swiss\/protezione-dati\/"},"modified":"2020-07-15T12:55:57","modified_gmt":"2020-07-15T10:55:57","slug":"protezione-dati","status":"publish","type":"page","link":"https:\/\/dev.cannabinno.swiss\/it\/protezione-dati\/","title":{"rendered":"Protezione dati"},"content":{"rendered":"<div class=\"fusion-fullwidth fullwidth-box fusion-builder-row-1 nonhundred-percent-fullwidth non-hundred-percent-height-scrolling\" style=\"--awb-border-radius-top-left:0px;--awb-border-radius-top-right:0px;--awb-border-radius-bottom-right:0px;--awb-border-radius-bottom-left:0px;\" ><div class=\"fusion-builder-row fusion-row\"><div class=\"fusion-layout-column fusion_builder_column fusion-builder-column-0 fusion_builder_column_1_1 1_1 fusion-one-full fusion-column-first fusion-column-last\" style=\"--awb-bg-size:cover;--awb-margin-bottom:0px;\"><div class=\"fusion-column-wrapper fusion-flex-column-wrapper-legacy\"><div class=\"fusion-title title fusion-title-1 fusion-sep-none fusion-title-text fusion-title-size-one\"><h1 class=\"title-heading-left\" style=\"margin:0;\"><h1>Protezione dati<\/h1><\/h1><\/div><div class=\"fusion-text fusion-text-1\"><p>Il sito web Cannabinno \u00e8 soggetto <strong>alla legge svizzera relativa alla protezione dei dati<\/strong>, in particolare in conformit\u00e0 con la legge federale sulla protezione dei dati (DSG), nonch\u00e9 a qualsiasi legge straniera applicabile, come il regolamento generale sulla protezione dei dati (GDPR) dell&#8217;Unione europea (UE). L&#8217;UE riconosce che la legge svizzera sulla protezione dei dati garantisce un&#8217;adeguata tutela a tal proposito.<\/p>\n<p>Il nostro sito web \u00e8 accessibile tramite <strong>crittografia di trasporto <\/strong>(SSL\/TLS).<\/p>\n<p>L&#8217;accesso al nostro sito web &#8211; come qualsiasi altro utilizzo di Internet &#8211; \u00e8 soggetto a sorveglianza di massa generale, indiscriminata, senza distinzioni e priva di sospetti da parte delle autorit\u00e0 di sicurezza in Svizzera, UE, USA e altri paesi. Non abbiamo alcuna influenza diretta sul corrispondente trattamento di dati personali da parte di servizi segreti, forze dell\u2019ordine e altre autorit\u00e0 di sicurezza.<\/p>\n<h3>Valutazione statistica<\/h3>\n<p>Questo sito web utilizza Google Analytics, un servizio di analisi web fornito da Google Inc. (\u201cGoogle\u201d) per l&#8217;analisi statistica dell&#8217;uso e della portata del nostro sito web&nbsp;<em><strong>senza <\/strong><\/em><strong>&nbsp;riferimento personale<\/strong>. Google Analytics utilizza i cosiddetti \u201ccookie\u201d, file di testo che vengono memorizzati sul vostro computer e che consentono un&#8217;analisi dell\u2019utilizzo del sito web da parte vostra. Le informazioni generate dal cookie sull&#8217;utilizzo del presente sito web vengono generalmente trasferite e archiviate su un server di Google negli Stati Uniti. Attivando l&#8217;anonimizzazione IP su questo sito web, il vostro indirizzo IP verr\u00e0 preventivamente abbreviato da Google all&#8217;interno degli Stati membri dell&#8217;Unione Europea o in altri stati contraenti dell&#8217;Accordo sullo Spazio economico europeo.<\/p>\n<p>Per conto dell&#8217;operatore del presente sito web, Google utilizzer\u00e0 queste informazioni per valutare il relativo utilizzo, compilare report sull&#8217;attivit\u00e0 del sito web e fornire all&#8217;operatore del sito web altri servizi in merito all&#8217;uso di esso e di Internet. L&#8217;indirizzo IP trasmesso dal vostro browser come parte di Google Analytics non verr\u00e0 unito ad altri dati di Google. \u00c8 possibile impedire la memorizzazione dei cookie tramite l\u2019adeguata impostazione del software del browser; tuttavia, vorremmo sottolineare che in questo caso potreste non essere in grado di utilizzare pienamente tutte le funzioni del presente sito web. Potete anche impedire a Google di raccogliere e di trattare i dati generati dal cookie, relativi all\u2019utilizzo del sito web da parte vostra (incluso il vostro indirizzo IP), scaricando e installando il plug-in del browser disponibile al seguente link. L\u2019attuale link \u00e8 <a href=\"http:\/\/tools.google.com\/dlpage\/gaoptout?hl=de\">http:\/\/tools.google.com\/dlpage\/gaoptout?hl=de<\/a><\/p>\n<h3>Servizi di terzi<\/h3>\n<p>Ospitiamo il nostro sito web presso&nbsp;Cyon&nbsp;a Basilea in Svizzera. In Cyon, vengono creati &nbsp;i file di registro del server web standard&nbsp;per ogni accesso a esso con le seguenti informazioni: Indirizzo IP, data e ora inclusi fuso orario, richiesta del browser con l&#8217;origine della richiesta (referrer), sistema operativo utilizzato compresa l&#8217;interfaccia utente e la versione, browser usato inclusi lingua e versione, quantit\u00e0 di dati trasferiti. I file di registro vengono utilizzati per individuare problemi tecnici e per garantire la sicurezza e valutare statisticamente l&#8217;uso del nostro sito web mediante il software open source gratuito&nbsp;<a href=\"https:\/\/de.wikipedia.org\/wiki\/AWStats\" data-ss1538748386=\"1\">AWStats<\/a>, impiegato da Cyon.<\/p>\n<p>Noi utilizziamo&nbsp;<a href=\"https:\/\/www.google.ch\/maps\" data-ss1538748386=\"1\">Google Maps<\/a>&nbsp;per inserire le&nbsp;mappe,&nbsp;<a href=\"https:\/\/www.google.com\/recaptcha\/intro\/invisible.html\" data-ss1538748386=\"1\">Google Invisible reCAPTCHA<\/a>&nbsp;per proteggere&nbsp;da bots e spam&nbsp;come anche&nbsp;<a href=\"https:\/\/www.youtube.com\/\" data-ss1538748386=\"1\">YouTube<\/a>&nbsp;per l\u2019inserimento di&nbsp;video. Questi servizi dell&#8217;American Google LLC utilizzano, tra le altre cose, i cookie e i dati vengono trasmessi a Google negli Stati Uniti, per cui deduciamo che in questo ambito non avvenga alcun tracciamento personale, utilizzando soltanto il nostro sito web. Google si impegna a garantire un&#8217;adeguata protezione dei dati in conformit\u00e0 con lo scudo per la privacy americano-europeo e americano-svizzero&nbsp;<a href=\"https:\/\/www.privacyshield.gov\/participant?id=a2zt000000001L5AAI\" data-ss1538748386=\"1\"><\/a>&nbsp;. Ulteriori informazioni sono disponibili &nbsp;<a href=\"https:\/\/policies.google.com\/privacy?hl=de\/\" data-ss1538748386=\"1\">nell&#8217;informativa sulla privacy<\/a>&nbsp;di Google.<\/p>\n<p>I font sono inseriti mediante Google e Typekit.<\/p>\n<h3>Trattamento dei dati personali<\/h3>\n<p>I dati personali sono tutte le informazioni relative a una persona specifica o identificabile. Un soggetto interessato \u00e8 una persona i cui dati personali sono sottoposti a trattamento. Il trattamento comprende la gestione completa dei dati personali, indipendentemente dai mezzi e dalle procedure utilizzati, in particolare l&#8217;archiviazione, la divulgazione, la raccolta, la cancellazione, la memorizzazione, la modifica, la distruzione e l&#8217;uso dei dati personali.<\/p>\n<p>Elaboriamo i dati personali in conformit\u00e0 con la legge svizzera relativa alla protezione dei dati. Inoltre, trattiamo &#8211; se e nella misura in cui \u00e8 applicabile il GDPR &#8211; dati personali secondo almeno una delle seguenti basi giuridiche:<\/p>\n<p>Art. 6 paragrafo 1 lett. f ) GDPR per il necessario trattamento dei dati personali al fine di salvaguardare i nostri interessi legittimi o di terzi, a condizione che non prevalgano le libert\u00e0 fondamentali e i diritti fondamentali nonch\u00e9 gli interessi dell&#8217;interessato. I legittimi interessi sono in particolare quelli commerciali relativi alla possibilit\u00e0 di mettere a disposizione il nostro sito web, rendere sicure le informazioni, far valere i propri diritti e osservare la legge svizzera.<\/p>\n<p>Art. 6 paragrafo 1 lett. f ) GDPR per il necessario trattamento dei dati personali al fine di adempiere a un contratto con l&#8217;interessato e attuare le misure precontrattuali corrispondenti.<\/p>\n<p>Art. 6 paragrafo 1 lett. f ) GDPR per il necessario trattamento dei dati personali al fine di adempiere a un obbligo legale al quale siamo soggetti in conformit\u00e0 di qualsiasi legge applicabile dell&#8217;UE o in base a qualsiasi legge applicabile di un paese in cui il GDPR \u00e8 pienamente o parzialmente applicabile.<\/p>\n<p>Art. 6 paragrafo 1 lett. f ) GDPR per il trattamento di dati personali con il consenso dell&#8217;interessato.<\/p>\n<p>Art. 6 paragrafo 1 lett. f ) GDPR per il trattamento necessario dei dati personali al fine di proteggere i relativi interessi vitali o quelli di un&#8217;altra persona fisica.<\/p>\n<p>Elaboriamo i dati personali per la durata necessaria a favore dei rispettivi utilizzi o finalit\u00e0. In caso di obblighi di conservazione a lungo termine sulla base di doveri legali e di altra natura a cui siamo soggetti, adeguiamo di conseguenza il trattamento.<\/p>\n<h3>Commenti e moduli<\/h3>\n<p>Sul nostro sito web potete lasciare commenti, compilare moduli di contatto e iscrivervi alle newsletter. Perci\u00f2 utilizziamo anche i cookie. Salviamo le informazioni registrate da visitatrici e visitatori del nostro sito web. Inoltre, possiamo salvare l&#8217;indirizzo IP, l&#8217;ora e la data per la lotta all&#8217;uso improprio, in particolare il furto di identit\u00e0 e lo spam.<\/p>\n<h3>Newsletter<\/h3>\n<p>Per inviare la newsletter, utilizziamo un&#8217;istanza self-hosted di Mautic, una soluzione open source per l&#8217;automazione del marketing. Gli stessi punti si applicano agli aspetti tecnici relativi alla protezione dei dati come al sito web in generale.<\/p>\n<p>A ogni singola e-mail \u00e8 possibile annullare l&#8217;iscrizione alla newsletter. Le newsletter possono contenere grafica e\/o link che registrano personalmente, se e quando una singola newsletter \u00e8 stata aperta in un&#8217;applicazione e-mail e quali link sono stati cliccati. Tale grafica e\/o link registrano l&#8217;uso di newsletter per garantire la qualit\u00e0 e consentire di apportare miglioramenti a essa.<\/p>\n<h3>Account utente<\/h3>\n<p>Se avete creato un account utente durante l&#8217;utilizzo di questo sito web e lo utilizzate, viene impostato un cookie temporaneo che verifica se il browser accetta i cookie. Non contiene dati personali.<\/p>\n<p>Quando si accede, vengono creati alcuni cookie per salvare le informazioni di accesso. Scadono automaticamente.<\/p>\n<h3>Diritti dei soggetti interessati<\/h3>\n<p>Le visitatrici e i visitatori del nostro sito web e altre persone di cui trattiamo i dati personali possono, a titolo gratuito, avere conferma se i dati personali vengono elaborati da parte nostra e, in tal caso, richiedere informazioni sul relativo trattamento, limitarlo, esercitare il proprio diritto alla portabilit\u00e0 dei dati &#8211; se e nella misura in cui \u00e8 applicabile il GDPR &#8211; rettificare, cancellare (&#8220;diritto all&#8217;oblio&#8221;) o bloccare i dati personali, revocare il consenso rilasciato e fare opposizione al trattamento dei dati personali.<\/p>\n<p>Le persone di cui trattiamo i dati personali hanno il diritto di presentare un ricorso a un&#8217;autorit\u00e0 di vigilanza per la protezione dei dati competente. L&#8217;autorit\u00e0 di vigilanza per la protezione dei dati in Svizzera \u00e8 l&#8217;Incaricato federale della protezione dei dati e della trasparenza (IFPDT).<\/p>\n<h3>Recapiti<\/h3>\n<p>Le richieste delle autorit\u00e0 di regolamentazione e degli interessati ci pervengono solitamente via e-mail, ma \u00e8 possibile anche tramite posta:<\/p>\n<p>Adec Solutions GmbH<br \/>\nIndustriestrasse 23<br \/>\nCH-9320 Arbon<\/p>\n<p><a href=\"&#x6d;&#97;i&#x6c;&#116;o&#x3a;&#x69;&#110;&#x66;&#x6f;&#64;c&#x61;&#110;n&#x61;&#x62;&#105;&#x6e;&#x6e;&#111;&#46;&#x73;&#119;i&#x73;&#x73;\">&#x69;&#x6e;&#x66;&#111;&#64;ca&#x6e;&#x6e;&#x61;&#x62;&#105;&#110;no&#x2e;&#x73;&#x77;&#105;&#115;&#115;<\/a><\/p>\n<p>Il referente per le questioni relative alla protezione dei dati di Adec Solutions GmbH \u00e8 Daniel Aerne.<\/p>\n<\/div><div class=\"fusion-clearfix\"><\/div><\/div><\/div><\/div><\/div>\n","protected":false},"excerpt":{"rendered":"","protected":false},"author":1,"featured_media":0,"parent":0,"menu_order":99,"comment_status":"closed","ping_status":"open","template":"","meta":{"inline_featured_image":false},"yoast_head":"<!-- This site is optimized with the Yoast SEO plugin v19.13 - https:\/\/yoast.com\/wordpress\/plugins\/seo\/ -->\n<title>Protezione dati - Cannabinno<\/title>\n<meta name=\"robots\" content=\"noindex, follow, max-snippet:-1, max-image-preview:large, max-video-preview:-1\" \/>\n<meta property=\"og:locale\" content=\"it_IT\" \/>\n<meta property=\"og:type\" content=\"article\" \/>\n<meta property=\"og:title\" content=\"Protezione dati - Cannabinno\" \/>\n<meta property=\"og:url\" content=\"https:\/\/dev.cannabinno.swiss\/it\/protezione-dati\/\" \/>\n<meta property=\"og:site_name\" content=\"Cannabinno\" \/>\n<meta property=\"article:modified_time\" content=\"2020-07-15T10:55:57+00:00\" \/>\n<meta name=\"twitter:card\" content=\"summary_large_image\" \/>\n<meta name=\"twitter:label1\" content=\"Tempo di lettura stimato\" \/>\n\t<meta name=\"twitter:data1\" content=\"9 minuti\" \/>\n<script type=\"application\/ld+json\" class=\"yoast-schema-graph\">{\"@context\":\"https:\/\/schema.org\",\"@graph\":[{\"@type\":\"WebPage\",\"@id\":\"https:\/\/dev.cannabinno.swiss\/it\/protezione-dati\/\",\"url\":\"https:\/\/dev.cannabinno.swiss\/it\/protezione-dati\/\",\"name\":\"Protezione dati - Cannabinno\",\"isPartOf\":{\"@id\":\"https:\/\/dev.cannabinno.swiss\/#website\"},\"datePublished\":\"2020-07-15T10:55:53+00:00\",\"dateModified\":\"2020-07-15T10:55:57+00:00\",\"breadcrumb\":{\"@id\":\"https:\/\/dev.cannabinno.swiss\/it\/protezione-dati\/#breadcrumb\"},\"inLanguage\":\"it-IT\",\"potentialAction\":[{\"@type\":\"ReadAction\",\"target\":[\"https:\/\/dev.cannabinno.swiss\/it\/protezione-dati\/\"]}]},{\"@type\":\"BreadcrumbList\",\"@id\":\"https:\/\/dev.cannabinno.swiss\/it\/protezione-dati\/#breadcrumb\",\"itemListElement\":[{\"@type\":\"ListItem\",\"position\":1,\"name\":\"Startseite\",\"item\":\"https:\/\/dev.cannabinno.swiss\/it\/\"},{\"@type\":\"ListItem\",\"position\":2,\"name\":\"Protezione dati\"}]},{\"@type\":\"WebSite\",\"@id\":\"https:\/\/dev.cannabinno.swiss\/#website\",\"url\":\"https:\/\/dev.cannabinno.swiss\/\",\"name\":\"Cannabinno\",\"description\":\"swissmade quality machines.\",\"potentialAction\":[{\"@type\":\"SearchAction\",\"target\":{\"@type\":\"EntryPoint\",\"urlTemplate\":\"https:\/\/dev.cannabinno.swiss\/?s={search_term_string}\"},\"query-input\":\"required name=search_term_string\"}],\"inLanguage\":\"it-IT\"}]}<\/script>\n<!-- \/ Yoast SEO plugin. -->","yoast_head_json":{"title":"Protezione dati - Cannabinno","robots":{"index":"noindex","follow":"follow","max-snippet":"max-snippet:-1","max-image-preview":"max-image-preview:large","max-video-preview":"max-video-preview:-1"},"og_locale":"it_IT","og_type":"article","og_title":"Protezione dati - Cannabinno","og_url":"https:\/\/dev.cannabinno.swiss\/it\/protezione-dati\/","og_site_name":"Cannabinno","article_modified_time":"2020-07-15T10:55:57+00:00","twitter_card":"summary_large_image","twitter_misc":{"Tempo di lettura stimato":"9 minuti"},"schema":{"@context":"https:\/\/schema.org","@graph":[{"@type":"WebPage","@id":"https:\/\/dev.cannabinno.swiss\/it\/protezione-dati\/","url":"https:\/\/dev.cannabinno.swiss\/it\/protezione-dati\/","name":"Protezione dati - Cannabinno","isPartOf":{"@id":"https:\/\/dev.cannabinno.swiss\/#website"},"datePublished":"2020-07-15T10:55:53+00:00","dateModified":"2020-07-15T10:55:57+00:00","breadcrumb":{"@id":"https:\/\/dev.cannabinno.swiss\/it\/protezione-dati\/#breadcrumb"},"inLanguage":"it-IT","potentialAction":[{"@type":"ReadAction","target":["https:\/\/dev.cannabinno.swiss\/it\/protezione-dati\/"]}]},{"@type":"BreadcrumbList","@id":"https:\/\/dev.cannabinno.swiss\/it\/protezione-dati\/#breadcrumb","itemListElement":[{"@type":"ListItem","position":1,"name":"Startseite","item":"https:\/\/dev.cannabinno.swiss\/it\/"},{"@type":"ListItem","position":2,"name":"Protezione dati"}]},{"@type":"WebSite","@id":"https:\/\/dev.cannabinno.swiss\/#website","url":"https:\/\/dev.cannabinno.swiss\/","name":"Cannabinno","description":"swissmade quality machines.","potentialAction":[{"@type":"SearchAction","target":{"@type":"EntryPoint","urlTemplate":"https:\/\/dev.cannabinno.swiss\/?s={search_term_string}"},"query-input":"required name=search_term_string"}],"inLanguage":"it-IT"}]}},"_links":{"self":[{"href":"https:\/\/dev.cannabinno.swiss\/it\/wp-json\/wp\/v2\/pages\/3779"}],"collection":[{"href":"https:\/\/dev.cannabinno.swiss\/it\/wp-json\/wp\/v2\/pages"}],"about":[{"href":"https:\/\/dev.cannabinno.swiss\/it\/wp-json\/wp\/v2\/types\/page"}],"author":[{"embeddable":true,"href":"https:\/\/dev.cannabinno.swiss\/it\/wp-json\/wp\/v2\/users\/1"}],"replies":[{"embeddable":true,"href":"https:\/\/dev.cannabinno.swiss\/it\/wp-json\/wp\/v2\/comments?post=3779"}],"version-history":[{"count":0,"href":"https:\/\/dev.cannabinno.swiss\/it\/wp-json\/wp\/v2\/pages\/3779\/revisions"}],"wp:attachment":[{"href":"https:\/\/dev.cannabinno.swiss\/it\/wp-json\/wp\/v2\/media?parent=3779"}],"curies":[{"name":"wp","href":"https:\/\/api.w.org\/{rel}","templated":true}]}}