{"id":3700,"date":"2020-07-15T11:03:48","date_gmt":"2020-07-15T09:03:48","guid":{"rendered":"https:\/\/dev.cannabinno.swiss\/prodotti\/trimmer-cannabinno\/trimmer-maxi-cannabinno\/"},"modified":"2021-09-29T14:08:04","modified_gmt":"2021-09-29T12:08:04","slug":"trimmer-maxi-cannabinno","status":"publish","type":"page","link":"https:\/\/dev.cannabinno.swiss\/it\/prodotti\/trimmer-maxi-cannabinno\/","title":{"rendered":"Trimmer Maxi"},"content":{"rendered":"<p><div class=\"fusion-fullwidth fullwidth-box fusion-builder-row-1 nonhundred-percent-fullwidth non-hundred-percent-height-scrolling\" style=\"--awb-border-radius-top-left:0px;--awb-border-radius-top-right:0px;--awb-border-radius-bottom-right:0px;--awb-border-radius-bottom-left:0px;\" ><div class=\"fusion-builder-row fusion-row\"><div class=\"fusion-layout-column fusion_builder_column fusion-builder-column-0 fusion_builder_column_1_1 1_1 fusion-one-full fusion-column-first fusion-column-last\" style=\"--awb-bg-size:cover;\"><div class=\"fusion-column-wrapper fusion-column-has-shadow fusion-flex-column-wrapper-legacy\"><div class=\"fusion-text fusion-text-1\"><h1>cannabinno Trimmer Maxi<\/h1>\n<h6>lavorazione industriale resa semplice<\/h6>\n<\/div><div class=\"fusion-clearfix\"><\/div><\/div><\/div><div class=\"fusion-layout-column fusion_builder_column fusion-builder-column-1 fusion_builder_column_2_3 2_3 fusion-two-third fusion-column-first\" style=\"--awb-bg-size:cover;width:66.666666666667%;width:calc(66.666666666667% - ( ( 4% ) * 0.66666666666667 ) );margin-right: 4%;\"><div class=\"fusion-column-wrapper fusion-column-has-shadow fusion-flex-column-wrapper-legacy\"><div class=\"fusion-slider-sc fusion-flexslider-loading flexslider flexslider-hover-type-zoomin\" data-slideshow_autoplay=\"1\" data-slideshow_smooth_height=\"0\" data-slideshow_speed=\"7000\" style=\"max-width:100%;height:100%;\"><ul class=\"slides\"><li class=\"image\"><span class=\"fusion-image-hover-element hover-type-zoomin\"><img src=\"https:\/\/dev.cannabinno.swiss\/wp-content\/uploads\/2020\/05\/trimmer_maxi_front.jpg\" width=\"1920\" height=\"1080\" class=\"wp-image-2469\" srcset=\"https:\/\/dev.cannabinno.swiss\/wp-content\/uploads\/2020\/05\/trimmer_maxi_front-200x113.jpg 200w, https:\/\/dev.cannabinno.swiss\/wp-content\/uploads\/2020\/05\/trimmer_maxi_front-400x225.jpg 400w, https:\/\/dev.cannabinno.swiss\/wp-content\/uploads\/2020\/05\/trimmer_maxi_front-600x338.jpg 600w, https:\/\/dev.cannabinno.swiss\/wp-content\/uploads\/2020\/05\/trimmer_maxi_front-800x450.jpg 800w, https:\/\/dev.cannabinno.swiss\/wp-content\/uploads\/2020\/05\/trimmer_maxi_front-1200x675.jpg 1200w, https:\/\/dev.cannabinno.swiss\/wp-content\/uploads\/2020\/05\/trimmer_maxi_front.jpg 1920w\" sizes=\"(max-width: 800px) 100vw, 800px\" \/><\/span><\/li><li class=\"image\"><span class=\"fusion-image-hover-element hover-type-zoomin\"><img src=\"https:\/\/dev.cannabinno.swiss\/wp-content\/uploads\/2021\/09\/trimmer-maxi-3.jpg\" alt=\"trimmer maxi\" width=\"1920\" height=\"1080\" class=\"wp-image-6185\" srcset=\"https:\/\/dev.cannabinno.swiss\/wp-content\/uploads\/2021\/09\/trimmer-maxi-3-200x113.jpg 200w, https:\/\/dev.cannabinno.swiss\/wp-content\/uploads\/2021\/09\/trimmer-maxi-3-400x225.jpg 400w, https:\/\/dev.cannabinno.swiss\/wp-content\/uploads\/2021\/09\/trimmer-maxi-3-600x338.jpg 600w, https:\/\/dev.cannabinno.swiss\/wp-content\/uploads\/2021\/09\/trimmer-maxi-3-800x450.jpg 800w, https:\/\/dev.cannabinno.swiss\/wp-content\/uploads\/2021\/09\/trimmer-maxi-3-1200x675.jpg 1200w, https:\/\/dev.cannabinno.swiss\/wp-content\/uploads\/2021\/09\/trimmer-maxi-3.jpg 1920w\" sizes=\"(max-width: 800px) 100vw, 800px\" \/><\/span><\/li><li class=\"image\"><span class=\"fusion-image-hover-element hover-type-zoomin\"><img src=\"https:\/\/dev.cannabinno.swiss\/wp-content\/uploads\/2021\/09\/trimmer-maxi-1.jpg\" alt=\"trimmer maxi\" width=\"1920\" height=\"1080\" class=\"wp-image-6175\" srcset=\"https:\/\/dev.cannabinno.swiss\/wp-content\/uploads\/2021\/09\/trimmer-maxi-1-200x113.jpg 200w, https:\/\/dev.cannabinno.swiss\/wp-content\/uploads\/2021\/09\/trimmer-maxi-1-400x225.jpg 400w, https:\/\/dev.cannabinno.swiss\/wp-content\/uploads\/2021\/09\/trimmer-maxi-1-600x338.jpg 600w, https:\/\/dev.cannabinno.swiss\/wp-content\/uploads\/2021\/09\/trimmer-maxi-1-800x450.jpg 800w, https:\/\/dev.cannabinno.swiss\/wp-content\/uploads\/2021\/09\/trimmer-maxi-1-1200x675.jpg 1200w, https:\/\/dev.cannabinno.swiss\/wp-content\/uploads\/2021\/09\/trimmer-maxi-1.jpg 1920w\" sizes=\"(max-width: 800px) 100vw, 800px\" \/><\/span><\/li><li class=\"image\"><span class=\"fusion-image-hover-element hover-type-zoomin\"><img src=\"https:\/\/dev.cannabinno.swiss\/wp-content\/uploads\/2021\/09\/trimmer-maxi-2.jpg\" alt=\"trimmer maxi\" width=\"1920\" height=\"1080\" class=\"wp-image-6180\" srcset=\"https:\/\/dev.cannabinno.swiss\/wp-content\/uploads\/2021\/09\/trimmer-maxi-2-200x113.jpg 200w, https:\/\/dev.cannabinno.swiss\/wp-content\/uploads\/2021\/09\/trimmer-maxi-2-400x225.jpg 400w, https:\/\/dev.cannabinno.swiss\/wp-content\/uploads\/2021\/09\/trimmer-maxi-2-600x338.jpg 600w, https:\/\/dev.cannabinno.swiss\/wp-content\/uploads\/2021\/09\/trimmer-maxi-2-800x450.jpg 800w, https:\/\/dev.cannabinno.swiss\/wp-content\/uploads\/2021\/09\/trimmer-maxi-2-1200x675.jpg 1200w, https:\/\/dev.cannabinno.swiss\/wp-content\/uploads\/2021\/09\/trimmer-maxi-2.jpg 1920w\" sizes=\"(max-width: 800px) 100vw, 800px\" \/><\/span><\/li><\/ul><\/div><div class=\"fusion-clearfix\"><\/div><\/div><\/div><div class=\"fusion-layout-column fusion_builder_column fusion-builder-column-2 fusion_builder_column_1_3 1_3 fusion-one-third fusion-column-last\" style=\"--awb-bg-size:cover;width:33.333333333333%;width:calc(33.333333333333% - ( ( 4% ) * 0.33333333333333 ) );\"><div class=\"fusion-column-wrapper fusion-column-has-shadow fusion-flex-column-wrapper-legacy\"><div class=\"fusion-text fusion-text-2\"><h3>Specifiche tecniche<\/h3>\n<dl style=\"font-size: 0.9rem;\">\n<dt>Dimensioni<\/dt>\n<dd>L 91 cm x L 176 cm x H 125,5 cm<\/dd>\n<dt>Peso<\/dt>\n<dd>420 kg<\/dd>\n<dt>Tamburo con setaccio<\/dt>\n<dd>Diametro: 40 cm<\/dd>\n<dt>Portata (a seconda della velocit\u00e0 effettiva)<\/dt>\n<dd>bagnato: da 140 kg \/ ora<br \/>\nsecco: da 40 kg \/ ora<\/dd>\n<dt>Lama<\/dt>\n<dd>8 lame fisse, temprate<\/dd>\n<dt>Tagli\/minuto<\/dt>\n<dd>90&#8217;000<\/dd>\n<dt>Alimentatore<\/dt>\n<dd>400V<\/dd>\n<dt>Potenza azionamento lama<\/dt>\n<dd>4 kW<\/dd>\n<dt>potenza azionamento tamburo con setaccio<\/dt>\n<dd>1 kW<\/dd>\n<dt>Potenza di aspirazione consigliata<\/dt>\n<dd>5-7 kW<\/dd>\n<dt>Certificazione<\/dt>\n<dd>Certificato CE secondo linee guida della macchina<\/dd>\n<\/dl>\n<\/div><div class=\"fusion-sep-clear\"><\/div><div class=\"fusion-separator fusion-full-width-sep\" style=\"margin-left: auto;margin-right: auto;margin-top:10px;margin-bottom:10px;width:100%;\"><\/div><div class=\"fusion-sep-clear\"><\/div><div class=\"fusion-align-block\"><a class=\"fusion-button button-flat fusion-button-default-size button-default fusion-button-default button-1 fusion-button-span-yes fusion-button-default-type\" target=\"_self\" href=\"https:\/\/dev.cannabinno.swiss\/it\/acquistare-cannabinno\/richiesta-dacquisto\/\"><span class=\"fusion-button-text\">Richiedere un preventivo<\/span><\/a><\/div><div class=\"fusion-clearfix\"><\/div><\/div><\/div><div class=\"fusion-layout-column fusion_builder_column fusion-builder-column-3 fusion_builder_column_1_1 1_1 fusion-one-full fusion-column-first fusion-column-last\" style=\"--awb-bg-size:cover;\"><div class=\"fusion-column-wrapper fusion-column-has-shadow fusion-flex-column-wrapper-legacy\"><div class=\"fusion-text fusion-text-3\"><h3>Caratteristiche<\/h3>\n<ul>\n<li>3 tipi di tamburi intercambiabili (dimensione del foro 4\/7\/9 mm per lavorazione a secco o a umido)<\/li>\n<li>Lama in acciaio inox per coltello, temprata<\/li>\n<li>Tutti i componenti di contatto del prodotto sono realizzati in acciaio inossidabile<\/li>\n<li>Facile regolazione della lama per un taglio preciso<\/li>\n<li>Cuscinetti a manutenzione zero<\/li>\n<li>Costruzione modulare<\/li>\n<li>Facile manutenzione<\/li>\n<li>2 ruote orientabili fisse e 2 bloccabili per una buona mobilit\u00e0<\/li>\n<li>2 anni di garanzia (escl. pezzi soggetti a usura)<\/li>\n<\/ul>\n<\/div><div class=\"fusion-clearfix\"><\/div><\/div><\/div><\/div><\/div><div class=\"fusion-fullwidth fullwidth-box fusion-builder-row-2 auszeichnung-gruen nonhundred-percent-fullwidth non-hundred-percent-height-scrolling\" style=\"--awb-border-radius-top-left:0px;--awb-border-radius-top-right:0px;--awb-border-radius-bottom-right:0px;--awb-border-radius-bottom-left:0px;--awb-padding-top:20px;--awb-margin-bottom:-30px;--awb-background-color:#6aab33;\" ><div class=\"fusion-builder-row fusion-row\"><div class=\"fusion-layout-column fusion_builder_column fusion-builder-column-4 fusion_builder_column_1_3 1_3 fusion-one-third fusion-column-first\" style=\"--awb-bg-size:cover;width:33.333333333333%;width:calc(33.333333333333% - ( ( 4% + 4% ) * 0.33333333333333 ) );margin-right: 4%;\"><div class=\"fusion-column-wrapper fusion-column-has-shadow fusion-flex-column-wrapper-legacy\"><div class=\"fusion-text fusion-text-4\"><h1>cannabinno Trimmer Mixi<\/h1>\n<p>Il trimmer top per la lavorazione su ampia scala \u00e8 dotato di 4 lame in acciaio per coltelli appositamente temprati e di un tamburo pi\u00f9 grande. Per la massima produttivit\u00e0 e una qualit\u00e0 ancora pi\u00f9 elevata.<\/p>\n<p><strong><a href=\"https:\/\/dev.cannabinno.swiss\/it\/prodotti\/trimmer-mixi\/\">Maggiori informazioni<\/a><\/strong><\/p>\n<\/div><div class=\"fusion-clearfix\"><\/div><\/div><\/div><div class=\"fusion-layout-column fusion_builder_column fusion-builder-column-5 fusion_builder_column_1_3 1_3 fusion-one-third\" style=\"--awb-bg-size:cover;width:33.333333333333%;width:calc(33.333333333333% - ( ( 4% + 4% ) * 0.33333333333333 ) );margin-right: 4%;\"><div class=\"fusion-column-wrapper fusion-column-has-shadow fusion-flex-column-wrapper-legacy\"><div class=\"fusion-text fusion-text-5\"><h1>cannabinno Trimmer Midi<\/h1>\n<p>Il classico per la massima produttivit\u00e0 costante e un funzionamento affidabile.<\/p>\n<p><strong><a href=\"https:\/\/dev.cannabinno.swiss\/it\/prodotti\/trimmer-cannabinno\/\">Maggiori informazioni<\/a><\/strong><\/p>\n<\/div><div class=\"fusion-clearfix\"><\/div><\/div><\/div><div class=\"fusion-layout-column fusion_builder_column fusion-builder-column-6 fusion_builder_column_1_3 1_3 fusion-one-third fusion-column-last\" style=\"--awb-bg-size:cover;width:33.333333333333%;width:calc(33.333333333333% - ( ( 4% + 4% ) * 0.33333333333333 ) );\"><div class=\"fusion-column-wrapper fusion-column-has-shadow fusion-flex-column-wrapper-legacy\"><div class=\"fusion-text fusion-text-6\"><h1>cannabinno Trimmer Mini<\/h1>\n<p>L&#8217;affidabile trimmer svizzero di cannabis occupa poco spazio su un tavolo ed \u00e8 adatto per fiori secchi e bagnati.<\/p>\n<p><strong><a href=\"https:\/\/dev.cannabinno.swiss\/it\/prodotti\/trimmer-mini-cannabinno\/\">Maggiori informazioni<\/a><\/strong><\/p>\n<\/div><div class=\"fusion-clearfix\"><\/div><\/div><\/div><\/div><\/div><\/p>\n","protected":false},"excerpt":{"rendered":"","protected":false},"author":2,"featured_media":0,"parent":2811,"menu_order":34,"comment_status":"closed","ping_status":"closed","template":"100-width.php","meta":{"inline_featured_image":false},"yoast_head":"<!-- This site is optimized with the Yoast SEO plugin v19.13 - https:\/\/yoast.com\/wordpress\/plugins\/seo\/ -->\n<title>Trimmer Maxi - Cannabinno<\/title>\n<meta name=\"robots\" content=\"noindex, follow, max-snippet:-1, max-image-preview:large, max-video-preview:-1\" \/>\n<meta property=\"og:locale\" content=\"it_IT\" \/>\n<meta property=\"og:type\" content=\"article\" \/>\n<meta property=\"og:title\" content=\"trimmer maxi cannabinno: lavorazione industriale resa semplice\" \/>\n<meta property=\"og:description\" content=\"Massima portata con la migliore qualit\u00e0: il nuovo punto di riferimento nell\u2019eccellenza svizzera.\" \/>\n<meta property=\"og:url\" content=\"https:\/\/dev.cannabinno.swiss\/it\/prodotti\/trimmer-maxi-cannabinno\/\" \/>\n<meta property=\"og:site_name\" content=\"Cannabinno\" \/>\n<meta property=\"article:modified_time\" content=\"2021-09-29T12:08:04+00:00\" \/>\n<meta property=\"og:image\" content=\"https:\/\/dev.cannabinno.swiss\/wp-content\/uploads\/2020\/05\/trimmer_maxi_1200_630px.jpg\" \/>\n<meta name=\"twitter:card\" content=\"summary_large_image\" \/>\n<meta name=\"twitter:label1\" content=\"Tempo di lettura stimato\" \/>\n\t<meta name=\"twitter:data1\" content=\"6 minuti\" \/>\n<script type=\"application\/ld+json\" class=\"yoast-schema-graph\">{\"@context\":\"https:\/\/schema.org\",\"@graph\":[{\"@type\":\"WebPage\",\"@id\":\"https:\/\/dev.cannabinno.swiss\/it\/prodotti\/trimmer-maxi-cannabinno\/\",\"url\":\"https:\/\/dev.cannabinno.swiss\/it\/prodotti\/trimmer-maxi-cannabinno\/\",\"name\":\"Trimmer Maxi - Cannabinno\",\"isPartOf\":{\"@id\":\"https:\/\/dev.cannabinno.swiss\/#website\"},\"datePublished\":\"2020-07-15T09:03:48+00:00\",\"dateModified\":\"2021-09-29T12:08:04+00:00\",\"breadcrumb\":{\"@id\":\"https:\/\/dev.cannabinno.swiss\/it\/prodotti\/trimmer-maxi-cannabinno\/#breadcrumb\"},\"inLanguage\":\"it-IT\",\"potentialAction\":[{\"@type\":\"ReadAction\",\"target\":[\"https:\/\/dev.cannabinno.swiss\/it\/prodotti\/trimmer-maxi-cannabinno\/\"]}]},{\"@type\":\"BreadcrumbList\",\"@id\":\"https:\/\/dev.cannabinno.swiss\/it\/prodotti\/trimmer-maxi-cannabinno\/#breadcrumb\",\"itemListElement\":[{\"@type\":\"ListItem\",\"position\":1,\"name\":\"Startseite\",\"item\":\"https:\/\/dev.cannabinno.swiss\/it\/\"},{\"@type\":\"ListItem\",\"position\":2,\"name\":\"Prodotti\",\"item\":\"https:\/\/dev.cannabinno.swiss\/it\/prodotti\/\"},{\"@type\":\"ListItem\",\"position\":3,\"name\":\"Trimmer Maxi\"}]},{\"@type\":\"WebSite\",\"@id\":\"https:\/\/dev.cannabinno.swiss\/#website\",\"url\":\"https:\/\/dev.cannabinno.swiss\/\",\"name\":\"Cannabinno\",\"description\":\"swissmade quality machines.\",\"potentialAction\":[{\"@type\":\"SearchAction\",\"target\":{\"@type\":\"EntryPoint\",\"urlTemplate\":\"https:\/\/dev.cannabinno.swiss\/?s={search_term_string}\"},\"query-input\":\"required name=search_term_string\"}],\"inLanguage\":\"it-IT\"}]}<\/script>\n<!-- \/ Yoast SEO plugin. -->","yoast_head_json":{"title":"Trimmer Maxi - Cannabinno","robots":{"index":"noindex","follow":"follow","max-snippet":"max-snippet:-1","max-image-preview":"max-image-preview:large","max-video-preview":"max-video-preview:-1"},"og_locale":"it_IT","og_type":"article","og_title":"trimmer maxi cannabinno: lavorazione industriale resa semplice","og_description":"Massima portata con la migliore qualit\u00e0: il nuovo punto di riferimento nell\u2019eccellenza svizzera.","og_url":"https:\/\/dev.cannabinno.swiss\/it\/prodotti\/trimmer-maxi-cannabinno\/","og_site_name":"Cannabinno","article_modified_time":"2021-09-29T12:08:04+00:00","og_image":[{"url":"https:\/\/dev.cannabinno.swiss\/wp-content\/uploads\/2020\/05\/trimmer_maxi_1200_630px.jpg"}],"twitter_card":"summary_large_image","twitter_misc":{"Tempo di lettura stimato":"6 minuti"},"schema":{"@context":"https:\/\/schema.org","@graph":[{"@type":"WebPage","@id":"https:\/\/dev.cannabinno.swiss\/it\/prodotti\/trimmer-maxi-cannabinno\/","url":"https:\/\/dev.cannabinno.swiss\/it\/prodotti\/trimmer-maxi-cannabinno\/","name":"Trimmer Maxi - Cannabinno","isPartOf":{"@id":"https:\/\/dev.cannabinno.swiss\/#website"},"datePublished":"2020-07-15T09:03:48+00:00","dateModified":"2021-09-29T12:08:04+00:00","breadcrumb":{"@id":"https:\/\/dev.cannabinno.swiss\/it\/prodotti\/trimmer-maxi-cannabinno\/#breadcrumb"},"inLanguage":"it-IT","potentialAction":[{"@type":"ReadAction","target":["https:\/\/dev.cannabinno.swiss\/it\/prodotti\/trimmer-maxi-cannabinno\/"]}]},{"@type":"BreadcrumbList","@id":"https:\/\/dev.cannabinno.swiss\/it\/prodotti\/trimmer-maxi-cannabinno\/#breadcrumb","itemListElement":[{"@type":"ListItem","position":1,"name":"Startseite","item":"https:\/\/dev.cannabinno.swiss\/it\/"},{"@type":"ListItem","position":2,"name":"Prodotti","item":"https:\/\/dev.cannabinno.swiss\/it\/prodotti\/"},{"@type":"ListItem","position":3,"name":"Trimmer Maxi"}]},{"@type":"WebSite","@id":"https:\/\/dev.cannabinno.swiss\/#website","url":"https:\/\/dev.cannabinno.swiss\/","name":"Cannabinno","description":"swissmade quality machines.","potentialAction":[{"@type":"SearchAction","target":{"@type":"EntryPoint","urlTemplate":"https:\/\/dev.cannabinno.swiss\/?s={search_term_string}"},"query-input":"required name=search_term_string"}],"inLanguage":"it-IT"}]}},"_links":{"self":[{"href":"https:\/\/dev.cannabinno.swiss\/it\/wp-json\/wp\/v2\/pages\/3700"}],"collection":[{"href":"https:\/\/dev.cannabinno.swiss\/it\/wp-json\/wp\/v2\/pages"}],"about":[{"href":"https:\/\/dev.cannabinno.swiss\/it\/wp-json\/wp\/v2\/types\/page"}],"author":[{"embeddable":true,"href":"https:\/\/dev.cannabinno.swiss\/it\/wp-json\/wp\/v2\/users\/2"}],"replies":[{"embeddable":true,"href":"https:\/\/dev.cannabinno.swiss\/it\/wp-json\/wp\/v2\/comments?post=3700"}],"version-history":[{"count":10,"href":"https:\/\/dev.cannabinno.swiss\/it\/wp-json\/wp\/v2\/pages\/3700\/revisions"}],"predecessor-version":[{"id":6217,"href":"https:\/\/dev.cannabinno.swiss\/it\/wp-json\/wp\/v2\/pages\/3700\/revisions\/6217"}],"up":[{"embeddable":true,"href":"https:\/\/dev.cannabinno.swiss\/it\/wp-json\/wp\/v2\/pages\/2811"}],"wp:attachment":[{"href":"https:\/\/dev.cannabinno.swiss\/it\/wp-json\/wp\/v2\/media?parent=3700"}],"curies":[{"name":"wp","href":"https:\/\/api.w.org\/{rel}","templated":true}]}}