{"id":3295,"date":"2020-07-15T10:57:05","date_gmt":"2020-07-15T08:57:05","guid":{"rendered":"https:\/\/dev.cannabinno.swiss\/prodotti\/trimmer-cannabinno\/trimmer-mini-cannabinno\/"},"modified":"2021-09-29T14:14:14","modified_gmt":"2021-09-29T12:14:14","slug":"trimmer-mini-cannabinno","status":"publish","type":"page","link":"https:\/\/dev.cannabinno.swiss\/it\/prodotti\/trimmer-mini-cannabinno\/","title":{"rendered":"Trimmer Mini"},"content":{"rendered":"<p><div class=\"fusion-fullwidth fullwidth-box fusion-builder-row-1 nonhundred-percent-fullwidth non-hundred-percent-height-scrolling\" style=\"--awb-border-radius-top-left:0px;--awb-border-radius-top-right:0px;--awb-border-radius-bottom-right:0px;--awb-border-radius-bottom-left:0px;\" ><div class=\"fusion-builder-row fusion-row\"><div class=\"fusion-layout-column fusion_builder_column fusion-builder-column-0 fusion_builder_column_1_1 1_1 fusion-one-full fusion-column-first fusion-column-last\" style=\"--awb-bg-size:cover;\"><div class=\"fusion-column-wrapper fusion-column-has-shadow fusion-flex-column-wrapper-legacy\"><div class=\"fusion-text fusion-text-1\"><p><iframe style=\"width: 100%; height: 400px;\" src=\"https:\/\/www.youtube.com\/embed\/0pgPIS_1XDs?rel=0\" frameborder=\"0\" allowfullscreen=\"allowfullscreen\"><\/iframe><\/p>\n<\/div><div class=\"fusion-text fusion-text-2\"><h1>cannabinno Trimmer Mini<\/h1>\n<h6>Piccolo, ma davvero &#8220;oho&#8221;<\/h6>\n<\/div><div class=\"fusion-clearfix\"><\/div><\/div><\/div><div class=\"fusion-layout-column fusion_builder_column fusion-builder-column-1 fusion_builder_column_2_3 2_3 fusion-two-third fusion-column-first\" style=\"--awb-bg-size:cover;width:66.666666666667%;width:calc(66.666666666667% - ( ( 4% ) * 0.66666666666667 ) );margin-right: 4%;\"><div class=\"fusion-column-wrapper fusion-column-has-shadow fusion-flex-column-wrapper-legacy\"><div class=\"fusion-slider-sc fusion-flexslider-loading flexslider flexslider-hover-type-zoomin\" data-slideshow_autoplay=\"1\" data-slideshow_smooth_height=\"0\" data-slideshow_speed=\"7000\" style=\"max-width:100%;height:100%;\"><ul class=\"slides\"><li class=\"image\"><span class=\"fusion-image-hover-element hover-type-zoomin\"><img src=\"https:\/\/dev.cannabinno.swiss\/wp-content\/uploads\/2020\/05\/trimmer-mini-web.jpg\" width=\"1920\" height=\"1080\" class=\"wp-image-2480\" srcset=\"https:\/\/dev.cannabinno.swiss\/wp-content\/uploads\/2020\/05\/trimmer-mini-web-200x113.jpg 200w, https:\/\/dev.cannabinno.swiss\/wp-content\/uploads\/2020\/05\/trimmer-mini-web-400x225.jpg 400w, https:\/\/dev.cannabinno.swiss\/wp-content\/uploads\/2020\/05\/trimmer-mini-web-600x338.jpg 600w, https:\/\/dev.cannabinno.swiss\/wp-content\/uploads\/2020\/05\/trimmer-mini-web-800x450.jpg 800w, https:\/\/dev.cannabinno.swiss\/wp-content\/uploads\/2020\/05\/trimmer-mini-web-1200x675.jpg 1200w, https:\/\/dev.cannabinno.swiss\/wp-content\/uploads\/2020\/05\/trimmer-mini-web.jpg 1920w\" sizes=\"(max-width: 800px) 100vw, 800px\" \/><\/span><\/li><li class=\"image\"><span class=\"fusion-image-hover-element hover-type-zoomin\"><img src=\"https:\/\/dev.cannabinno.swiss\/wp-content\/uploads\/2021\/09\/trimmer-mini-5.jpg\" alt=\"trimmer mini\" width=\"1920\" height=\"1080\" class=\"wp-image-6092\" srcset=\"https:\/\/dev.cannabinno.swiss\/wp-content\/uploads\/2021\/09\/trimmer-mini-5-200x113.jpg 200w, https:\/\/dev.cannabinno.swiss\/wp-content\/uploads\/2021\/09\/trimmer-mini-5-400x225.jpg 400w, https:\/\/dev.cannabinno.swiss\/wp-content\/uploads\/2021\/09\/trimmer-mini-5-600x338.jpg 600w, https:\/\/dev.cannabinno.swiss\/wp-content\/uploads\/2021\/09\/trimmer-mini-5-800x450.jpg 800w, https:\/\/dev.cannabinno.swiss\/wp-content\/uploads\/2021\/09\/trimmer-mini-5-1200x675.jpg 1200w, https:\/\/dev.cannabinno.swiss\/wp-content\/uploads\/2021\/09\/trimmer-mini-5.jpg 1920w\" sizes=\"(max-width: 800px) 100vw, 800px\" \/><\/span><\/li><li class=\"image\"><span class=\"fusion-image-hover-element hover-type-zoomin\"><img src=\"https:\/\/dev.cannabinno.swiss\/wp-content\/uploads\/2021\/09\/trimmer-mini-3.jpg\" alt=\"trimmer mini\" width=\"1920\" height=\"1080\" class=\"wp-image-6082\" srcset=\"https:\/\/dev.cannabinno.swiss\/wp-content\/uploads\/2021\/09\/trimmer-mini-3-200x113.jpg 200w, https:\/\/dev.cannabinno.swiss\/wp-content\/uploads\/2021\/09\/trimmer-mini-3-400x225.jpg 400w, https:\/\/dev.cannabinno.swiss\/wp-content\/uploads\/2021\/09\/trimmer-mini-3-600x338.jpg 600w, https:\/\/dev.cannabinno.swiss\/wp-content\/uploads\/2021\/09\/trimmer-mini-3-800x450.jpg 800w, https:\/\/dev.cannabinno.swiss\/wp-content\/uploads\/2021\/09\/trimmer-mini-3-1200x675.jpg 1200w, https:\/\/dev.cannabinno.swiss\/wp-content\/uploads\/2021\/09\/trimmer-mini-3.jpg 1920w\" sizes=\"(max-width: 800px) 100vw, 800px\" \/><\/span><\/li><li class=\"image\"><span class=\"fusion-image-hover-element hover-type-zoomin\"><img src=\"https:\/\/dev.cannabinno.swiss\/wp-content\/uploads\/2021\/09\/trimmer-mini-4.jpg\" alt=\"trimmer mini\" width=\"1920\" height=\"1080\" class=\"wp-image-6087\" srcset=\"https:\/\/dev.cannabinno.swiss\/wp-content\/uploads\/2021\/09\/trimmer-mini-4-200x113.jpg 200w, https:\/\/dev.cannabinno.swiss\/wp-content\/uploads\/2021\/09\/trimmer-mini-4-400x225.jpg 400w, https:\/\/dev.cannabinno.swiss\/wp-content\/uploads\/2021\/09\/trimmer-mini-4-600x338.jpg 600w, https:\/\/dev.cannabinno.swiss\/wp-content\/uploads\/2021\/09\/trimmer-mini-4-800x450.jpg 800w, https:\/\/dev.cannabinno.swiss\/wp-content\/uploads\/2021\/09\/trimmer-mini-4-1200x675.jpg 1200w, https:\/\/dev.cannabinno.swiss\/wp-content\/uploads\/2021\/09\/trimmer-mini-4.jpg 1920w\" sizes=\"(max-width: 800px) 100vw, 800px\" \/><\/span><\/li><li class=\"image\"><span class=\"fusion-image-hover-element hover-type-zoomin\"><img src=\"https:\/\/dev.cannabinno.swiss\/wp-content\/uploads\/2021\/09\/trimmer-mini-1.jpg\" alt=\"trimmer mini\" width=\"1920\" height=\"1080\" class=\"wp-image-6072\" srcset=\"https:\/\/dev.cannabinno.swiss\/wp-content\/uploads\/2021\/09\/trimmer-mini-1-200x113.jpg 200w, https:\/\/dev.cannabinno.swiss\/wp-content\/uploads\/2021\/09\/trimmer-mini-1-400x225.jpg 400w, https:\/\/dev.cannabinno.swiss\/wp-content\/uploads\/2021\/09\/trimmer-mini-1-600x338.jpg 600w, https:\/\/dev.cannabinno.swiss\/wp-content\/uploads\/2021\/09\/trimmer-mini-1-800x450.jpg 800w, https:\/\/dev.cannabinno.swiss\/wp-content\/uploads\/2021\/09\/trimmer-mini-1-1200x675.jpg 1200w, https:\/\/dev.cannabinno.swiss\/wp-content\/uploads\/2021\/09\/trimmer-mini-1.jpg 1920w\" sizes=\"(max-width: 800px) 100vw, 800px\" \/><\/span><\/li><li class=\"image\"><span class=\"fusion-image-hover-element hover-type-zoomin\"><img src=\"https:\/\/dev.cannabinno.swiss\/wp-content\/uploads\/2021\/09\/trimmer-mini-2.jpg\" alt=\"trimmer mini\" width=\"1920\" height=\"1080\" class=\"wp-image-6077\" srcset=\"https:\/\/dev.cannabinno.swiss\/wp-content\/uploads\/2021\/09\/trimmer-mini-2-200x113.jpg 200w, https:\/\/dev.cannabinno.swiss\/wp-content\/uploads\/2021\/09\/trimmer-mini-2-400x225.jpg 400w, https:\/\/dev.cannabinno.swiss\/wp-content\/uploads\/2021\/09\/trimmer-mini-2-600x338.jpg 600w, https:\/\/dev.cannabinno.swiss\/wp-content\/uploads\/2021\/09\/trimmer-mini-2-800x450.jpg 800w, https:\/\/dev.cannabinno.swiss\/wp-content\/uploads\/2021\/09\/trimmer-mini-2-1200x675.jpg 1200w, https:\/\/dev.cannabinno.swiss\/wp-content\/uploads\/2021\/09\/trimmer-mini-2.jpg 1920w\" sizes=\"(max-width: 800px) 100vw, 800px\" \/><\/span><\/li><\/ul><\/div><div class=\"fusion-clearfix\"><\/div><\/div><\/div><div class=\"fusion-layout-column fusion_builder_column fusion-builder-column-2 fusion_builder_column_1_3 1_3 fusion-one-third fusion-column-last\" style=\"--awb-bg-size:cover;width:33.333333333333%;width:calc(33.333333333333% - ( ( 4% ) * 0.33333333333333 ) );\"><div class=\"fusion-column-wrapper fusion-column-has-shadow fusion-flex-column-wrapper-legacy\"><div class=\"fusion-text fusion-text-3\"><h3>Specifiche tecniche<\/h3>\n<dl style=\"font-size: 0.9rem;\">\n<dt>Dimensioni<\/dt>\n<dd>L 29 cm x L 51 cm x H 32.5 cm<\/dd>\n<dt>Peso<\/dt>\n<dd>18 kg<\/dd>\n<dt>tamburo per i fiori<\/dt>\n<dd>lunghezza: 51 cm, diametro: 12,5 cm<\/dd>\n<dt>Portata<\/dt>\n<dd>bagnato: 5-8 kg \/ ora<br \/>\nsecco: 2-4 kg \/ ora<\/dd>\n<dt>Alimentatore<\/dt>\n<dd>230V\/90W<\/dd>\n<dt>potenza di aspirazione consigliata<\/dt>\n<dd>1,5 kW<\/dd>\n<dt>Certificazione<\/dt>\n<dd>Certificato CE secondo linee guida della macchina<\/dd>\n<\/dl>\n<\/div><div class=\"fusion-align-block\"><a class=\"fusion-button button-flat button-medium button-default fusion-button-default button-1 fusion-button-span-yes fusion-button-default-type\" style=\"--button_text_transform:uppercase;\" target=\"_self\" href=\"https:\/\/dev.cannabinno.swiss\/it\/contatti\/\"><span class=\"fusion-button-text\">Richiedi un preventivo<\/span><\/a><\/div><div class=\"fusion-clearfix\"><\/div><\/div><\/div><div class=\"fusion-layout-column fusion_builder_column fusion-builder-column-3 fusion_builder_column_1_1 1_1 fusion-one-full fusion-column-first fusion-column-last\" style=\"--awb-bg-size:cover;\"><div class=\"fusion-column-wrapper fusion-column-has-shadow fusion-flex-column-wrapper-legacy\"><div class=\"fusion-text fusion-text-4\"><h3>Il trimmer pi\u00f9 piccolo della famiglia cannabinno.<\/h3>\n<p>Il trimmer mini cannabinno convince con un bel design e una buona ingegneria. I fiori vengono tagliati in modo pulito e delicato. Utilizzando l&#8217;inclinazione regolabile del trimmer, le alette di ventilazione e la quantit\u00e0 di fiori che vengono riempiti, la portata pu\u00f2 essere controllata in modo molto preciso e impostata individualmente per ogni processo di taglio.<\/p>\n<p>Il trimmer cannabinno mini lavora 5 &#8211; 8 kg di fiori bagnati all&#8217;ora (a seconda della materia prima). Puoi lavorare per diverse ore senza problemi, senza surriscaldare i motori o i cuscinetti. A seconda della portata, si consiglia una pulizia intermedia.<\/p>\n<p>La macchina pu\u00f2 essere smontata senza attrezzi e rimontata rapidamente. Ci\u00f2 garantisce un&#8217;opzione di pulizia ottimale. Facoltativamente, \u00e8 possibile ordinare una sottostruttura o un isolamento acustico. Il servizio veloce e la qualit\u00e0 svizzera sono garantiti.<\/p>\n<\/div><div class=\"fusion-text fusion-text-5\"><h3>Caratteristiche<\/h3>\n<ul>\n<li>tutte le parti a contatto con il prodotto sono in acciaio cromato<\/li>\n<li>Lama in acciaio inox per coltello, indurito<\/li>\n<li>3 tipi di tamburi intercambiabili (misura del foro da 4\/7\/9 mm per la lavorazione a secco)<\/li>\n<li>Pu\u00f2 essere pulito con un pulitore ad alta pressione<\/li>\n<li>Costruzione modulare<\/li>\n<li>Facile manutenzione<\/li>\n<li>Montaggio\/smontaggio senza attrezzi<\/li>\n<li>Inclinazione del dispositivo regolabile in modo variabile<\/li>\n<li>Tempo di permanenza regolabile (incl. taglio permanente)<\/li>\n<li>Sottostruttura o isolamento acustico possono essere ordinati come opzione<\/li>\n<\/ul>\n<\/div><div class=\"fusion-clearfix\"><\/div><\/div><\/div><\/div><\/div><div class=\"fusion-fullwidth fullwidth-box fusion-builder-row-2 auszeichnung-gruen nonhundred-percent-fullwidth non-hundred-percent-height-scrolling\" style=\"--awb-border-radius-top-left:0px;--awb-border-radius-top-right:0px;--awb-border-radius-bottom-right:0px;--awb-border-radius-bottom-left:0px;--awb-margin-bottom:-30px;--awb-background-color:#6aab33;\" ><div class=\"fusion-builder-row fusion-row\"><div class=\"fusion-layout-column fusion_builder_column fusion-builder-column-4 fusion_builder_column_1_3 1_3 fusion-one-third fusion-column-first\" style=\"--awb-bg-size:cover;width:33.333333333333%;width:calc(33.333333333333% - ( ( 4% + 4% ) * 0.33333333333333 ) );margin-right: 4%;\"><div class=\"fusion-column-wrapper fusion-column-has-shadow fusion-flex-column-wrapper-legacy\"><div class=\"fusion-text fusion-text-6\"><h1>cannabinno Trimmer Maxi<\/h1>\n<p>Il trimmer top per la lavorazione su ampia scala \u00e8 dotato di 8 lame in acciaio per coltelli appositamente temprati e di un tamburo pi\u00f9 grande. Per la massima produttivit\u00e0 e una qualit\u00e0 ancora pi\u00f9 elevata.<\/p>\n<p><strong><a href=\"https:\/\/dev.cannabinno.swiss\/produkte\/maxi\/\">Maggiori informazioni<\/a><\/strong><\/p>\n<\/div><div class=\"fusion-clearfix\"><\/div><\/div><\/div><div class=\"fusion-layout-column fusion_builder_column fusion-builder-column-5 fusion_builder_column_1_3 1_3 fusion-one-third\" style=\"--awb-bg-size:cover;width:33.333333333333%;width:calc(33.333333333333% - ( ( 4% + 4% ) * 0.33333333333333 ) );margin-right: 4%;\"><div class=\"fusion-column-wrapper fusion-column-has-shadow fusion-flex-column-wrapper-legacy\"><div class=\"fusion-text fusion-text-7\"><h1>cannabinno Trimmer Maxi<\/h1>\n<p>Il trimmer top per la lavorazione su ampia scala \u00e8 dotato di 4 lame in acciaio per coltelli appositamente temprati e di un tamburo pi\u00f9 grande. Per la massima produttivit\u00e0 e una qualit\u00e0 ancora pi\u00f9 elevata.<\/p>\n<p><strong><a href=\"https:\/\/dev.cannabinno.swiss\/it\/prodotti\/trimmer-mixi\/\">Maggiori informazioni<\/a><\/strong><\/p>\n<\/div><div class=\"fusion-clearfix\"><\/div><\/div><\/div><div class=\"fusion-layout-column fusion_builder_column fusion-builder-column-6 fusion_builder_column_1_3 1_3 fusion-one-third fusion-column-last\" style=\"--awb-bg-size:cover;width:33.333333333333%;width:calc(33.333333333333% - ( ( 4% + 4% ) * 0.33333333333333 ) );\"><div class=\"fusion-column-wrapper fusion-column-has-shadow fusion-flex-column-wrapper-legacy\"><div class=\"fusion-text fusion-text-8\"><h1>cannabinno Trimmer Midi<\/h1>\n<p>Il classico per la massima produttivit\u00e0 costante e un funzionamento affidabile.<\/p>\n<p><strong><a href=\"https:\/\/dev.cannabinno.swiss\/it\/prodotti\/trimmer-cannabinno\/\">Maggiori informazioni<\/a><\/strong><\/p>\n<\/div><div class=\"fusion-clearfix\"><\/div><\/div><\/div><\/div><\/div><\/p>\n","protected":false},"excerpt":{"rendered":"","protected":false},"author":2,"featured_media":0,"parent":2811,"menu_order":30,"comment_status":"closed","ping_status":"closed","template":"100-width.php","meta":{"inline_featured_image":false},"yoast_head":"<!-- This site is optimized with the Yoast SEO plugin v19.13 - https:\/\/yoast.com\/wordpress\/plugins\/seo\/ -->\n<title>Trimmer Mini - Cannabinno<\/title>\n<meta name=\"robots\" content=\"noindex, follow, max-snippet:-1, max-image-preview:large, max-video-preview:-1\" \/>\n<meta property=\"og:locale\" content=\"it_IT\" \/>\n<meta property=\"og:type\" content=\"article\" \/>\n<meta property=\"og:title\" content=\"trimmer mini cannabinno: piccolo e potente\" \/>\n<meta property=\"og:description\" content=\"L&#039;affidabile trimmer svizzero di cannabis occupa poco spazio su un tavolo ed \u00e8 adatto per fiori secchi e bagnati.\" \/>\n<meta property=\"og:url\" content=\"https:\/\/dev.cannabinno.swiss\/it\/prodotti\/trimmer-mini-cannabinno\/\" \/>\n<meta property=\"og:site_name\" content=\"Cannabinno\" \/>\n<meta property=\"article:modified_time\" content=\"2021-09-29T12:14:14+00:00\" \/>\n<meta property=\"og:image\" content=\"https:\/\/dev.cannabinno.swiss\/wp-content\/uploads\/2020\/05\/trimmer_mini_1200_630px.jpg\" \/>\n<meta name=\"twitter:card\" content=\"summary_large_image\" \/>\n<meta name=\"twitter:label1\" content=\"Tempo di lettura stimato\" \/>\n\t<meta name=\"twitter:data1\" content=\"6 minuti\" \/>\n<script type=\"application\/ld+json\" class=\"yoast-schema-graph\">{\"@context\":\"https:\/\/schema.org\",\"@graph\":[{\"@type\":\"WebPage\",\"@id\":\"https:\/\/dev.cannabinno.swiss\/it\/prodotti\/trimmer-mini-cannabinno\/\",\"url\":\"https:\/\/dev.cannabinno.swiss\/it\/prodotti\/trimmer-mini-cannabinno\/\",\"name\":\"Trimmer Mini - Cannabinno\",\"isPartOf\":{\"@id\":\"https:\/\/dev.cannabinno.swiss\/#website\"},\"datePublished\":\"2020-07-15T08:57:05+00:00\",\"dateModified\":\"2021-09-29T12:14:14+00:00\",\"breadcrumb\":{\"@id\":\"https:\/\/dev.cannabinno.swiss\/it\/prodotti\/trimmer-mini-cannabinno\/#breadcrumb\"},\"inLanguage\":\"it-IT\",\"potentialAction\":[{\"@type\":\"ReadAction\",\"target\":[\"https:\/\/dev.cannabinno.swiss\/it\/prodotti\/trimmer-mini-cannabinno\/\"]}]},{\"@type\":\"BreadcrumbList\",\"@id\":\"https:\/\/dev.cannabinno.swiss\/it\/prodotti\/trimmer-mini-cannabinno\/#breadcrumb\",\"itemListElement\":[{\"@type\":\"ListItem\",\"position\":1,\"name\":\"Startseite\",\"item\":\"https:\/\/dev.cannabinno.swiss\/it\/\"},{\"@type\":\"ListItem\",\"position\":2,\"name\":\"Prodotti\",\"item\":\"https:\/\/dev.cannabinno.swiss\/it\/prodotti\/\"},{\"@type\":\"ListItem\",\"position\":3,\"name\":\"Trimmer Mini\"}]},{\"@type\":\"WebSite\",\"@id\":\"https:\/\/dev.cannabinno.swiss\/#website\",\"url\":\"https:\/\/dev.cannabinno.swiss\/\",\"name\":\"Cannabinno\",\"description\":\"swissmade quality machines.\",\"potentialAction\":[{\"@type\":\"SearchAction\",\"target\":{\"@type\":\"EntryPoint\",\"urlTemplate\":\"https:\/\/dev.cannabinno.swiss\/?s={search_term_string}\"},\"query-input\":\"required name=search_term_string\"}],\"inLanguage\":\"it-IT\"}]}<\/script>\n<!-- \/ Yoast SEO plugin. -->","yoast_head_json":{"title":"Trimmer Mini - Cannabinno","robots":{"index":"noindex","follow":"follow","max-snippet":"max-snippet:-1","max-image-preview":"max-image-preview:large","max-video-preview":"max-video-preview:-1"},"og_locale":"it_IT","og_type":"article","og_title":"trimmer mini cannabinno: piccolo e potente","og_description":"L'affidabile trimmer svizzero di cannabis occupa poco spazio su un tavolo ed \u00e8 adatto per fiori secchi e bagnati.","og_url":"https:\/\/dev.cannabinno.swiss\/it\/prodotti\/trimmer-mini-cannabinno\/","og_site_name":"Cannabinno","article_modified_time":"2021-09-29T12:14:14+00:00","og_image":[{"url":"https:\/\/dev.cannabinno.swiss\/wp-content\/uploads\/2020\/05\/trimmer_mini_1200_630px.jpg"}],"twitter_card":"summary_large_image","twitter_misc":{"Tempo di lettura stimato":"6 minuti"},"schema":{"@context":"https:\/\/schema.org","@graph":[{"@type":"WebPage","@id":"https:\/\/dev.cannabinno.swiss\/it\/prodotti\/trimmer-mini-cannabinno\/","url":"https:\/\/dev.cannabinno.swiss\/it\/prodotti\/trimmer-mini-cannabinno\/","name":"Trimmer Mini - Cannabinno","isPartOf":{"@id":"https:\/\/dev.cannabinno.swiss\/#website"},"datePublished":"2020-07-15T08:57:05+00:00","dateModified":"2021-09-29T12:14:14+00:00","breadcrumb":{"@id":"https:\/\/dev.cannabinno.swiss\/it\/prodotti\/trimmer-mini-cannabinno\/#breadcrumb"},"inLanguage":"it-IT","potentialAction":[{"@type":"ReadAction","target":["https:\/\/dev.cannabinno.swiss\/it\/prodotti\/trimmer-mini-cannabinno\/"]}]},{"@type":"BreadcrumbList","@id":"https:\/\/dev.cannabinno.swiss\/it\/prodotti\/trimmer-mini-cannabinno\/#breadcrumb","itemListElement":[{"@type":"ListItem","position":1,"name":"Startseite","item":"https:\/\/dev.cannabinno.swiss\/it\/"},{"@type":"ListItem","position":2,"name":"Prodotti","item":"https:\/\/dev.cannabinno.swiss\/it\/prodotti\/"},{"@type":"ListItem","position":3,"name":"Trimmer Mini"}]},{"@type":"WebSite","@id":"https:\/\/dev.cannabinno.swiss\/#website","url":"https:\/\/dev.cannabinno.swiss\/","name":"Cannabinno","description":"swissmade quality machines.","potentialAction":[{"@type":"SearchAction","target":{"@type":"EntryPoint","urlTemplate":"https:\/\/dev.cannabinno.swiss\/?s={search_term_string}"},"query-input":"required name=search_term_string"}],"inLanguage":"it-IT"}]}},"_links":{"self":[{"href":"https:\/\/dev.cannabinno.swiss\/it\/wp-json\/wp\/v2\/pages\/3295"}],"collection":[{"href":"https:\/\/dev.cannabinno.swiss\/it\/wp-json\/wp\/v2\/pages"}],"about":[{"href":"https:\/\/dev.cannabinno.swiss\/it\/wp-json\/wp\/v2\/types\/page"}],"author":[{"embeddable":true,"href":"https:\/\/dev.cannabinno.swiss\/it\/wp-json\/wp\/v2\/users\/2"}],"replies":[{"embeddable":true,"href":"https:\/\/dev.cannabinno.swiss\/it\/wp-json\/wp\/v2\/comments?post=3295"}],"version-history":[{"count":9,"href":"https:\/\/dev.cannabinno.swiss\/it\/wp-json\/wp\/v2\/pages\/3295\/revisions"}],"predecessor-version":[{"id":6239,"href":"https:\/\/dev.cannabinno.swiss\/it\/wp-json\/wp\/v2\/pages\/3295\/revisions\/6239"}],"up":[{"embeddable":true,"href":"https:\/\/dev.cannabinno.swiss\/it\/wp-json\/wp\/v2\/pages\/2811"}],"wp:attachment":[{"href":"https:\/\/dev.cannabinno.swiss\/it\/wp-json\/wp\/v2\/media?parent=3295"}],"curies":[{"name":"wp","href":"https:\/\/api.w.org\/{rel}","templated":true}]}}