{"id":3081,"date":"2020-07-15T10:53:55","date_gmt":"2020-07-15T08:53:55","guid":{"rendered":"https:\/\/dev.cannabinno.swiss\/prodotti\/trimmer-cannabinno\/"},"modified":"2021-09-29T14:24:56","modified_gmt":"2021-09-29T12:24:56","slug":"trimmer-cannabinno","status":"publish","type":"page","link":"https:\/\/dev.cannabinno.swiss\/it\/prodotti\/trimmer-cannabinno\/","title":{"rendered":"Trimmer Midi"},"content":{"rendered":"<p><div class=\"fusion-fullwidth fullwidth-box fusion-builder-row-1 nonhundred-percent-fullwidth non-hundred-percent-height-scrolling\" style=\"--awb-border-radius-top-left:0px;--awb-border-radius-top-right:0px;--awb-border-radius-bottom-right:0px;--awb-border-radius-bottom-left:0px;\" ><div class=\"fusion-builder-row fusion-row\"><div class=\"fusion-layout-column fusion_builder_column fusion-builder-column-0 fusion_builder_column_1_1 1_1 fusion-one-full fusion-column-first fusion-column-last\" style=\"--awb-bg-size:cover;\"><div class=\"fusion-column-wrapper fusion-column-has-shadow fusion-flex-column-wrapper-legacy\"><div class=\"fusion-text fusion-text-1\"><h1>cannabinno Trimmer Midi<\/h1>\n<h6>Robustezza e prestazioni senza pari.<\/h6>\n<\/div><div class=\"fusion-clearfix\"><\/div><\/div><\/div><div class=\"fusion-layout-column fusion_builder_column fusion-builder-column-1 fusion_builder_column_2_3 2_3 fusion-two-third fusion-column-first\" style=\"--awb-bg-size:cover;width:66.666666666667%;width:calc(66.666666666667% - ( ( 4% ) * 0.66666666666667 ) );margin-right: 4%;\"><div class=\"fusion-column-wrapper fusion-column-has-shadow fusion-flex-column-wrapper-legacy\"><div class=\"fusion-slider-sc fusion-flexslider-loading flexslider flexslider-hover-type-zoomin\" data-slideshow_autoplay=\"1\" data-slideshow_smooth_height=\"0\" data-slideshow_speed=\"7000\" style=\"max-width:100%;height:100%;\"><ul class=\"slides\"><li class=\"image\"><span class=\"fusion-image-hover-element hover-type-zoomin\"><img src=\"https:\/\/dev.cannabinno.swiss\/wp-content\/uploads\/2020\/05\/trimmer-midi-web.jpg\" width=\"1920\" height=\"1080\" class=\"wp-image-2481\" srcset=\"https:\/\/dev.cannabinno.swiss\/wp-content\/uploads\/2020\/05\/trimmer-midi-web-200x113.jpg 200w, https:\/\/dev.cannabinno.swiss\/wp-content\/uploads\/2020\/05\/trimmer-midi-web-400x225.jpg 400w, https:\/\/dev.cannabinno.swiss\/wp-content\/uploads\/2020\/05\/trimmer-midi-web-600x338.jpg 600w, https:\/\/dev.cannabinno.swiss\/wp-content\/uploads\/2020\/05\/trimmer-midi-web-800x450.jpg 800w, https:\/\/dev.cannabinno.swiss\/wp-content\/uploads\/2020\/05\/trimmer-midi-web-1200x675.jpg 1200w, https:\/\/dev.cannabinno.swiss\/wp-content\/uploads\/2020\/05\/trimmer-midi-web.jpg 1920w\" sizes=\"(max-width: 800px) 100vw, 800px\" \/><\/span><\/li><li class=\"image\"><span class=\"fusion-image-hover-element hover-type-zoomin\"><img src=\"https:\/\/dev.cannabinno.swiss\/wp-content\/uploads\/2021\/09\/trimmer-midi-3.jpg\" alt=\"trimmer midi\" width=\"1920\" height=\"1080\" class=\"wp-image-6118\" srcset=\"https:\/\/dev.cannabinno.swiss\/wp-content\/uploads\/2021\/09\/trimmer-midi-3-200x113.jpg 200w, https:\/\/dev.cannabinno.swiss\/wp-content\/uploads\/2021\/09\/trimmer-midi-3-400x225.jpg 400w, https:\/\/dev.cannabinno.swiss\/wp-content\/uploads\/2021\/09\/trimmer-midi-3-600x338.jpg 600w, https:\/\/dev.cannabinno.swiss\/wp-content\/uploads\/2021\/09\/trimmer-midi-3-800x450.jpg 800w, https:\/\/dev.cannabinno.swiss\/wp-content\/uploads\/2021\/09\/trimmer-midi-3-1200x675.jpg 1200w, https:\/\/dev.cannabinno.swiss\/wp-content\/uploads\/2021\/09\/trimmer-midi-3.jpg 1920w\" sizes=\"(max-width: 800px) 100vw, 800px\" \/><\/span><\/li><li class=\"image\"><span class=\"fusion-image-hover-element hover-type-zoomin\"><img src=\"https:\/\/dev.cannabinno.swiss\/wp-content\/uploads\/2021\/09\/trimmer-midi-2.jpg\" alt=\"trimmer midi\" width=\"1920\" height=\"1080\" class=\"wp-image-6113\" srcset=\"https:\/\/dev.cannabinno.swiss\/wp-content\/uploads\/2021\/09\/trimmer-midi-2-200x113.jpg 200w, https:\/\/dev.cannabinno.swiss\/wp-content\/uploads\/2021\/09\/trimmer-midi-2-400x225.jpg 400w, https:\/\/dev.cannabinno.swiss\/wp-content\/uploads\/2021\/09\/trimmer-midi-2-600x338.jpg 600w, https:\/\/dev.cannabinno.swiss\/wp-content\/uploads\/2021\/09\/trimmer-midi-2-800x450.jpg 800w, https:\/\/dev.cannabinno.swiss\/wp-content\/uploads\/2021\/09\/trimmer-midi-2-1200x675.jpg 1200w, https:\/\/dev.cannabinno.swiss\/wp-content\/uploads\/2021\/09\/trimmer-midi-2.jpg 1920w\" sizes=\"(max-width: 800px) 100vw, 800px\" \/><\/span><\/li><li class=\"image\"><span class=\"fusion-image-hover-element hover-type-zoomin\"><img src=\"https:\/\/dev.cannabinno.swiss\/wp-content\/uploads\/2021\/09\/trimmer-midi-5.jpg\" width=\"1920\" height=\"1080\" class=\"wp-image-6128\" srcset=\"https:\/\/dev.cannabinno.swiss\/wp-content\/uploads\/2021\/09\/trimmer-midi-5-200x113.jpg 200w, https:\/\/dev.cannabinno.swiss\/wp-content\/uploads\/2021\/09\/trimmer-midi-5-400x225.jpg 400w, https:\/\/dev.cannabinno.swiss\/wp-content\/uploads\/2021\/09\/trimmer-midi-5-600x338.jpg 600w, https:\/\/dev.cannabinno.swiss\/wp-content\/uploads\/2021\/09\/trimmer-midi-5-800x450.jpg 800w, https:\/\/dev.cannabinno.swiss\/wp-content\/uploads\/2021\/09\/trimmer-midi-5-1200x675.jpg 1200w, https:\/\/dev.cannabinno.swiss\/wp-content\/uploads\/2021\/09\/trimmer-midi-5.jpg 1920w\" sizes=\"(max-width: 800px) 100vw, 800px\" \/><\/span><\/li><li class=\"image\"><span class=\"fusion-image-hover-element hover-type-zoomin\"><img src=\"https:\/\/dev.cannabinno.swiss\/wp-content\/uploads\/2021\/09\/trimmer-midi-1.jpg\" alt=\"trimmer midi\" width=\"1920\" height=\"1080\" class=\"wp-image-6108\" srcset=\"https:\/\/dev.cannabinno.swiss\/wp-content\/uploads\/2021\/09\/trimmer-midi-1-200x113.jpg 200w, https:\/\/dev.cannabinno.swiss\/wp-content\/uploads\/2021\/09\/trimmer-midi-1-400x225.jpg 400w, https:\/\/dev.cannabinno.swiss\/wp-content\/uploads\/2021\/09\/trimmer-midi-1-600x338.jpg 600w, https:\/\/dev.cannabinno.swiss\/wp-content\/uploads\/2021\/09\/trimmer-midi-1-800x450.jpg 800w, https:\/\/dev.cannabinno.swiss\/wp-content\/uploads\/2021\/09\/trimmer-midi-1-1200x675.jpg 1200w, https:\/\/dev.cannabinno.swiss\/wp-content\/uploads\/2021\/09\/trimmer-midi-1.jpg 1920w\" sizes=\"(max-width: 800px) 100vw, 800px\" \/><\/span><\/li><li class=\"image\"><span class=\"fusion-image-hover-element hover-type-zoomin\"><img src=\"https:\/\/dev.cannabinno.swiss\/wp-content\/uploads\/2021\/09\/trimmer-midi-4.jpg\" alt=\"trimmer midi\" width=\"1920\" height=\"1080\" class=\"wp-image-6123\" srcset=\"https:\/\/dev.cannabinno.swiss\/wp-content\/uploads\/2021\/09\/trimmer-midi-4-200x113.jpg 200w, https:\/\/dev.cannabinno.swiss\/wp-content\/uploads\/2021\/09\/trimmer-midi-4-400x225.jpg 400w, https:\/\/dev.cannabinno.swiss\/wp-content\/uploads\/2021\/09\/trimmer-midi-4-600x338.jpg 600w, https:\/\/dev.cannabinno.swiss\/wp-content\/uploads\/2021\/09\/trimmer-midi-4-800x450.jpg 800w, https:\/\/dev.cannabinno.swiss\/wp-content\/uploads\/2021\/09\/trimmer-midi-4-1200x675.jpg 1200w, https:\/\/dev.cannabinno.swiss\/wp-content\/uploads\/2021\/09\/trimmer-midi-4.jpg 1920w\" sizes=\"(max-width: 800px) 100vw, 800px\" \/><\/span><\/li><\/ul><\/div><div class=\"fusion-clearfix\"><\/div><\/div><\/div><div class=\"fusion-layout-column fusion_builder_column fusion-builder-column-2 fusion_builder_column_1_3 1_3 fusion-one-third fusion-column-last\" style=\"--awb-bg-size:cover;width:33.333333333333%;width:calc(33.333333333333% - ( ( 4% ) * 0.33333333333333 ) );\"><div class=\"fusion-column-wrapper fusion-column-has-shadow fusion-flex-column-wrapper-legacy\"><div class=\"fusion-text fusion-text-2\"><h3>Specifiche tecniche<\/h3>\n<dl style=\"font-size: 0.9rem;\">\n<dt>Dimensioni<\/dt>\n<dd>L 65 cm x L 130 cm x H 90 cm<\/dd>\n<dt>Peso<\/dt>\n<dd>136 kg<\/dd>\n<dt>Tamburo per i fiori<\/dt>\n<dd>lunghezza: 97 cm, diametro: 22 cm<\/dd>\n<dt>Portata (a seconda della velocit\u00e0 effettiva)<\/dt>\n<dd>bagnato: 20-30 kg\/ora<br \/>\nsecco: da 15 kg\/ora<\/dd>\n<dt>Tagli\/minuto<\/dt>\n<dd>14&#8217;000<\/dd>\n<dt>Alimentatore<\/dt>\n<dd>230V\/6A (aspirazione 400V\/16A)<\/dd>\n<dt>Potenza di aspirazione consigliata<\/dt>\n<dd>2 kW<\/dd>\n<dt>Certificazione<\/dt>\n<dd>Certificato CE secondo linee guida della macchina<\/dd>\n<\/dl>\n<\/div><div class=\"fusion-align-block\"><a class=\"fusion-button button-flat button-medium button-default fusion-button-default button-1 fusion-button-span-yes fusion-button-default-type\" style=\"--button_text_transform:uppercase;\" target=\"_self\" href=\"https:\/\/dev.cannabinno.swiss\/it\/contatti\/\"><span class=\"fusion-button-text\">Richiedi un preventivo<\/span><\/a><\/div><div class=\"fusion-clearfix\"><\/div><\/div><\/div><div class=\"fusion-layout-column fusion_builder_column fusion-builder-column-3 fusion_builder_column_1_1 1_1 fusion-one-full fusion-column-first fusion-column-last\" style=\"--awb-bg-size:cover;\"><div class=\"fusion-column-wrapper fusion-column-has-shadow fusion-flex-column-wrapper-legacy\"><div class=\"fusion-text fusion-text-3\"><h3>Il cavallo di battaglia della famiglia cannabinno.<\/h3>\n<p>Anche qui l&#8217;ingegneria perfetta mostra la sua importanza. Il trimmer cannabinno midi colpisce per la sua elevata portata. Pu\u00f2 anche far fronte a una massa fogliare pi\u00f9 grande e spara senza problemi. Il risultato del taglio \u00e8 costante e delicato sui fiori. I risultati convincono immediatamente ogni cliente. Tutte le parti a contatto con il prodotto sono realizzate in acciaio cromato. Tutto \u00e8 prodotto in Svizzera, il che garantisce un servizio ottimale. Il rotore e la lama possono essere affilati se lo si desidera, sebbene l&#8217;usura sia molto bassa.<\/p>\n<p>Il trimmer cannabinno midi \u00e8 idealmente posizionato in una linea di due. Per la lavorazione a umido, puoi lavorare con due tamburi scanalati da 9 mm o con un tamburo da 9 mm e uno da 7 mm. Il tamburo da 7 mm \u00e8 consigliato per il taglio a secco. Se necessario, pu\u00f2 essere utilizzato anche un tamburo da 4 mm. Il trimmer cannabinno midi convince con la sua costruzione robusta e il perfetto risultato di rifinitura. La lunga durata e l&#8217;alta qualit\u00e0 rendono questa macchina indispensabile per le medie e grandi aziende.<\/p>\n<\/div><div class=\"fusion-text fusion-text-4\"><h3>Caratteristiche<\/h3>\n<ul>\n<li>tutte le parti a contatto con il prodotto sono in acciaio cromato<\/li>\n<li>Lama in acciaio inox per coltello, indurito<\/li>\n<li>3 tipi di tamburi intercambiabili (misura del foro da 4\/7\/9 mm per la lavorazione a secco)<\/li>\n<li>Facile regolazione della lama per un taglio preciso<\/li>\n<li>Costruzione modulare<\/li>\n<li>Facile manutenzione<\/li>\n<li>Pu\u00f2 essere pulito con un pulitore ad alta pressione<\/li>\n<li>Adatto per un funzionamento continuo ad alte prestazioni<\/li>\n<\/ul>\n<\/div><div class=\"fusion-clearfix\"><\/div><\/div><\/div><\/div><\/div><div class=\"fusion-fullwidth fullwidth-box fusion-builder-row-2 auszeichnung-gruen nonhundred-percent-fullwidth non-hundred-percent-height-scrolling\" style=\"--awb-border-radius-top-left:0px;--awb-border-radius-top-right:0px;--awb-border-radius-bottom-right:0px;--awb-border-radius-bottom-left:0px;--awb-padding-top:20px;--awb-margin-bottom:-30px;--awb-background-color:#6aab33;\" ><div class=\"fusion-builder-row fusion-row\"><div class=\"fusion-layout-column fusion_builder_column fusion-builder-column-4 fusion_builder_column_1_3 1_3 fusion-one-third fusion-column-first\" style=\"--awb-bg-size:cover;width:33.333333333333%;width:calc(33.333333333333% - ( ( 4% + 4% ) * 0.33333333333333 ) );margin-right: 4%;\"><div class=\"fusion-column-wrapper fusion-column-has-shadow fusion-flex-column-wrapper-legacy\"><div class=\"fusion-text fusion-text-5\"><h1>cannabinno Trimmer Maxi<\/h1>\n<p>Il trimmer top per la lavorazione su ampia scala \u00e8 dotato di 8 lame in acciaio per coltelli appositamente temprati e di un tamburo pi\u00f9 grande. Per la massima produttivit\u00e0 e una qualit\u00e0 ancora pi\u00f9 elevata.<\/p>\n<p><a href=\"https:\/\/dev.cannabinno.swiss\/it\/prodotti\/trimmer-maxi-cannabinno\/\"><strong>Maggiori informazioni<\/strong><\/a><\/p>\n<\/div><div class=\"fusion-clearfix\"><\/div><\/div><\/div><div class=\"fusion-layout-column fusion_builder_column fusion-builder-column-5 fusion_builder_column_1_3 1_3 fusion-one-third\" style=\"--awb-bg-size:cover;width:33.333333333333%;width:calc(33.333333333333% - ( ( 4% + 4% ) * 0.33333333333333 ) );margin-right: 4%;\"><div class=\"fusion-column-wrapper fusion-column-has-shadow fusion-flex-column-wrapper-legacy\"><div class=\"fusion-text fusion-text-6\"><h1>cannabinno Trimmer Mixi<\/h1>\n<p>Il trimmer top per la lavorazione su ampia scala \u00e8 dotato di 4 lame in acciaio per coltelli appositamente temprati e di un tamburo pi\u00f9 grande. Per la massima produttivit\u00e0 e una qualit\u00e0 ancora pi\u00f9 elevata.<\/p>\n<p><strong><a href=\"https:\/\/dev.cannabinno.swiss\/it\/prodotti\/trimmer-mixi\/\">Maggiori informazioni<\/a><\/strong><\/p>\n<\/div><div class=\"fusion-clearfix\"><\/div><\/div><\/div><div class=\"fusion-layout-column fusion_builder_column fusion-builder-column-6 fusion_builder_column_1_3 1_3 fusion-one-third fusion-column-last\" style=\"--awb-bg-size:cover;width:33.333333333333%;width:calc(33.333333333333% - ( ( 4% + 4% ) * 0.33333333333333 ) );\"><div class=\"fusion-column-wrapper fusion-column-has-shadow fusion-flex-column-wrapper-legacy\"><div class=\"fusion-text fusion-text-7\"><h1>cannabinno Trimmer Mini<\/h1>\n<p>L&#8217;affidabile trimmer svizzero di cannabis occupa poco spazio su un tavolo ed \u00e8 adatto per fiori secchi e bagnati.<\/p>\n<p><strong><a href=\"https:\/\/dev.cannabinno.swiss\/it\/prodotti\/trimmer-mini-cannabinno\/\">Maggiori informazioni<\/a><\/strong><\/p>\n<\/div><div class=\"fusion-clearfix\"><\/div><\/div><\/div><\/div><\/div><\/p>\n","protected":false},"excerpt":{"rendered":"","protected":false},"author":1,"featured_media":0,"parent":2811,"menu_order":32,"comment_status":"closed","ping_status":"closed","template":"100-width.php","meta":{"inline_featured_image":false},"yoast_head":"<!-- This site is optimized with the Yoast SEO plugin v19.13 - https:\/\/yoast.com\/wordpress\/plugins\/seo\/ -->\n<title>Trimmer Midi - Cannabinno<\/title>\n<meta name=\"robots\" content=\"noindex, follow, max-snippet:-1, max-image-preview:large, max-video-preview:-1\" \/>\n<meta property=\"og:locale\" content=\"it_IT\" \/>\n<meta property=\"og:type\" content=\"article\" \/>\n<meta property=\"og:title\" content=\"trimmer midi cannabinno: il jolly tuttofare\" \/>\n<meta property=\"og:description\" content=\"Lo standard svizzero per tagliare in modo professionale la cannabis: impareggiabile, robusto e potente, adatto per operazioni continuative ad alte prestazioni\" \/>\n<meta property=\"og:url\" content=\"https:\/\/dev.cannabinno.swiss\/it\/prodotti\/trimmer-cannabinno\/\" \/>\n<meta property=\"og:site_name\" content=\"Cannabinno\" \/>\n<meta property=\"article:modified_time\" content=\"2021-09-29T12:24:56+00:00\" \/>\n<meta property=\"og:image\" content=\"https:\/\/dev.cannabinno.swiss\/wp-content\/uploads\/2020\/05\/trimmer_midi_1200_630px.jpg\" \/>\n<meta name=\"twitter:card\" content=\"summary_large_image\" \/>\n<meta name=\"twitter:label1\" content=\"Tempo di lettura stimato\" \/>\n\t<meta name=\"twitter:data1\" content=\"15 minuti\" \/>\n<script type=\"application\/ld+json\" class=\"yoast-schema-graph\">{\"@context\":\"https:\/\/schema.org\",\"@graph\":[{\"@type\":\"WebPage\",\"@id\":\"https:\/\/dev.cannabinno.swiss\/it\/prodotti\/trimmer-cannabinno\/\",\"url\":\"https:\/\/dev.cannabinno.swiss\/it\/prodotti\/trimmer-cannabinno\/\",\"name\":\"Trimmer Midi - Cannabinno\",\"isPartOf\":{\"@id\":\"https:\/\/dev.cannabinno.swiss\/#website\"},\"datePublished\":\"2020-07-15T08:53:55+00:00\",\"dateModified\":\"2021-09-29T12:24:56+00:00\",\"breadcrumb\":{\"@id\":\"https:\/\/dev.cannabinno.swiss\/it\/prodotti\/trimmer-cannabinno\/#breadcrumb\"},\"inLanguage\":\"it-IT\",\"potentialAction\":[{\"@type\":\"ReadAction\",\"target\":[\"https:\/\/dev.cannabinno.swiss\/it\/prodotti\/trimmer-cannabinno\/\"]}]},{\"@type\":\"BreadcrumbList\",\"@id\":\"https:\/\/dev.cannabinno.swiss\/it\/prodotti\/trimmer-cannabinno\/#breadcrumb\",\"itemListElement\":[{\"@type\":\"ListItem\",\"position\":1,\"name\":\"Startseite\",\"item\":\"https:\/\/dev.cannabinno.swiss\/it\/\"},{\"@type\":\"ListItem\",\"position\":2,\"name\":\"Prodotti\",\"item\":\"https:\/\/dev.cannabinno.swiss\/it\/prodotti\/\"},{\"@type\":\"ListItem\",\"position\":3,\"name\":\"Trimmer Midi\"}]},{\"@type\":\"WebSite\",\"@id\":\"https:\/\/dev.cannabinno.swiss\/#website\",\"url\":\"https:\/\/dev.cannabinno.swiss\/\",\"name\":\"Cannabinno\",\"description\":\"swissmade quality machines.\",\"potentialAction\":[{\"@type\":\"SearchAction\",\"target\":{\"@type\":\"EntryPoint\",\"urlTemplate\":\"https:\/\/dev.cannabinno.swiss\/?s={search_term_string}\"},\"query-input\":\"required name=search_term_string\"}],\"inLanguage\":\"it-IT\"}]}<\/script>\n<!-- \/ Yoast SEO plugin. -->","yoast_head_json":{"title":"Trimmer Midi - Cannabinno","robots":{"index":"noindex","follow":"follow","max-snippet":"max-snippet:-1","max-image-preview":"max-image-preview:large","max-video-preview":"max-video-preview:-1"},"og_locale":"it_IT","og_type":"article","og_title":"trimmer midi cannabinno: il jolly tuttofare","og_description":"Lo standard svizzero per tagliare in modo professionale la cannabis: impareggiabile, robusto e potente, adatto per operazioni continuative ad alte prestazioni","og_url":"https:\/\/dev.cannabinno.swiss\/it\/prodotti\/trimmer-cannabinno\/","og_site_name":"Cannabinno","article_modified_time":"2021-09-29T12:24:56+00:00","og_image":[{"url":"https:\/\/dev.cannabinno.swiss\/wp-content\/uploads\/2020\/05\/trimmer_midi_1200_630px.jpg"}],"twitter_card":"summary_large_image","twitter_misc":{"Tempo di lettura stimato":"15 minuti"},"schema":{"@context":"https:\/\/schema.org","@graph":[{"@type":"WebPage","@id":"https:\/\/dev.cannabinno.swiss\/it\/prodotti\/trimmer-cannabinno\/","url":"https:\/\/dev.cannabinno.swiss\/it\/prodotti\/trimmer-cannabinno\/","name":"Trimmer Midi - Cannabinno","isPartOf":{"@id":"https:\/\/dev.cannabinno.swiss\/#website"},"datePublished":"2020-07-15T08:53:55+00:00","dateModified":"2021-09-29T12:24:56+00:00","breadcrumb":{"@id":"https:\/\/dev.cannabinno.swiss\/it\/prodotti\/trimmer-cannabinno\/#breadcrumb"},"inLanguage":"it-IT","potentialAction":[{"@type":"ReadAction","target":["https:\/\/dev.cannabinno.swiss\/it\/prodotti\/trimmer-cannabinno\/"]}]},{"@type":"BreadcrumbList","@id":"https:\/\/dev.cannabinno.swiss\/it\/prodotti\/trimmer-cannabinno\/#breadcrumb","itemListElement":[{"@type":"ListItem","position":1,"name":"Startseite","item":"https:\/\/dev.cannabinno.swiss\/it\/"},{"@type":"ListItem","position":2,"name":"Prodotti","item":"https:\/\/dev.cannabinno.swiss\/it\/prodotti\/"},{"@type":"ListItem","position":3,"name":"Trimmer Midi"}]},{"@type":"WebSite","@id":"https:\/\/dev.cannabinno.swiss\/#website","url":"https:\/\/dev.cannabinno.swiss\/","name":"Cannabinno","description":"swissmade quality machines.","potentialAction":[{"@type":"SearchAction","target":{"@type":"EntryPoint","urlTemplate":"https:\/\/dev.cannabinno.swiss\/?s={search_term_string}"},"query-input":"required name=search_term_string"}],"inLanguage":"it-IT"}]}},"_links":{"self":[{"href":"https:\/\/dev.cannabinno.swiss\/it\/wp-json\/wp\/v2\/pages\/3081"}],"collection":[{"href":"https:\/\/dev.cannabinno.swiss\/it\/wp-json\/wp\/v2\/pages"}],"about":[{"href":"https:\/\/dev.cannabinno.swiss\/it\/wp-json\/wp\/v2\/types\/page"}],"author":[{"embeddable":true,"href":"https:\/\/dev.cannabinno.swiss\/it\/wp-json\/wp\/v2\/users\/1"}],"replies":[{"embeddable":true,"href":"https:\/\/dev.cannabinno.swiss\/it\/wp-json\/wp\/v2\/comments?post=3081"}],"version-history":[{"count":8,"href":"https:\/\/dev.cannabinno.swiss\/it\/wp-json\/wp\/v2\/pages\/3081\/revisions"}],"predecessor-version":[{"id":6252,"href":"https:\/\/dev.cannabinno.swiss\/it\/wp-json\/wp\/v2\/pages\/3081\/revisions\/6252"}],"up":[{"embeddable":true,"href":"https:\/\/dev.cannabinno.swiss\/it\/wp-json\/wp\/v2\/pages\/2811"}],"wp:attachment":[{"href":"https:\/\/dev.cannabinno.swiss\/it\/wp-json\/wp\/v2\/media?parent=3081"}],"curies":[{"name":"wp","href":"https:\/\/api.w.org\/{rel}","templated":true}]}}