{"id":5259,"date":"2021-09-08T11:26:27","date_gmt":"2021-09-08T09:26:27","guid":{"rendered":"https:\/\/dev.cannabinno.swiss\/produits\/tapis-roulant-maxi\/"},"modified":"2021-11-16T15:29:29","modified_gmt":"2021-11-16T14:29:29","slug":"tapis-roulant-maxi","status":"publish","type":"page","link":"https:\/\/dev.cannabinno.swiss\/fr\/produits\/tapis-roulant-maxi\/","title":{"rendered":"Bande transporteuse Maxi"},"content":{"rendered":"<div class=\"fusion-fullwidth fullwidth-box fusion-builder-row-1 nonhundred-percent-fullwidth non-hundred-percent-height-scrolling\" style=\"--awb-border-radius-top-left:0px;--awb-border-radius-top-right:0px;--awb-border-radius-bottom-right:0px;--awb-border-radius-bottom-left:0px;\" ><div class=\"fusion-builder-row fusion-row\"><div class=\"fusion-layout-column fusion_builder_column fusion-builder-column-0 fusion_builder_column_1_1 1_1 fusion-one-full fusion-column-first fusion-column-last\" style=\"--awb-bg-size:cover;\"><div class=\"fusion-column-wrapper fusion-column-has-shadow fusion-flex-column-wrapper-legacy\"><div class=\"fusion-text fusion-text-1\"><h1>cannabinno bande transporteuse Maxi<\/h1>\n<\/div><div class=\"fusion-clearfix\"><\/div><\/div><\/div><div class=\"fusion-layout-column fusion_builder_column fusion-builder-column-1 fusion_builder_column_2_3 2_3 fusion-two-third fusion-column-first\" style=\"--awb-bg-size:cover;width:66.666666666667%;width:calc(66.666666666667% - ( ( 4% ) * 0.66666666666667 ) );margin-right: 4%;\"><div class=\"fusion-column-wrapper fusion-column-has-shadow fusion-flex-column-wrapper-legacy\"><div class=\"fusion-slider-sc fusion-flexslider-loading flexslider flexslider-hover-type-zoomin\" data-slideshow_autoplay=\"1\" data-slideshow_smooth_height=\"0\" data-slideshow_speed=\"7000\" style=\"max-width:100%;height:100%;\"><ul class=\"slides\"><li class=\"image\"><span class=\"fusion-image-hover-element hover-type-zoomin\"><img src=\"https:\/\/dev.cannabinno.swiss\/wp-content\/uploads\/2021\/06\/foerderband-maxi.jpg\" alt=\"bande transporteuse Maxi\" width=\"1920\" height=\"1080\" class=\"wp-image-4692\" srcset=\"https:\/\/dev.cannabinno.swiss\/wp-content\/uploads\/2021\/06\/foerderband-maxi-200x113.jpg 200w, https:\/\/dev.cannabinno.swiss\/wp-content\/uploads\/2021\/06\/foerderband-maxi-400x225.jpg 400w, https:\/\/dev.cannabinno.swiss\/wp-content\/uploads\/2021\/06\/foerderband-maxi-600x338.jpg 600w, https:\/\/dev.cannabinno.swiss\/wp-content\/uploads\/2021\/06\/foerderband-maxi-800x450.jpg 800w, https:\/\/dev.cannabinno.swiss\/wp-content\/uploads\/2021\/06\/foerderband-maxi-1200x675.jpg 1200w, https:\/\/dev.cannabinno.swiss\/wp-content\/uploads\/2021\/06\/foerderband-maxi.jpg 1920w\" sizes=\"(max-width: 800px) 100vw, 800px\" \/><\/span><\/li><li class=\"image\"><span class=\"fusion-image-hover-element hover-type-zoomin\"><img src=\"https:\/\/dev.cannabinno.swiss\/wp-content\/uploads\/2021\/09\/foerderband-maxi-3.jpg\" alt=\"f\u00f6rderband maxi\" width=\"1920\" height=\"1080\" class=\"wp-image-6056\" srcset=\"https:\/\/dev.cannabinno.swiss\/wp-content\/uploads\/2021\/09\/foerderband-maxi-3-200x113.jpg 200w, https:\/\/dev.cannabinno.swiss\/wp-content\/uploads\/2021\/09\/foerderband-maxi-3-400x225.jpg 400w, https:\/\/dev.cannabinno.swiss\/wp-content\/uploads\/2021\/09\/foerderband-maxi-3-600x338.jpg 600w, https:\/\/dev.cannabinno.swiss\/wp-content\/uploads\/2021\/09\/foerderband-maxi-3-800x450.jpg 800w, https:\/\/dev.cannabinno.swiss\/wp-content\/uploads\/2021\/09\/foerderband-maxi-3-1200x675.jpg 1200w, https:\/\/dev.cannabinno.swiss\/wp-content\/uploads\/2021\/09\/foerderband-maxi-3.jpg 1920w\" sizes=\"(max-width: 800px) 100vw, 800px\" \/><\/span><\/li><li class=\"image\"><span class=\"fusion-image-hover-element hover-type-zoomin\"><img src=\"https:\/\/dev.cannabinno.swiss\/wp-content\/uploads\/2021\/09\/foerderband-maxi-1.jpg\" alt=\"f\u00f6rderband maxi\" width=\"1920\" height=\"1080\" class=\"wp-image-6046\" srcset=\"https:\/\/dev.cannabinno.swiss\/wp-content\/uploads\/2021\/09\/foerderband-maxi-1-200x113.jpg 200w, https:\/\/dev.cannabinno.swiss\/wp-content\/uploads\/2021\/09\/foerderband-maxi-1-400x225.jpg 400w, https:\/\/dev.cannabinno.swiss\/wp-content\/uploads\/2021\/09\/foerderband-maxi-1-600x338.jpg 600w, https:\/\/dev.cannabinno.swiss\/wp-content\/uploads\/2021\/09\/foerderband-maxi-1-800x450.jpg 800w, https:\/\/dev.cannabinno.swiss\/wp-content\/uploads\/2021\/09\/foerderband-maxi-1-1200x675.jpg 1200w, https:\/\/dev.cannabinno.swiss\/wp-content\/uploads\/2021\/09\/foerderband-maxi-1.jpg 1920w\" sizes=\"(max-width: 800px) 100vw, 800px\" \/><\/span><\/li><li class=\"image\"><span class=\"fusion-image-hover-element hover-type-zoomin\"><img src=\"https:\/\/dev.cannabinno.swiss\/wp-content\/uploads\/2021\/09\/foerderband-maxi-2.jpg\" alt=\"f\u00f6rderband maxi\" width=\"1920\" height=\"1080\" class=\"wp-image-6051\" srcset=\"https:\/\/dev.cannabinno.swiss\/wp-content\/uploads\/2021\/09\/foerderband-maxi-2-200x113.jpg 200w, https:\/\/dev.cannabinno.swiss\/wp-content\/uploads\/2021\/09\/foerderband-maxi-2-400x225.jpg 400w, https:\/\/dev.cannabinno.swiss\/wp-content\/uploads\/2021\/09\/foerderband-maxi-2-600x338.jpg 600w, https:\/\/dev.cannabinno.swiss\/wp-content\/uploads\/2021\/09\/foerderband-maxi-2-800x450.jpg 800w, https:\/\/dev.cannabinno.swiss\/wp-content\/uploads\/2021\/09\/foerderband-maxi-2-1200x675.jpg 1200w, https:\/\/dev.cannabinno.swiss\/wp-content\/uploads\/2021\/09\/foerderband-maxi-2.jpg 1920w\" sizes=\"(max-width: 800px) 100vw, 800px\" \/><\/span><\/li><\/ul><\/div><div class=\"fusion-clearfix\"><\/div><\/div><\/div><div class=\"fusion-layout-column fusion_builder_column fusion-builder-column-2 fusion_builder_column_1_3 1_3 fusion-one-third fusion-column-last\" style=\"--awb-bg-size:cover;width:33.333333333333%;width:calc(33.333333333333% - ( ( 4% ) * 0.33333333333333 ) );\"><div class=\"fusion-column-wrapper fusion-column-has-shadow fusion-flex-column-wrapper-legacy\"><div class=\"fusion-text fusion-text-2\"><h3>Sp\u00e9cifications techniques<\/h3>\n<dl style=\"font-size: 0.9rem;\">\n<dt>Dimensions de la bande transporteuse Maxi<\/dt>\n<dd>l 42.5 cm x L 164 cm x H 97 cm<\/dd>\n<dt>Largeur de ruban<\/dt>\n<dd>25 cm<\/dd>\n<dt>Alimentation \u00e9lectrique<\/dt>\n<dd>230V \/ 6A<\/dd>\n<dt>Certification<\/dt>\n<dd>Certification CE selon les directives machines<\/dd>\n<\/dl>\n<\/div><div class=\"fusion-align-block\"><a class=\"fusion-button button-flat button-medium button-default fusion-button-default button-1 fusion-button-span-yes fusion-button-default-type\" style=\"--button_text_transform:uppercase;\" target=\"_self\" href=\"https:\/\/dev.cannabinno.swiss\/fr\/contact\/\"><span class=\"fusion-button-text\">Demander une offre<\/span><\/a><\/div><div class=\"fusion-clearfix\"><\/div><\/div><\/div><div class=\"fusion-layout-column fusion_builder_column fusion-builder-column-3 fusion_builder_column_1_1 1_1 fusion-one-full fusion-column-first fusion-column-last\" style=\"--awb-bg-size:cover;\"><div class=\"fusion-column-wrapper fusion-column-has-shadow fusion-flex-column-wrapper-legacy\"><div class=\"fusion-text fusion-text-3\"><p><strong>Les bandes transporteuses cannabinno Midi et Maxi peuvent \u00eatre utilis\u00e9es de plusieurs mani\u00e8res.<\/strong><\/p>\n<p>1. Comme ruban de remplissage pour le cannabinno Trimmer Midi ou Trimmer Mixi :<\/p>\n<p>Les fleurs sont introduites uniform\u00e9ment dans le tambour pendant tout le processus de taille, ce qui augmente la qualit\u00e9 du r\u00e9sultat de la coupe par rapport au remplissage manuel.<\/p>\n<p>2. En tant que bande de contr\u00f4le apr\u00e8s le processus de coupe\u00a0:<\/p>\n<p>Une lampe LED est \u00e9galement mont\u00e9e au-dessus de la bande transporteuse, ce qui rend le contr\u00f4le et le tri des mauvaises fleurs tr\u00e8s facile et efficace. Les bandes transporteuses sont propos\u00e9es dans une longueur standard et sont disponibles en deux largeurs diff\u00e9rentes. Des bandes sur mesure peuvent \u00e9galement \u00eatre produites selon les exigences du client.<\/p>\n<\/div><div class=\"fusion-text fusion-text-4\"><h3>Caract\u00e9ristiques<\/h3>\n<ul>\n<li>Tous les \u00e9l\u00e9ments en contact sont conformes au FDA<\/li>\n<li>Inclinaison r\u00e9glable<\/li>\n<li>Vitesse d\u2019alimentation r\u00e9glable<\/li>\n<li>Alimentation r\u00e9guli\u00e8re en produit<\/li>\n<li>Adapt\u00e9 pour le traitement humide ou sec du produit<\/li>\n<li>En option, le ruban peut \u00eatre transform\u00e9 en ruban de contr\u00f4le<\/li>\n<\/ul>\n<\/div><div class=\"fusion-clearfix\"><\/div><\/div><\/div><\/div><\/div>\n","protected":false},"excerpt":{"rendered":"","protected":false},"author":1,"featured_media":0,"parent":2807,"menu_order":12,"comment_status":"closed","ping_status":"closed","template":"","meta":{"inline_featured_image":false},"yoast_head":"<!-- This site is optimized with the Yoast SEO plugin v19.13 - https:\/\/yoast.com\/wordpress\/plugins\/seo\/ -->\n<title>Bande transporteuse Maxi - Cannabinno<\/title>\n<meta name=\"robots\" content=\"noindex, follow, max-snippet:-1, max-image-preview:large, max-video-preview:-1\" \/>\n<meta property=\"og:locale\" content=\"fr_FR\" \/>\n<meta property=\"og:type\" content=\"article\" \/>\n<meta property=\"og:title\" content=\"cannabinno feeder : traitement ininterrompu\" \/>\n<meta property=\"og:description\" content=\"Le syst\u00e8me de transport alternatif : un remplissage en douceur du trimmer en dosant continuellement.\" \/>\n<meta property=\"og:url\" content=\"https:\/\/dev.cannabinno.swiss\/fr\/produits\/tapis-roulant-maxi\/\" \/>\n<meta property=\"og:site_name\" content=\"Cannabinno\" \/>\n<meta property=\"article:modified_time\" content=\"2021-11-16T14:29:29+00:00\" \/>\n<meta property=\"og:image\" content=\"https:\/\/dev.cannabinno.swiss\/wp-content\/uploads\/2021\/06\/feeder-flex-og.jpg\" \/>\n<meta name=\"twitter:card\" content=\"summary_large_image\" \/>\n<meta name=\"twitter:image\" content=\"https:\/\/dev.cannabinno.swiss\/wp-content\/uploads\/2021\/06\/feeder-flex-og.jpg\" \/>\n<meta name=\"twitter:label1\" content=\"Dur\u00e9e de lecture estim\u00e9e\" \/>\n\t<meta name=\"twitter:data1\" content=\"8 minutes\" \/>\n<script type=\"application\/ld+json\" class=\"yoast-schema-graph\">{\"@context\":\"https:\/\/schema.org\",\"@graph\":[{\"@type\":\"WebPage\",\"@id\":\"https:\/\/dev.cannabinno.swiss\/fr\/produits\/tapis-roulant-maxi\/\",\"url\":\"https:\/\/dev.cannabinno.swiss\/fr\/produits\/tapis-roulant-maxi\/\",\"name\":\"Bande transporteuse Maxi - Cannabinno\",\"isPartOf\":{\"@id\":\"https:\/\/dev.cannabinno.swiss\/#website\"},\"datePublished\":\"2021-09-08T09:26:27+00:00\",\"dateModified\":\"2021-11-16T14:29:29+00:00\",\"breadcrumb\":{\"@id\":\"https:\/\/dev.cannabinno.swiss\/fr\/produits\/tapis-roulant-maxi\/#breadcrumb\"},\"inLanguage\":\"fr-FR\",\"potentialAction\":[{\"@type\":\"ReadAction\",\"target\":[\"https:\/\/dev.cannabinno.swiss\/fr\/produits\/tapis-roulant-maxi\/\"]}]},{\"@type\":\"BreadcrumbList\",\"@id\":\"https:\/\/dev.cannabinno.swiss\/fr\/produits\/tapis-roulant-maxi\/#breadcrumb\",\"itemListElement\":[{\"@type\":\"ListItem\",\"position\":1,\"name\":\"Startseite\",\"item\":\"https:\/\/dev.cannabinno.swiss\/fr\/\"},{\"@type\":\"ListItem\",\"position\":2,\"name\":\"Produits\",\"item\":\"https:\/\/dev.cannabinno.swiss\/fr\/produits\/\"},{\"@type\":\"ListItem\",\"position\":3,\"name\":\"Bande transporteuse Maxi\"}]},{\"@type\":\"WebSite\",\"@id\":\"https:\/\/dev.cannabinno.swiss\/#website\",\"url\":\"https:\/\/dev.cannabinno.swiss\/\",\"name\":\"Cannabinno\",\"description\":\"swissmade quality machines.\",\"potentialAction\":[{\"@type\":\"SearchAction\",\"target\":{\"@type\":\"EntryPoint\",\"urlTemplate\":\"https:\/\/dev.cannabinno.swiss\/?s={search_term_string}\"},\"query-input\":\"required name=search_term_string\"}],\"inLanguage\":\"fr-FR\"}]}<\/script>\n<!-- \/ Yoast SEO plugin. -->","yoast_head_json":{"title":"Bande transporteuse Maxi - Cannabinno","robots":{"index":"noindex","follow":"follow","max-snippet":"max-snippet:-1","max-image-preview":"max-image-preview:large","max-video-preview":"max-video-preview:-1"},"og_locale":"fr_FR","og_type":"article","og_title":"cannabinno feeder : traitement ininterrompu","og_description":"Le syst\u00e8me de transport alternatif : un remplissage en douceur du trimmer en dosant continuellement.","og_url":"https:\/\/dev.cannabinno.swiss\/fr\/produits\/tapis-roulant-maxi\/","og_site_name":"Cannabinno","article_modified_time":"2021-11-16T14:29:29+00:00","og_image":[{"url":"https:\/\/dev.cannabinno.swiss\/wp-content\/uploads\/2021\/06\/feeder-flex-og.jpg"}],"twitter_card":"summary_large_image","twitter_image":"https:\/\/dev.cannabinno.swiss\/wp-content\/uploads\/2021\/06\/feeder-flex-og.jpg","twitter_misc":{"Dur\u00e9e de lecture estim\u00e9e":"8 minutes"},"schema":{"@context":"https:\/\/schema.org","@graph":[{"@type":"WebPage","@id":"https:\/\/dev.cannabinno.swiss\/fr\/produits\/tapis-roulant-maxi\/","url":"https:\/\/dev.cannabinno.swiss\/fr\/produits\/tapis-roulant-maxi\/","name":"Bande transporteuse Maxi - Cannabinno","isPartOf":{"@id":"https:\/\/dev.cannabinno.swiss\/#website"},"datePublished":"2021-09-08T09:26:27+00:00","dateModified":"2021-11-16T14:29:29+00:00","breadcrumb":{"@id":"https:\/\/dev.cannabinno.swiss\/fr\/produits\/tapis-roulant-maxi\/#breadcrumb"},"inLanguage":"fr-FR","potentialAction":[{"@type":"ReadAction","target":["https:\/\/dev.cannabinno.swiss\/fr\/produits\/tapis-roulant-maxi\/"]}]},{"@type":"BreadcrumbList","@id":"https:\/\/dev.cannabinno.swiss\/fr\/produits\/tapis-roulant-maxi\/#breadcrumb","itemListElement":[{"@type":"ListItem","position":1,"name":"Startseite","item":"https:\/\/dev.cannabinno.swiss\/fr\/"},{"@type":"ListItem","position":2,"name":"Produits","item":"https:\/\/dev.cannabinno.swiss\/fr\/produits\/"},{"@type":"ListItem","position":3,"name":"Bande transporteuse Maxi"}]},{"@type":"WebSite","@id":"https:\/\/dev.cannabinno.swiss\/#website","url":"https:\/\/dev.cannabinno.swiss\/","name":"Cannabinno","description":"swissmade quality machines.","potentialAction":[{"@type":"SearchAction","target":{"@type":"EntryPoint","urlTemplate":"https:\/\/dev.cannabinno.swiss\/?s={search_term_string}"},"query-input":"required name=search_term_string"}],"inLanguage":"fr-FR"}]}},"_links":{"self":[{"href":"https:\/\/dev.cannabinno.swiss\/fr\/wp-json\/wp\/v2\/pages\/5259"}],"collection":[{"href":"https:\/\/dev.cannabinno.swiss\/fr\/wp-json\/wp\/v2\/pages"}],"about":[{"href":"https:\/\/dev.cannabinno.swiss\/fr\/wp-json\/wp\/v2\/types\/page"}],"author":[{"embeddable":true,"href":"https:\/\/dev.cannabinno.swiss\/fr\/wp-json\/wp\/v2\/users\/1"}],"replies":[{"embeddable":true,"href":"https:\/\/dev.cannabinno.swiss\/fr\/wp-json\/wp\/v2\/comments?post=5259"}],"version-history":[{"count":10,"href":"https:\/\/dev.cannabinno.swiss\/fr\/wp-json\/wp\/v2\/pages\/5259\/revisions"}],"predecessor-version":[{"id":6616,"href":"https:\/\/dev.cannabinno.swiss\/fr\/wp-json\/wp\/v2\/pages\/5259\/revisions\/6616"}],"up":[{"embeddable":true,"href":"https:\/\/dev.cannabinno.swiss\/fr\/wp-json\/wp\/v2\/pages\/2807"}],"wp:attachment":[{"href":"https:\/\/dev.cannabinno.swiss\/fr\/wp-json\/wp\/v2\/media?parent=5259"}],"curies":[{"name":"wp","href":"https:\/\/api.w.org\/{rel}","templated":true}]}}