{"id":5255,"date":"2021-09-08T11:26:20","date_gmt":"2021-09-08T09:26:20","guid":{"rendered":"https:\/\/dev.cannabinno.swiss\/produits\/henrys-hemp-harvester-700\/"},"modified":"2021-11-16T15:45:37","modified_gmt":"2021-11-16T14:45:37","slug":"henrys-hemp-harvester-700","status":"publish","type":"page","link":"https:\/\/dev.cannabinno.swiss\/fr\/produits\/henrys-hemp-harvester-700\/","title":{"rendered":"Henry&rsquo;s Hemp Harvester 700"},"content":{"rendered":"<div class=\"fusion-fullwidth fullwidth-box fusion-builder-row-1 fusion-flex-container nonhundred-percent-fullwidth non-hundred-percent-height-scrolling\" style=\"--awb-border-radius-top-left:0px;--awb-border-radius-top-right:0px;--awb-border-radius-bottom-right:0px;--awb-border-radius-bottom-left:0px;\" ><div class=\"fusion-builder-row fusion-row fusion-flex-align-items-flex-start\" style=\"max-width:1248px;margin-left: calc(-4% \/ 2 );margin-right: calc(-4% \/ 2 );\"><div class=\"fusion-layout-column fusion_builder_column fusion-builder-column-0 fusion_builder_column_1_1 1_1 fusion-flex-column\" style=\"--awb-bg-size:cover;--awb-width-large:100%;--awb-margin-top-large:0px;--awb-spacing-right-large:1.92%;--awb-margin-bottom-large:20px;--awb-spacing-left-large:1.92%;--awb-width-medium:100%;--awb-order-medium:0;--awb-spacing-right-medium:1.92%;--awb-spacing-left-medium:1.92%;--awb-width-small:100%;--awb-order-small:0;--awb-spacing-right-small:1.92%;--awb-spacing-left-small:1.92%;\"><div class=\"fusion-column-wrapper fusion-column-has-shadow fusion-flex-justify-content-flex-start fusion-content-layout-column\"><div class=\"fusion-text fusion-text-1\"><h1>Henry&rsquo;s Hemp Harvester 700<\/h1>\n<p>Le cueilleur de fleurs pour chanvre industriel et vari\u00e9t\u00e9s de cannabis touffues<\/p>\n<h6><\/h6>\n<\/div><\/div><\/div><div class=\"fusion-layout-column fusion_builder_column fusion-builder-column-1 fusion_builder_column_2_3 2_3 fusion-flex-column\" style=\"--awb-bg-size:cover;--awb-width-large:66.666666666667%;--awb-margin-top-large:0px;--awb-spacing-right-large:2.88%;--awb-margin-bottom-large:20px;--awb-spacing-left-large:2.88%;--awb-width-medium:100%;--awb-order-medium:0;--awb-spacing-right-medium:1.92%;--awb-spacing-left-medium:1.92%;--awb-width-small:100%;--awb-order-small:0;--awb-spacing-right-small:1.92%;--awb-spacing-left-small:1.92%;\"><div class=\"fusion-column-wrapper fusion-column-has-shadow fusion-flex-justify-content-flex-start fusion-content-layout-column\"><div class=\"fusion-slider-sc\"><div class=\"fusion-flexslider-loading flexslider flexslider-hover-type-zoomin\" data-slideshow_autoplay=\"1\" data-slideshow_smooth_height=\"0\" data-slideshow_speed=\"7000\" style=\"max-width:100%;height:100%;\"><ul class=\"slides\"><li class=\"image\"><span class=\"fusion-image-hover-element hover-type-zoomin\"><img src=\"https:\/\/dev.cannabinno.swiss\/wp-content\/uploads\/2021\/09\/hhh700_11.jpg\" alt=\"henry&#039;s hemp harvester 700\" width=\"1920\" height=\"1080\" class=\"wp-image-5742\" srcset=\"https:\/\/dev.cannabinno.swiss\/wp-content\/uploads\/2021\/09\/hhh700_11-200x113.jpg 200w, https:\/\/dev.cannabinno.swiss\/wp-content\/uploads\/2021\/09\/hhh700_11-400x225.jpg 400w, https:\/\/dev.cannabinno.swiss\/wp-content\/uploads\/2021\/09\/hhh700_11-600x338.jpg 600w, https:\/\/dev.cannabinno.swiss\/wp-content\/uploads\/2021\/09\/hhh700_11-800x450.jpg 800w, https:\/\/dev.cannabinno.swiss\/wp-content\/uploads\/2021\/09\/hhh700_11-1200x675.jpg 1200w, https:\/\/dev.cannabinno.swiss\/wp-content\/uploads\/2021\/09\/hhh700_11.jpg 1920w\" sizes=\"(max-width: 1024px) 100vw, (max-width: 640px) 100vw, 800px\" \/><\/span><\/li><li class=\"image\"><span class=\"fusion-image-hover-element hover-type-zoomin\"><img src=\"https:\/\/dev.cannabinno.swiss\/wp-content\/uploads\/2021\/09\/hhh-700-2-1.jpg\" alt=\"henry&#039;s hemp harvester 700\" width=\"1920\" height=\"1080\" class=\"wp-image-5824\" srcset=\"https:\/\/dev.cannabinno.swiss\/wp-content\/uploads\/2021\/09\/hhh-700-2-1-200x113.jpg 200w, https:\/\/dev.cannabinno.swiss\/wp-content\/uploads\/2021\/09\/hhh-700-2-1-400x225.jpg 400w, https:\/\/dev.cannabinno.swiss\/wp-content\/uploads\/2021\/09\/hhh-700-2-1-600x338.jpg 600w, https:\/\/dev.cannabinno.swiss\/wp-content\/uploads\/2021\/09\/hhh-700-2-1-800x450.jpg 800w, https:\/\/dev.cannabinno.swiss\/wp-content\/uploads\/2021\/09\/hhh-700-2-1-1200x675.jpg 1200w, https:\/\/dev.cannabinno.swiss\/wp-content\/uploads\/2021\/09\/hhh-700-2-1.jpg 1920w\" sizes=\"(max-width: 1024px) 100vw, (max-width: 640px) 100vw, 800px\" \/><\/span><\/li><li class=\"image\"><span class=\"fusion-image-hover-element hover-type-zoomin\"><img src=\"https:\/\/dev.cannabinno.swiss\/wp-content\/uploads\/2021\/09\/hhh-700-6.jpg\" alt=\"henry&#039;s hemp harvester 700\" width=\"1920\" height=\"1080\" class=\"wp-image-5816\" srcset=\"https:\/\/dev.cannabinno.swiss\/wp-content\/uploads\/2021\/09\/hhh-700-6-200x113.jpg 200w, https:\/\/dev.cannabinno.swiss\/wp-content\/uploads\/2021\/09\/hhh-700-6-400x225.jpg 400w, https:\/\/dev.cannabinno.swiss\/wp-content\/uploads\/2021\/09\/hhh-700-6-600x338.jpg 600w, https:\/\/dev.cannabinno.swiss\/wp-content\/uploads\/2021\/09\/hhh-700-6-800x450.jpg 800w, https:\/\/dev.cannabinno.swiss\/wp-content\/uploads\/2021\/09\/hhh-700-6-1200x675.jpg 1200w, https:\/\/dev.cannabinno.swiss\/wp-content\/uploads\/2021\/09\/hhh-700-6.jpg 1920w\" sizes=\"(max-width: 1024px) 100vw, (max-width: 640px) 100vw, 800px\" \/><\/span><\/li><li class=\"image\"><span class=\"fusion-image-hover-element hover-type-zoomin\"><img src=\"https:\/\/dev.cannabinno.swiss\/wp-content\/uploads\/2021\/09\/hhh-700-4.jpg\" alt=\"henry&#039;s hemp harvester 700\" width=\"1920\" height=\"1080\" class=\"wp-image-5806\" srcset=\"https:\/\/dev.cannabinno.swiss\/wp-content\/uploads\/2021\/09\/hhh-700-4-200x113.jpg 200w, https:\/\/dev.cannabinno.swiss\/wp-content\/uploads\/2021\/09\/hhh-700-4-400x225.jpg 400w, https:\/\/dev.cannabinno.swiss\/wp-content\/uploads\/2021\/09\/hhh-700-4-600x338.jpg 600w, https:\/\/dev.cannabinno.swiss\/wp-content\/uploads\/2021\/09\/hhh-700-4-800x450.jpg 800w, https:\/\/dev.cannabinno.swiss\/wp-content\/uploads\/2021\/09\/hhh-700-4-1200x675.jpg 1200w, https:\/\/dev.cannabinno.swiss\/wp-content\/uploads\/2021\/09\/hhh-700-4.jpg 1920w\" sizes=\"(max-width: 1024px) 100vw, (max-width: 640px) 100vw, 800px\" \/><\/span><\/li><li class=\"image\"><span class=\"fusion-image-hover-element hover-type-zoomin\"><img src=\"https:\/\/dev.cannabinno.swiss\/wp-content\/uploads\/2021\/09\/hhh-700-3-1.jpg\" alt=\"henry&#039;s hemp harvester 700\" width=\"1920\" height=\"1080\" class=\"wp-image-5829\" srcset=\"https:\/\/dev.cannabinno.swiss\/wp-content\/uploads\/2021\/09\/hhh-700-3-1-200x113.jpg 200w, https:\/\/dev.cannabinno.swiss\/wp-content\/uploads\/2021\/09\/hhh-700-3-1-400x225.jpg 400w, https:\/\/dev.cannabinno.swiss\/wp-content\/uploads\/2021\/09\/hhh-700-3-1-600x338.jpg 600w, https:\/\/dev.cannabinno.swiss\/wp-content\/uploads\/2021\/09\/hhh-700-3-1-800x450.jpg 800w, https:\/\/dev.cannabinno.swiss\/wp-content\/uploads\/2021\/09\/hhh-700-3-1-1200x675.jpg 1200w, https:\/\/dev.cannabinno.swiss\/wp-content\/uploads\/2021\/09\/hhh-700-3-1.jpg 1920w\" sizes=\"(max-width: 1024px) 100vw, (max-width: 640px) 100vw, 800px\" \/><\/span><\/li><li class=\"image\"><span class=\"fusion-image-hover-element hover-type-zoomin\"><img src=\"https:\/\/dev.cannabinno.swiss\/wp-content\/uploads\/2021\/09\/hhh-700-5.jpg\" alt=\"henry&#039;s hemp harvester 700\" width=\"1920\" height=\"1080\" class=\"wp-image-5811\" srcset=\"https:\/\/dev.cannabinno.swiss\/wp-content\/uploads\/2021\/09\/hhh-700-5-200x113.jpg 200w, https:\/\/dev.cannabinno.swiss\/wp-content\/uploads\/2021\/09\/hhh-700-5-400x225.jpg 400w, https:\/\/dev.cannabinno.swiss\/wp-content\/uploads\/2021\/09\/hhh-700-5-600x338.jpg 600w, https:\/\/dev.cannabinno.swiss\/wp-content\/uploads\/2021\/09\/hhh-700-5-800x450.jpg 800w, https:\/\/dev.cannabinno.swiss\/wp-content\/uploads\/2021\/09\/hhh-700-5-1200x675.jpg 1200w, https:\/\/dev.cannabinno.swiss\/wp-content\/uploads\/2021\/09\/hhh-700-5.jpg 1920w\" sizes=\"(max-width: 1024px) 100vw, (max-width: 640px) 100vw, 800px\" \/><\/span><\/li><\/ul><\/div><\/div><\/div><\/div><div class=\"fusion-layout-column fusion_builder_column fusion-builder-column-2 fusion_builder_column_1_3 1_3 fusion-flex-column\" style=\"--awb-bg-size:cover;--awb-width-large:33.333333333333%;--awb-margin-top-large:0px;--awb-spacing-right-large:5.76%;--awb-margin-bottom-large:20px;--awb-spacing-left-large:5.76%;--awb-width-medium:100%;--awb-order-medium:0;--awb-spacing-right-medium:1.92%;--awb-spacing-left-medium:1.92%;--awb-width-small:100%;--awb-order-small:0;--awb-spacing-right-small:1.92%;--awb-spacing-left-small:1.92%;\"><div class=\"fusion-column-wrapper fusion-column-has-shadow fusion-flex-justify-content-flex-start fusion-content-layout-column\"><div class=\"fusion-text fusion-text-2\"><h3>Sp\u00e9cifications techniques<\/h3>\n<dl style=\"font-size: 0.9rem;\">\n<dt>Dimensions<\/dt>\n<dd>l 70 cm x L 260 cm x H 150 cm<\/dd>\n<dt>Poids<\/dt>\n<dd>350 kg<\/dd>\n<dt>Besoin en huile<\/dt>\n<dd>50L\/m ; pour 60% de rendement<\/dd>\n<dt>Tuyaux hydrauliques<\/dt>\n<dd>Hansaflex au tracteur<\/dd>\n<dt>S\u00e9parateur d\u2019huile<\/dt>\n<dd>2 conduites<\/dd>\n<dt>Adaptateur pour chargeur frontal<\/dt>\n<dd>Euro<\/dd>\n<\/dl>\n<\/div><div style=\"text-align:center;\"><a class=\"fusion-button button-flat button-medium button-default fusion-button-default button-1 fusion-button-span-yes fusion-button-default-type\" style=\"--button_text_transform:uppercase;\" target=\"_self\" href=\"https:\/\/dev.cannabinno.swiss\/fr\/contact\/\"><span class=\"fusion-button-text\">Demander une offre<\/span><\/a><\/div><\/div><\/div><div class=\"fusion-layout-column fusion_builder_column fusion-builder-column-3 fusion_builder_column_1_1 1_1 fusion-flex-column\" style=\"--awb-bg-size:cover;--awb-width-large:100%;--awb-margin-top-large:0px;--awb-spacing-right-large:1.92%;--awb-margin-bottom-large:20px;--awb-spacing-left-large:1.92%;--awb-width-medium:100%;--awb-order-medium:0;--awb-spacing-right-medium:1.92%;--awb-spacing-left-medium:1.92%;--awb-width-small:100%;--awb-order-small:0;--awb-spacing-right-small:1.92%;--awb-spacing-left-small:1.92%;\"><div class=\"fusion-column-wrapper fusion-column-has-shadow fusion-flex-justify-content-flex-start fusion-content-layout-column\"><div class=\"fusion-text fusion-text-3\"><p><strong>Henry&rsquo;s Hemp Harvester 700<\/strong> apporte une fiabilit\u00e9 et un engagement client unique au processus critique d&rsquo;utilisation d&rsquo;\u00e9quipements sp\u00e9cialis\u00e9s dans la r\u00e9colte et le traitement du cannabis. Le Hemp Harvester 700 enl\u00e8ve doucement les fleurs de la tige avec un m\u00e9canisme brevet\u00e9 et coupe \u00e9galement les tiges &#8211; le r\u00e9sultat est comme une cueillette \u00e0 la main. La machine peut \u00eatre utilis\u00e9e avec un petit tracteur.<\/p>\n<\/div><div class=\"fusion-video fusion-youtube\" style=\"--awb-max-width:600px;--awb-max-height:360px;--awb-align-self:center;--awb-width:100%;\"><div class=\"video-shortcode\"><div class=\"fluid-width-video-wrapper\" style=\"padding-top:60%;\" ><iframe title=\"YouTube video player 1\" src=\"https:\/\/www.youtube.com\/embed\/LhrYEWrL-HM?wmode=transparent&autoplay=0&amp;rel=0\" width=\"600\" height=\"360\" allowfullscreen allow=\"autoplay; fullscreen\"><\/iframe><\/div><\/div><\/div><div class=\"fusion-text fusion-text-4\"><h3>Caract\u00e9ristiques<\/h3>\n<ul>\n<li>Les \u00e9l\u00e9ments en contact avec les fleurs sont en acier inoxydable ou conforme avec la FDA pour les produits d\u2019alimentation et les m\u00e9dicaments<\/li>\n<li>Cadre en aluminium non-oxydable<\/li>\n<li>R\u00e9colte des fleurs exclusive \u2013 les tiges restent de c\u00f4t\u00e9<\/li>\n<li>\u00c9conomie de main-d&rsquo;\u0153uvre importante<\/li>\n<li>Utilisation \u00e0 l\u2019ext\u00e9rieur ou \u00e0 l\u2019int\u00e9rieur<\/li>\n<li>Accessible et facile \u00e0 transporter<\/li>\n<\/ul>\n<\/div><\/div><\/div><\/div><\/div>\n","protected":false},"excerpt":{"rendered":"","protected":false},"author":2,"featured_media":0,"parent":2807,"menu_order":65,"comment_status":"closed","ping_status":"closed","template":"","meta":{"inline_featured_image":false},"yoast_head":"<!-- This site is optimized with the Yoast SEO plugin v19.13 - https:\/\/yoast.com\/wordpress\/plugins\/seo\/ -->\n<title>Henry&#039;s Hemp Harvester 700 - Cannabinno<\/title>\n<meta name=\"robots\" content=\"noindex, follow, max-snippet:-1, max-image-preview:large, max-video-preview:-1\" \/>\n<meta property=\"og:locale\" content=\"fr_FR\" \/>\n<meta property=\"og:type\" content=\"article\" \/>\n<meta property=\"og:title\" content=\"Henry&#039;s Hemp Harvester 700 - Cannabinno\" \/>\n<meta property=\"og:url\" content=\"https:\/\/dev.cannabinno.swiss\/fr\/produits\/henrys-hemp-harvester-700\/\" \/>\n<meta property=\"og:site_name\" content=\"Cannabinno\" \/>\n<meta property=\"article:modified_time\" content=\"2021-11-16T14:45:37+00:00\" \/>\n<meta property=\"og:image\" content=\"https:\/\/dev.cannabinno.swiss\/wp-content\/uploads\/2021\/06\/hhh700-og.jpg\" \/>\n<meta name=\"twitter:card\" content=\"summary_large_image\" \/>\n<meta name=\"twitter:image\" content=\"https:\/\/dev.cannabinno.swiss\/wp-content\/uploads\/2021\/06\/hhh700-og.jpg\" \/>\n<meta name=\"twitter:label1\" content=\"Dur\u00e9e de lecture estim\u00e9e\" \/>\n\t<meta name=\"twitter:data1\" content=\"9 minutes\" \/>\n<script type=\"application\/ld+json\" class=\"yoast-schema-graph\">{\"@context\":\"https:\/\/schema.org\",\"@graph\":[{\"@type\":\"WebPage\",\"@id\":\"https:\/\/dev.cannabinno.swiss\/fr\/produits\/henrys-hemp-harvester-700\/\",\"url\":\"https:\/\/dev.cannabinno.swiss\/fr\/produits\/henrys-hemp-harvester-700\/\",\"name\":\"Henry's Hemp Harvester 700 - Cannabinno\",\"isPartOf\":{\"@id\":\"https:\/\/dev.cannabinno.swiss\/#website\"},\"datePublished\":\"2021-09-08T09:26:20+00:00\",\"dateModified\":\"2021-11-16T14:45:37+00:00\",\"breadcrumb\":{\"@id\":\"https:\/\/dev.cannabinno.swiss\/fr\/produits\/henrys-hemp-harvester-700\/#breadcrumb\"},\"inLanguage\":\"fr-FR\",\"potentialAction\":[{\"@type\":\"ReadAction\",\"target\":[\"https:\/\/dev.cannabinno.swiss\/fr\/produits\/henrys-hemp-harvester-700\/\"]}]},{\"@type\":\"BreadcrumbList\",\"@id\":\"https:\/\/dev.cannabinno.swiss\/fr\/produits\/henrys-hemp-harvester-700\/#breadcrumb\",\"itemListElement\":[{\"@type\":\"ListItem\",\"position\":1,\"name\":\"Startseite\",\"item\":\"https:\/\/dev.cannabinno.swiss\/fr\/\"},{\"@type\":\"ListItem\",\"position\":2,\"name\":\"Produits\",\"item\":\"https:\/\/dev.cannabinno.swiss\/fr\/produits\/\"},{\"@type\":\"ListItem\",\"position\":3,\"name\":\"Henry&#8217;s Hemp Harvester 700\"}]},{\"@type\":\"WebSite\",\"@id\":\"https:\/\/dev.cannabinno.swiss\/#website\",\"url\":\"https:\/\/dev.cannabinno.swiss\/\",\"name\":\"Cannabinno\",\"description\":\"swissmade quality machines.\",\"potentialAction\":[{\"@type\":\"SearchAction\",\"target\":{\"@type\":\"EntryPoint\",\"urlTemplate\":\"https:\/\/dev.cannabinno.swiss\/?s={search_term_string}\"},\"query-input\":\"required name=search_term_string\"}],\"inLanguage\":\"fr-FR\"}]}<\/script>\n<!-- \/ Yoast SEO plugin. -->","yoast_head_json":{"title":"Henry's Hemp Harvester 700 - Cannabinno","robots":{"index":"noindex","follow":"follow","max-snippet":"max-snippet:-1","max-image-preview":"max-image-preview:large","max-video-preview":"max-video-preview:-1"},"og_locale":"fr_FR","og_type":"article","og_title":"Henry's Hemp Harvester 700 - Cannabinno","og_url":"https:\/\/dev.cannabinno.swiss\/fr\/produits\/henrys-hemp-harvester-700\/","og_site_name":"Cannabinno","article_modified_time":"2021-11-16T14:45:37+00:00","og_image":[{"url":"https:\/\/dev.cannabinno.swiss\/wp-content\/uploads\/2021\/06\/hhh700-og.jpg"}],"twitter_card":"summary_large_image","twitter_image":"https:\/\/dev.cannabinno.swiss\/wp-content\/uploads\/2021\/06\/hhh700-og.jpg","twitter_misc":{"Dur\u00e9e de lecture estim\u00e9e":"9 minutes"},"schema":{"@context":"https:\/\/schema.org","@graph":[{"@type":"WebPage","@id":"https:\/\/dev.cannabinno.swiss\/fr\/produits\/henrys-hemp-harvester-700\/","url":"https:\/\/dev.cannabinno.swiss\/fr\/produits\/henrys-hemp-harvester-700\/","name":"Henry's Hemp Harvester 700 - Cannabinno","isPartOf":{"@id":"https:\/\/dev.cannabinno.swiss\/#website"},"datePublished":"2021-09-08T09:26:20+00:00","dateModified":"2021-11-16T14:45:37+00:00","breadcrumb":{"@id":"https:\/\/dev.cannabinno.swiss\/fr\/produits\/henrys-hemp-harvester-700\/#breadcrumb"},"inLanguage":"fr-FR","potentialAction":[{"@type":"ReadAction","target":["https:\/\/dev.cannabinno.swiss\/fr\/produits\/henrys-hemp-harvester-700\/"]}]},{"@type":"BreadcrumbList","@id":"https:\/\/dev.cannabinno.swiss\/fr\/produits\/henrys-hemp-harvester-700\/#breadcrumb","itemListElement":[{"@type":"ListItem","position":1,"name":"Startseite","item":"https:\/\/dev.cannabinno.swiss\/fr\/"},{"@type":"ListItem","position":2,"name":"Produits","item":"https:\/\/dev.cannabinno.swiss\/fr\/produits\/"},{"@type":"ListItem","position":3,"name":"Henry&#8217;s Hemp Harvester 700"}]},{"@type":"WebSite","@id":"https:\/\/dev.cannabinno.swiss\/#website","url":"https:\/\/dev.cannabinno.swiss\/","name":"Cannabinno","description":"swissmade quality machines.","potentialAction":[{"@type":"SearchAction","target":{"@type":"EntryPoint","urlTemplate":"https:\/\/dev.cannabinno.swiss\/?s={search_term_string}"},"query-input":"required name=search_term_string"}],"inLanguage":"fr-FR"}]}},"_links":{"self":[{"href":"https:\/\/dev.cannabinno.swiss\/fr\/wp-json\/wp\/v2\/pages\/5255"}],"collection":[{"href":"https:\/\/dev.cannabinno.swiss\/fr\/wp-json\/wp\/v2\/pages"}],"about":[{"href":"https:\/\/dev.cannabinno.swiss\/fr\/wp-json\/wp\/v2\/types\/page"}],"author":[{"embeddable":true,"href":"https:\/\/dev.cannabinno.swiss\/fr\/wp-json\/wp\/v2\/users\/2"}],"replies":[{"embeddable":true,"href":"https:\/\/dev.cannabinno.swiss\/fr\/wp-json\/wp\/v2\/comments?post=5255"}],"version-history":[{"count":10,"href":"https:\/\/dev.cannabinno.swiss\/fr\/wp-json\/wp\/v2\/pages\/5255\/revisions"}],"predecessor-version":[{"id":6744,"href":"https:\/\/dev.cannabinno.swiss\/fr\/wp-json\/wp\/v2\/pages\/5255\/revisions\/6744"}],"up":[{"embeddable":true,"href":"https:\/\/dev.cannabinno.swiss\/fr\/wp-json\/wp\/v2\/pages\/2807"}],"wp:attachment":[{"href":"https:\/\/dev.cannabinno.swiss\/fr\/wp-json\/wp\/v2\/media?parent=5255"}],"curies":[{"name":"wp","href":"https:\/\/api.w.org\/{rel}","templated":true}]}}