{"id":5231,"date":"2021-09-08T11:25:37","date_gmt":"2021-09-08T09:25:37","guid":{"rendered":"https:\/\/dev.cannabinno.swiss\/produits\/swisstrimmer-4x4\/"},"modified":"2021-11-16T15:31:28","modified_gmt":"2021-11-16T14:31:28","slug":"swisstrimmer-4x4","status":"publish","type":"page","link":"https:\/\/dev.cannabinno.swiss\/fr\/produits\/swisstrimmer-4x4\/","title":{"rendered":"Swisstrimmer 4&#215;4"},"content":{"rendered":"<p><div class=\"fusion-fullwidth fullwidth-box fusion-builder-row-1 nonhundred-percent-fullwidth non-hundred-percent-height-scrolling\" style=\"--awb-border-radius-top-left:0px;--awb-border-radius-top-right:0px;--awb-border-radius-bottom-right:0px;--awb-border-radius-bottom-left:0px;\" ><div class=\"fusion-builder-row fusion-row\"><div class=\"fusion-layout-column fusion_builder_column fusion-builder-column-0 fusion_builder_column_1_1 1_1 fusion-one-full fusion-column-first fusion-column-last\" style=\"--awb-bg-size:cover;\"><div class=\"fusion-column-wrapper fusion-column-has-shadow fusion-flex-column-wrapper-legacy\"><div class=\"fusion-title title fusion-title-1 fusion-sep-none fusion-title-text fusion-title-size-one\"><h1 class=\"title-heading-left\" style=\"margin:0;\"><h1>cannabinno Swisstrimmer 4&#215;4<\/h1>\n<\/h6>\n<p>Efficacit\u00e9 et qualit\u00e9 les plus \u00e9lev\u00e9es \u00e0 la pi\u00e8ce<\/h6><\/h1><\/div><div class=\"fusion-clearfix\"><\/div><\/div><\/div><div class=\"fusion-layout-column fusion_builder_column fusion-builder-column-1 fusion_builder_column_2_3 2_3 fusion-two-third fusion-column-first\" style=\"--awb-bg-size:cover;width:66.666666666667%;width:calc(66.666666666667% - ( ( 4% ) * 0.66666666666667 ) );margin-right: 4%;\"><div class=\"fusion-column-wrapper fusion-column-has-shadow fusion-flex-column-wrapper-legacy\"><div class=\"fusion-slider-sc fusion-flexslider-loading flexslider flexslider-hover-type-zoomin\" data-slideshow_autoplay=\"1\" data-slideshow_smooth_height=\"0\" data-slideshow_speed=\"7000\" style=\"max-width:100%;height:100%;\"><ul class=\"slides\"><li class=\"image\"><span class=\"fusion-image-hover-element hover-type-zoomin\"><img src=\"https:\/\/dev.cannabinno.swiss\/wp-content\/uploads\/2021\/06\/swisstrimmer-4x4-1.jpg\" alt=\"Swisstrimmer 4x4\" width=\"1920\" height=\"1080\" class=\"wp-image-4493\" srcset=\"https:\/\/dev.cannabinno.swiss\/wp-content\/uploads\/2021\/06\/swisstrimmer-4x4-1-200x113.jpg 200w, https:\/\/dev.cannabinno.swiss\/wp-content\/uploads\/2021\/06\/swisstrimmer-4x4-1-400x225.jpg 400w, https:\/\/dev.cannabinno.swiss\/wp-content\/uploads\/2021\/06\/swisstrimmer-4x4-1-600x338.jpg 600w, https:\/\/dev.cannabinno.swiss\/wp-content\/uploads\/2021\/06\/swisstrimmer-4x4-1-800x450.jpg 800w, https:\/\/dev.cannabinno.swiss\/wp-content\/uploads\/2021\/06\/swisstrimmer-4x4-1-1200x675.jpg 1200w, https:\/\/dev.cannabinno.swiss\/wp-content\/uploads\/2021\/06\/swisstrimmer-4x4-1.jpg 1920w\" sizes=\"(max-width: 800px) 100vw, 800px\" \/><\/span><\/li><li class=\"image\"><span class=\"fusion-image-hover-element hover-type-zoomin\"><img src=\"https:\/\/dev.cannabinno.swiss\/wp-content\/uploads\/2021\/09\/swisstrimmer-4x4-2.jpg\" alt=\"Swisstrimmer 4x4\" width=\"1920\" height=\"1080\" class=\"wp-image-5910\" srcset=\"https:\/\/dev.cannabinno.swiss\/wp-content\/uploads\/2021\/09\/swisstrimmer-4x4-2-200x113.jpg 200w, https:\/\/dev.cannabinno.swiss\/wp-content\/uploads\/2021\/09\/swisstrimmer-4x4-2-400x225.jpg 400w, https:\/\/dev.cannabinno.swiss\/wp-content\/uploads\/2021\/09\/swisstrimmer-4x4-2-600x338.jpg 600w, https:\/\/dev.cannabinno.swiss\/wp-content\/uploads\/2021\/09\/swisstrimmer-4x4-2-800x450.jpg 800w, https:\/\/dev.cannabinno.swiss\/wp-content\/uploads\/2021\/09\/swisstrimmer-4x4-2-1200x675.jpg 1200w, https:\/\/dev.cannabinno.swiss\/wp-content\/uploads\/2021\/09\/swisstrimmer-4x4-2.jpg 1920w\" sizes=\"(max-width: 800px) 100vw, 800px\" \/><\/span><\/li><li class=\"image\"><span class=\"fusion-image-hover-element hover-type-zoomin\"><img src=\"https:\/\/dev.cannabinno.swiss\/wp-content\/uploads\/2021\/09\/swisstrimmer-4x4-3.jpg\" alt=\"Swisstrimmer 4x4\" width=\"1920\" height=\"1080\" class=\"wp-image-5915\" srcset=\"https:\/\/dev.cannabinno.swiss\/wp-content\/uploads\/2021\/09\/swisstrimmer-4x4-3-200x113.jpg 200w, https:\/\/dev.cannabinno.swiss\/wp-content\/uploads\/2021\/09\/swisstrimmer-4x4-3-400x225.jpg 400w, https:\/\/dev.cannabinno.swiss\/wp-content\/uploads\/2021\/09\/swisstrimmer-4x4-3-600x338.jpg 600w, https:\/\/dev.cannabinno.swiss\/wp-content\/uploads\/2021\/09\/swisstrimmer-4x4-3-800x450.jpg 800w, https:\/\/dev.cannabinno.swiss\/wp-content\/uploads\/2021\/09\/swisstrimmer-4x4-3-1200x675.jpg 1200w, https:\/\/dev.cannabinno.swiss\/wp-content\/uploads\/2021\/09\/swisstrimmer-4x4-3.jpg 1920w\" sizes=\"(max-width: 800px) 100vw, 800px\" \/><\/span><\/li><li class=\"image\"><span class=\"fusion-image-hover-element hover-type-zoomin\"><img src=\"https:\/\/dev.cannabinno.swiss\/wp-content\/uploads\/2021\/09\/swisstrimmer-4x4-1.jpg\" alt=\"Swisstrimmer 4x4\" width=\"1920\" height=\"1080\" class=\"wp-image-5905\" srcset=\"https:\/\/dev.cannabinno.swiss\/wp-content\/uploads\/2021\/09\/swisstrimmer-4x4-1-200x113.jpg 200w, https:\/\/dev.cannabinno.swiss\/wp-content\/uploads\/2021\/09\/swisstrimmer-4x4-1-400x225.jpg 400w, https:\/\/dev.cannabinno.swiss\/wp-content\/uploads\/2021\/09\/swisstrimmer-4x4-1-600x338.jpg 600w, https:\/\/dev.cannabinno.swiss\/wp-content\/uploads\/2021\/09\/swisstrimmer-4x4-1-800x450.jpg 800w, https:\/\/dev.cannabinno.swiss\/wp-content\/uploads\/2021\/09\/swisstrimmer-4x4-1-1200x675.jpg 1200w, https:\/\/dev.cannabinno.swiss\/wp-content\/uploads\/2021\/09\/swisstrimmer-4x4-1.jpg 1920w\" sizes=\"(max-width: 800px) 100vw, 800px\" \/><\/span><\/li><li class=\"image\"><span class=\"fusion-image-hover-element hover-type-zoomin\"><img src=\"https:\/\/dev.cannabinno.swiss\/wp-content\/uploads\/2021\/09\/swisstrimmer-4x4-4.jpg\" alt=\"Swisstrimmer 4x4\" width=\"1920\" height=\"1080\" class=\"wp-image-5920\" srcset=\"https:\/\/dev.cannabinno.swiss\/wp-content\/uploads\/2021\/09\/swisstrimmer-4x4-4-200x113.jpg 200w, https:\/\/dev.cannabinno.swiss\/wp-content\/uploads\/2021\/09\/swisstrimmer-4x4-4-400x225.jpg 400w, https:\/\/dev.cannabinno.swiss\/wp-content\/uploads\/2021\/09\/swisstrimmer-4x4-4-600x338.jpg 600w, https:\/\/dev.cannabinno.swiss\/wp-content\/uploads\/2021\/09\/swisstrimmer-4x4-4-800x450.jpg 800w, https:\/\/dev.cannabinno.swiss\/wp-content\/uploads\/2021\/09\/swisstrimmer-4x4-4-1200x675.jpg 1200w, https:\/\/dev.cannabinno.swiss\/wp-content\/uploads\/2021\/09\/swisstrimmer-4x4-4.jpg 1920w\" sizes=\"(max-width: 800px) 100vw, 800px\" \/><\/span><\/li><\/ul><\/div><div class=\"fusion-clearfix\"><\/div><\/div><\/div><div class=\"fusion-layout-column fusion_builder_column fusion-builder-column-2 fusion_builder_column_1_3 1_3 fusion-one-third fusion-column-last\" style=\"--awb-bg-size:cover;width:33.333333333333%;width:calc(33.333333333333% - ( ( 4% ) * 0.33333333333333 ) );\"><div class=\"fusion-column-wrapper fusion-column-has-shadow fusion-flex-column-wrapper-legacy\"><div class=\"fusion-text fusion-text-1\"><h3>Sp\u00e9cifications techniques<\/h3>\n<dl style=\"font-size: 0.9rem;\">\n<dt>Dimensions de<\/dt>\n<dd>l 92 cm x L 117 cm x H 89 cm<\/dd>\n<dt>Poids<\/dt>\n<dd>125 kg<\/dd>\n<dt>Alimentation \u00e9lectrique<\/dt>\n<dd>230V\/6A<\/dd>\n<dt>Certification<\/dt>\n<dd>Certification CE selon les directives machines<\/dd>\n<\/dl>\n<\/div><div class=\"fusion-align-block\"><a class=\"fusion-button button-flat button-medium button-default fusion-button-default button-1 fusion-button-span-yes fusion-button-default-type\" style=\"--button_text_transform:uppercase;\" target=\"_self\" href=\"https:\/\/dev.cannabinno.swiss\/fr\/contact\/\"><span class=\"fusion-button-text\">Demander une offre<\/span><\/a><\/div><div class=\"fusion-clearfix\"><\/div><\/div><\/div><div class=\"fusion-layout-column fusion_builder_column fusion-builder-column-3 fusion_builder_column_1_1 1_1 fusion-one-full fusion-column-first fusion-column-last\" style=\"--awb-bg-size:cover;\"><div class=\"fusion-column-wrapper fusion-column-has-shadow fusion-flex-column-wrapper-legacy\"><div class=\"fusion-text fusion-text-2\"><p><strong>La ligne cannabinno Swisstrimmer se compose de deux mod\u00e8les &#8211; avec une surface de travail simple ou quadruple.<\/strong> Les grandes h\u00e9lices cr\u00e9ent une forte d\u00e9pression afin que les feuilles humides des plantes fra\u00eechement coup\u00e9es soient aspir\u00e9es \u00e0 travers la grille en acier chrom\u00e9 et s\u00e9par\u00e9es proprement.<\/p>\n<p>La haute qualit\u00e9 de la machine garantit une longue dur\u00e9e de vie et est con\u00e7ue pour \u00eatre s\u00fbre pour le travailleur. Un nettoyage en profondeur est recommand\u00e9 apr\u00e8s chaque utilisation. Le travail pr\u00e9paratoire avec le cannabinno Swistrimmer augmente consid\u00e9rablement la qualit\u00e9 et le d\u00e9bit lors de la coupe. En enlevant les feuilles humide au pr\u00e9alable, il reste moins de r\u00e9sidus dans la coupe humide, ce qui augmente \u00e9galement le temps de fonctionnement. Le trimmer humide peut \u00eatre nettoy\u00e9e selon des intervalles plus longs.<\/p>\n<\/div><div class=\"fusion-text fusion-text-3\"><h3>Caract\u00e9ristiques<\/h3>\n<ul>\n<li>Tous les \u00e9l\u00e9ments en contact avec le produit sont en acier chrom\u00e9<\/li>\n<li>Quatre lames en acier inoxydable de couteau<\/li>\n<li>Interrupteur de s\u00e9curit\u00e9<\/li>\n<li>Vitesse de rotation r\u00e9glable des couteaux<\/li>\n<li>1 sac de r\u00e9ception de la coupe<\/li>\n<\/ul>\n<\/div><div class=\"fusion-clearfix\"><\/div><\/div><\/div><\/div><\/div><div class=\"fusion-fullwidth fullwidth-box fusion-builder-row-2 auszeichnung-gruen nonhundred-percent-fullwidth non-hundred-percent-height-scrolling\" style=\"--awb-border-radius-top-left:0px;--awb-border-radius-top-right:0px;--awb-border-radius-bottom-right:0px;--awb-border-radius-bottom-left:0px;--awb-padding-top:20px;--awb-margin-bottom:-30px;--awb-background-color:#6aab33;\" ><div class=\"fusion-builder-row fusion-row\"><div class=\"fusion-layout-column fusion_builder_column fusion-builder-column-4 fusion_builder_column_1_1 1_1 fusion-one-full fusion-column-first fusion-column-last\" style=\"--awb-bg-size:cover;\"><div class=\"fusion-column-wrapper fusion-column-has-shadow fusion-flex-column-wrapper-legacy\"><div class=\"fusion-text fusion-text-4\"><h1>cannabinno Swisstrimmer<\/h1>\n<p>Pr\u00e9paration du trimmer pour la plus haute efficacit\u00e9 et la qualit\u00e9 maximale<br \/>\n<strong><a href=\"https:\/\/dev.cannabinno.swiss\/fr\/produits\/swisstrimmer\/\">Plus d\u2019information<\/a><strong><\/p>\n<\/div><div class=\"fusion-clearfix\"><\/div><\/div><\/div><\/div><\/div><\/p>\n","protected":false},"excerpt":{"rendered":"","protected":false},"author":2,"featured_media":0,"parent":2807,"menu_order":12,"comment_status":"closed","ping_status":"closed","template":"100-width.php","meta":{"inline_featured_image":false},"yoast_head":"<!-- This site is optimized with the Yoast SEO plugin v19.13 - https:\/\/yoast.com\/wordpress\/plugins\/seo\/ -->\n<title>Swisstrimmer 4x4 - Cannabinno<\/title>\n<meta name=\"robots\" content=\"noindex, follow, max-snippet:-1, max-image-preview:large, max-video-preview:-1\" \/>\n<meta property=\"og:locale\" content=\"fr_FR\" \/>\n<meta property=\"og:type\" content=\"article\" \/>\n<meta property=\"og:title\" content=\"Swisstrimmer 4x4 - Cannabinno\" \/>\n<meta property=\"og:url\" content=\"https:\/\/dev.cannabinno.swiss\/fr\/produits\/swisstrimmer-4x4\/\" \/>\n<meta property=\"og:site_name\" content=\"Cannabinno\" \/>\n<meta property=\"article:modified_time\" content=\"2021-11-16T14:31:28+00:00\" \/>\n<meta property=\"og:image\" content=\"https:\/\/dev.cannabinno.swiss\/wp-content\/uploads\/2021\/06\/swisstrimmer-4x4-og.jpg\" \/>\n<meta name=\"twitter:card\" content=\"summary_large_image\" \/>\n<meta name=\"twitter:image\" content=\"https:\/\/dev.cannabinno.swiss\/wp-content\/uploads\/2021\/06\/swisstrimmer-4x4-og.jpg\" \/>\n<meta name=\"twitter:label1\" content=\"Dur\u00e9e de lecture estim\u00e9e\" \/>\n\t<meta name=\"twitter:data1\" content=\"12 minutes\" \/>\n<script type=\"application\/ld+json\" class=\"yoast-schema-graph\">{\"@context\":\"https:\/\/schema.org\",\"@graph\":[{\"@type\":\"WebPage\",\"@id\":\"https:\/\/dev.cannabinno.swiss\/fr\/produits\/swisstrimmer-4x4\/\",\"url\":\"https:\/\/dev.cannabinno.swiss\/fr\/produits\/swisstrimmer-4x4\/\",\"name\":\"Swisstrimmer 4x4 - Cannabinno\",\"isPartOf\":{\"@id\":\"https:\/\/dev.cannabinno.swiss\/#website\"},\"datePublished\":\"2021-09-08T09:25:37+00:00\",\"dateModified\":\"2021-11-16T14:31:28+00:00\",\"breadcrumb\":{\"@id\":\"https:\/\/dev.cannabinno.swiss\/fr\/produits\/swisstrimmer-4x4\/#breadcrumb\"},\"inLanguage\":\"fr-FR\",\"potentialAction\":[{\"@type\":\"ReadAction\",\"target\":[\"https:\/\/dev.cannabinno.swiss\/fr\/produits\/swisstrimmer-4x4\/\"]}]},{\"@type\":\"BreadcrumbList\",\"@id\":\"https:\/\/dev.cannabinno.swiss\/fr\/produits\/swisstrimmer-4x4\/#breadcrumb\",\"itemListElement\":[{\"@type\":\"ListItem\",\"position\":1,\"name\":\"Startseite\",\"item\":\"https:\/\/dev.cannabinno.swiss\/fr\/\"},{\"@type\":\"ListItem\",\"position\":2,\"name\":\"Produits\",\"item\":\"https:\/\/dev.cannabinno.swiss\/fr\/produits\/\"},{\"@type\":\"ListItem\",\"position\":3,\"name\":\"Swisstrimmer 4&#215;4\"}]},{\"@type\":\"WebSite\",\"@id\":\"https:\/\/dev.cannabinno.swiss\/#website\",\"url\":\"https:\/\/dev.cannabinno.swiss\/\",\"name\":\"Cannabinno\",\"description\":\"swissmade quality machines.\",\"potentialAction\":[{\"@type\":\"SearchAction\",\"target\":{\"@type\":\"EntryPoint\",\"urlTemplate\":\"https:\/\/dev.cannabinno.swiss\/?s={search_term_string}\"},\"query-input\":\"required name=search_term_string\"}],\"inLanguage\":\"fr-FR\"}]}<\/script>\n<!-- \/ Yoast SEO plugin. -->","yoast_head_json":{"title":"Swisstrimmer 4x4 - Cannabinno","robots":{"index":"noindex","follow":"follow","max-snippet":"max-snippet:-1","max-image-preview":"max-image-preview:large","max-video-preview":"max-video-preview:-1"},"og_locale":"fr_FR","og_type":"article","og_title":"Swisstrimmer 4x4 - Cannabinno","og_url":"https:\/\/dev.cannabinno.swiss\/fr\/produits\/swisstrimmer-4x4\/","og_site_name":"Cannabinno","article_modified_time":"2021-11-16T14:31:28+00:00","og_image":[{"url":"https:\/\/dev.cannabinno.swiss\/wp-content\/uploads\/2021\/06\/swisstrimmer-4x4-og.jpg"}],"twitter_card":"summary_large_image","twitter_image":"https:\/\/dev.cannabinno.swiss\/wp-content\/uploads\/2021\/06\/swisstrimmer-4x4-og.jpg","twitter_misc":{"Dur\u00e9e de lecture estim\u00e9e":"12 minutes"},"schema":{"@context":"https:\/\/schema.org","@graph":[{"@type":"WebPage","@id":"https:\/\/dev.cannabinno.swiss\/fr\/produits\/swisstrimmer-4x4\/","url":"https:\/\/dev.cannabinno.swiss\/fr\/produits\/swisstrimmer-4x4\/","name":"Swisstrimmer 4x4 - Cannabinno","isPartOf":{"@id":"https:\/\/dev.cannabinno.swiss\/#website"},"datePublished":"2021-09-08T09:25:37+00:00","dateModified":"2021-11-16T14:31:28+00:00","breadcrumb":{"@id":"https:\/\/dev.cannabinno.swiss\/fr\/produits\/swisstrimmer-4x4\/#breadcrumb"},"inLanguage":"fr-FR","potentialAction":[{"@type":"ReadAction","target":["https:\/\/dev.cannabinno.swiss\/fr\/produits\/swisstrimmer-4x4\/"]}]},{"@type":"BreadcrumbList","@id":"https:\/\/dev.cannabinno.swiss\/fr\/produits\/swisstrimmer-4x4\/#breadcrumb","itemListElement":[{"@type":"ListItem","position":1,"name":"Startseite","item":"https:\/\/dev.cannabinno.swiss\/fr\/"},{"@type":"ListItem","position":2,"name":"Produits","item":"https:\/\/dev.cannabinno.swiss\/fr\/produits\/"},{"@type":"ListItem","position":3,"name":"Swisstrimmer 4&#215;4"}]},{"@type":"WebSite","@id":"https:\/\/dev.cannabinno.swiss\/#website","url":"https:\/\/dev.cannabinno.swiss\/","name":"Cannabinno","description":"swissmade quality machines.","potentialAction":[{"@type":"SearchAction","target":{"@type":"EntryPoint","urlTemplate":"https:\/\/dev.cannabinno.swiss\/?s={search_term_string}"},"query-input":"required name=search_term_string"}],"inLanguage":"fr-FR"}]}},"_links":{"self":[{"href":"https:\/\/dev.cannabinno.swiss\/fr\/wp-json\/wp\/v2\/pages\/5231"}],"collection":[{"href":"https:\/\/dev.cannabinno.swiss\/fr\/wp-json\/wp\/v2\/pages"}],"about":[{"href":"https:\/\/dev.cannabinno.swiss\/fr\/wp-json\/wp\/v2\/types\/page"}],"author":[{"embeddable":true,"href":"https:\/\/dev.cannabinno.swiss\/fr\/wp-json\/wp\/v2\/users\/2"}],"replies":[{"embeddable":true,"href":"https:\/\/dev.cannabinno.swiss\/fr\/wp-json\/wp\/v2\/comments?post=5231"}],"version-history":[{"count":7,"href":"https:\/\/dev.cannabinno.swiss\/fr\/wp-json\/wp\/v2\/pages\/5231\/revisions"}],"predecessor-version":[{"id":6630,"href":"https:\/\/dev.cannabinno.swiss\/fr\/wp-json\/wp\/v2\/pages\/5231\/revisions\/6630"}],"up":[{"embeddable":true,"href":"https:\/\/dev.cannabinno.swiss\/fr\/wp-json\/wp\/v2\/pages\/2807"}],"wp:attachment":[{"href":"https:\/\/dev.cannabinno.swiss\/fr\/wp-json\/wp\/v2\/media?parent=5231"}],"curies":[{"name":"wp","href":"https:\/\/api.w.org\/{rel}","templated":true}]}}