{"id":3693,"date":"2020-07-15T11:03:46","date_gmt":"2020-07-15T09:03:46","guid":{"rendered":"https:\/\/dev.cannabinno.swiss\/produits\/cannabinno-trimmer\/cannabinno-trimmer-maxi\/"},"modified":"2021-09-29T14:07:49","modified_gmt":"2021-09-29T12:07:49","slug":"cannabinno-trimmer-maxi","status":"publish","type":"page","link":"https:\/\/dev.cannabinno.swiss\/fr\/produits\/cannabinno-trimmer-maxi\/","title":{"rendered":"Trimmer Maxi"},"content":{"rendered":"<p><div class=\"fusion-fullwidth fullwidth-box fusion-builder-row-1 nonhundred-percent-fullwidth non-hundred-percent-height-scrolling\" style=\"--awb-border-radius-top-left:0px;--awb-border-radius-top-right:0px;--awb-border-radius-bottom-right:0px;--awb-border-radius-bottom-left:0px;\" ><div class=\"fusion-builder-row fusion-row\"><div class=\"fusion-layout-column fusion_builder_column fusion-builder-column-0 fusion_builder_column_1_1 1_1 fusion-one-full fusion-column-first fusion-column-last\" style=\"--awb-bg-size:cover;\"><div class=\"fusion-column-wrapper fusion-column-has-shadow fusion-flex-column-wrapper-legacy\"><div class=\"fusion-text fusion-text-1\"><h1>cannabinno Trimmer Maxi<\/h1>\n<h6>Le traitement industriel simplifi\u00e9<\/h6>\n<\/div><div class=\"fusion-clearfix\"><\/div><\/div><\/div><div class=\"fusion-layout-column fusion_builder_column fusion-builder-column-1 fusion_builder_column_2_3 2_3 fusion-two-third fusion-column-first\" style=\"--awb-bg-size:cover;width:66.666666666667%;width:calc(66.666666666667% - ( ( 4% ) * 0.66666666666667 ) );margin-right: 4%;\"><div class=\"fusion-column-wrapper fusion-column-has-shadow fusion-flex-column-wrapper-legacy\"><div class=\"fusion-slider-sc fusion-flexslider-loading flexslider flexslider-hover-type-zoomin\" data-slideshow_autoplay=\"1\" data-slideshow_smooth_height=\"0\" data-slideshow_speed=\"7000\" style=\"max-width:100%;height:100%;\"><ul class=\"slides\"><li class=\"image\"><span class=\"fusion-image-hover-element hover-type-zoomin\"><img src=\"https:\/\/dev.cannabinno.swiss\/wp-content\/uploads\/2020\/05\/trimmer_maxi_front.jpg\" width=\"1920\" height=\"1080\" class=\"wp-image-2469\" srcset=\"https:\/\/dev.cannabinno.swiss\/wp-content\/uploads\/2020\/05\/trimmer_maxi_front-200x113.jpg 200w, https:\/\/dev.cannabinno.swiss\/wp-content\/uploads\/2020\/05\/trimmer_maxi_front-400x225.jpg 400w, https:\/\/dev.cannabinno.swiss\/wp-content\/uploads\/2020\/05\/trimmer_maxi_front-600x338.jpg 600w, https:\/\/dev.cannabinno.swiss\/wp-content\/uploads\/2020\/05\/trimmer_maxi_front-800x450.jpg 800w, https:\/\/dev.cannabinno.swiss\/wp-content\/uploads\/2020\/05\/trimmer_maxi_front-1200x675.jpg 1200w, https:\/\/dev.cannabinno.swiss\/wp-content\/uploads\/2020\/05\/trimmer_maxi_front.jpg 1920w\" sizes=\"(max-width: 800px) 100vw, 800px\" \/><\/span><\/li><li class=\"image\"><span class=\"fusion-image-hover-element hover-type-zoomin\"><img src=\"https:\/\/dev.cannabinno.swiss\/wp-content\/uploads\/2021\/09\/trimmer-maxi-3.jpg\" alt=\"trimmer maxi\" width=\"1920\" height=\"1080\" class=\"wp-image-6185\" srcset=\"https:\/\/dev.cannabinno.swiss\/wp-content\/uploads\/2021\/09\/trimmer-maxi-3-200x113.jpg 200w, https:\/\/dev.cannabinno.swiss\/wp-content\/uploads\/2021\/09\/trimmer-maxi-3-400x225.jpg 400w, https:\/\/dev.cannabinno.swiss\/wp-content\/uploads\/2021\/09\/trimmer-maxi-3-600x338.jpg 600w, https:\/\/dev.cannabinno.swiss\/wp-content\/uploads\/2021\/09\/trimmer-maxi-3-800x450.jpg 800w, https:\/\/dev.cannabinno.swiss\/wp-content\/uploads\/2021\/09\/trimmer-maxi-3-1200x675.jpg 1200w, https:\/\/dev.cannabinno.swiss\/wp-content\/uploads\/2021\/09\/trimmer-maxi-3.jpg 1920w\" sizes=\"(max-width: 800px) 100vw, 800px\" \/><\/span><\/li><li class=\"image\"><span class=\"fusion-image-hover-element hover-type-zoomin\"><img src=\"https:\/\/dev.cannabinno.swiss\/wp-content\/uploads\/2021\/09\/trimmer-maxi-1.jpg\" alt=\"trimmer maxi\" width=\"1920\" height=\"1080\" class=\"wp-image-6175\" srcset=\"https:\/\/dev.cannabinno.swiss\/wp-content\/uploads\/2021\/09\/trimmer-maxi-1-200x113.jpg 200w, https:\/\/dev.cannabinno.swiss\/wp-content\/uploads\/2021\/09\/trimmer-maxi-1-400x225.jpg 400w, https:\/\/dev.cannabinno.swiss\/wp-content\/uploads\/2021\/09\/trimmer-maxi-1-600x338.jpg 600w, https:\/\/dev.cannabinno.swiss\/wp-content\/uploads\/2021\/09\/trimmer-maxi-1-800x450.jpg 800w, https:\/\/dev.cannabinno.swiss\/wp-content\/uploads\/2021\/09\/trimmer-maxi-1-1200x675.jpg 1200w, https:\/\/dev.cannabinno.swiss\/wp-content\/uploads\/2021\/09\/trimmer-maxi-1.jpg 1920w\" sizes=\"(max-width: 800px) 100vw, 800px\" \/><\/span><\/li><li class=\"image\"><span class=\"fusion-image-hover-element hover-type-zoomin\"><img src=\"https:\/\/dev.cannabinno.swiss\/wp-content\/uploads\/2021\/09\/trimmer-maxi-2.jpg\" alt=\"trimmer maxi\" width=\"1920\" height=\"1080\" class=\"wp-image-6180\" srcset=\"https:\/\/dev.cannabinno.swiss\/wp-content\/uploads\/2021\/09\/trimmer-maxi-2-200x113.jpg 200w, https:\/\/dev.cannabinno.swiss\/wp-content\/uploads\/2021\/09\/trimmer-maxi-2-400x225.jpg 400w, https:\/\/dev.cannabinno.swiss\/wp-content\/uploads\/2021\/09\/trimmer-maxi-2-600x338.jpg 600w, https:\/\/dev.cannabinno.swiss\/wp-content\/uploads\/2021\/09\/trimmer-maxi-2-800x450.jpg 800w, https:\/\/dev.cannabinno.swiss\/wp-content\/uploads\/2021\/09\/trimmer-maxi-2-1200x675.jpg 1200w, https:\/\/dev.cannabinno.swiss\/wp-content\/uploads\/2021\/09\/trimmer-maxi-2.jpg 1920w\" sizes=\"(max-width: 800px) 100vw, 800px\" \/><\/span><\/li><\/ul><\/div><div class=\"fusion-clearfix\"><\/div><\/div><\/div><div class=\"fusion-layout-column fusion_builder_column fusion-builder-column-2 fusion_builder_column_1_3 1_3 fusion-one-third fusion-column-last\" style=\"--awb-bg-size:cover;width:33.333333333333%;width:calc(33.333333333333% - ( ( 4% ) * 0.33333333333333 ) );\"><div class=\"fusion-column-wrapper fusion-column-has-shadow fusion-flex-column-wrapper-legacy\"><div class=\"fusion-text fusion-text-2\"><h3>Sp\u00e9cifications techniques<\/h3>\n<dl style=\"font-size: 0.9rem;\">\n<dt>Dimensions<\/dt>\n<dd>l 91 cm x L 176 cm x H 125.5 cm<\/dd>\n<dt>Poids<\/dt>\n<dd>420 kg<\/dd>\n<dt>Tambour tamiseur<\/dt>\n<dd>Diam\u00e8tre : 40 cm<\/dd>\n<dt>Rendement (d\u00e9pend du type de fleur et de sa proportion d\u2019eau)<\/dt>\n<dd>Humide : 140 kg \/h.<br \/>\nSec : 40 kg \/ h.<\/dd>\n<dt>Couteau de d\u00e9coupe<\/dt>\n<dd>8 lames de coupe fixes, durcies<\/dd>\n<dt>D\u00e9coupes\/minute<\/dt>\n<dd>90.000<\/dd>\n<dt>Alimentation \u00e9lectrique<\/dt>\n<dd>400V<\/dd>\n<dt>Puissance du propulseur du couteau de d\u00e9coupe<\/dt>\n<dd>4 kW<\/dd>\n<dt>Puissance du propulseur du tambour tamiseur<\/dt>\n<dd>1 kW<\/dd>\n<dt>Puissance d\u2019aspiration recommand\u00e9e<\/dt>\n<dd>5-7 kW<\/dd>\n<dt>Certification<\/dt>\n<dd>Certifi\u00e9 selon la directive europ\u00e9enne sur les machines<\/dd>\n<\/dl>\n<\/div><div class=\"fusion-sep-clear\"><\/div><div class=\"fusion-separator fusion-full-width-sep\" style=\"margin-left: auto;margin-right: auto;margin-top:10px;margin-bottom:10px;width:100%;\"><\/div><div class=\"fusion-sep-clear\"><\/div><div class=\"fusion-align-block\"><a class=\"fusion-button button-flat fusion-button-default-size button-default fusion-button-default button-1 fusion-button-span-yes fusion-button-default-type\" target=\"_self\" href=\"https:\/\/dev.cannabinno.swiss\/fr\/acheter-cannabinno\/demande-dachat\/\"><span class=\"fusion-button-text\">Demander une offre<\/span><\/a><\/div><div class=\"fusion-clearfix\"><\/div><\/div><\/div><div class=\"fusion-layout-column fusion_builder_column fusion-builder-column-3 fusion_builder_column_1_1 1_1 fusion-one-full fusion-column-first fusion-column-last\" style=\"--awb-bg-size:cover;\"><div class=\"fusion-column-wrapper fusion-column-has-shadow fusion-flex-column-wrapper-legacy\"><div class=\"fusion-text fusion-text-3\"><h3>Caract\u00e9ristiques<\/h3>\n<ul>\n<li>3 types de tambours amovibles (trous de 4\/7\/9 mm pour traitement \u00e0 sec ou humide)<\/li>\n<li>Lames en acier inoxydable durci<\/li>\n<li>Tous les composants en contact avec le produit sont en acier inoxydable<\/li>\n<li>R\u00e9glage facile des lames pour une d\u00e9coupe pr\u00e9cise<\/li>\n<li>Roulements sans entretien<\/li>\n<li>Structure modulaire<\/li>\n<li>Maintenance facile<\/li>\n<li>2 roues fixes et 2 roues mobiles \u00e0 fixer pour une bonne mobilit\u00e9<\/li>\n<li>2 ans de garantie (hors pi\u00e8ces d\u2019usure)<\/li>\n<\/ul>\n<\/div><div class=\"fusion-clearfix\"><\/div><\/div><\/div><\/div><\/div><div class=\"fusion-fullwidth fullwidth-box fusion-builder-row-2 auszeichnung-gruen nonhundred-percent-fullwidth non-hundred-percent-height-scrolling\" style=\"--awb-border-radius-top-left:0px;--awb-border-radius-top-right:0px;--awb-border-radius-bottom-right:0px;--awb-border-radius-bottom-left:0px;--awb-padding-top:20px;--awb-margin-bottom:-30px;--awb-background-color:#6aab33;\" ><div class=\"fusion-builder-row fusion-row\"><div class=\"fusion-layout-column fusion_builder_column fusion-builder-column-4 fusion_builder_column_1_3 1_3 fusion-one-third fusion-column-first\" style=\"--awb-bg-size:cover;width:33.333333333333%;width:calc(33.333333333333% - ( ( 4% + 4% ) * 0.33333333333333 ) );margin-right: 4%;\"><div class=\"fusion-column-wrapper fusion-column-has-shadow fusion-flex-column-wrapper-legacy\"><div class=\"fusion-text fusion-text-4\"><h1>cannabinno Trimmer Mixi<\/h1>\n<p>Le trimmer id\u00e9al pour le traitement \u00e0 grande \u00e9chelle est \u00e9quip\u00e9 de 4 lames en acier sp\u00e9cial inoxydable durci et d\u2019un grand tambour. Pour plus de rendement et une qualit\u00e9 toujours plus \u00e9lev\u00e9e.<\/p>\n<p><strong><a href=\"https:\/\/dev.cannabinno.swiss\/fr\/produits\/trimmer-mixi\/\">Plus d\u2019information.<\/a><\/strong><\/p>\n<\/div><div class=\"fusion-clearfix\"><\/div><\/div><\/div><div class=\"fusion-layout-column fusion_builder_column fusion-builder-column-5 fusion_builder_column_1_3 1_3 fusion-one-third\" style=\"--awb-bg-size:cover;width:33.333333333333%;width:calc(33.333333333333% - ( ( 4% + 4% ) * 0.33333333333333 ) );margin-right: 4%;\"><div class=\"fusion-column-wrapper fusion-column-has-shadow fusion-flex-column-wrapper-legacy\"><div class=\"fusion-text fusion-text-5\"><h1>cannabinno Trimmer Midi<\/h1>\n<p>Le classique pour un d\u00e9bit constant et le rendement le plus \u00e9lev\u00e9 gr\u00e2ce \u00e0 la fiabilit\u00e9 de fonctionnement.<\/p>\n<p><strong><a href=\"https:\/\/dev.cannabinno.swiss\/fr\/produits\/cannabinno-trimmer\/\">Plus d\u2019informations<\/a><\/strong><\/p>\n<\/div><div class=\"fusion-clearfix\"><\/div><\/div><\/div><div class=\"fusion-layout-column fusion_builder_column fusion-builder-column-6 fusion_builder_column_1_3 1_3 fusion-one-third fusion-column-last\" style=\"--awb-bg-size:cover;width:33.333333333333%;width:calc(33.333333333333% - ( ( 4% + 4% ) * 0.33333333333333 ) );\"><div class=\"fusion-column-wrapper fusion-column-has-shadow fusion-flex-column-wrapper-legacy\"><div class=\"fusion-text fusion-text-6\"><h1>cannabinno Trimmer Mini<\/h1>\n<p>Le trimmer de cannabis fiable suisse trouve sa place sur une simple table et est adapt\u00e9e aux fleurs s\u00e8ches ou humides.<\/p>\n<p><strong><a href=\"https:\/\/dev.cannabinno.swiss\/fr\/produits\/cannabinno-trimmer-mini\/\">Plus d\u2019informations<\/a><\/strong><\/p>\n<\/div><div class=\"fusion-clearfix\"><\/div><\/div><\/div><\/div><\/div><\/p>\n","protected":false},"excerpt":{"rendered":"","protected":false},"author":2,"featured_media":0,"parent":2807,"menu_order":34,"comment_status":"closed","ping_status":"closed","template":"100-width.php","meta":{"inline_featured_image":false},"yoast_head":"<!-- This site is optimized with the Yoast SEO plugin v19.13 - https:\/\/yoast.com\/wordpress\/plugins\/seo\/ -->\n<title>Trimmer Maxi - Cannabinno<\/title>\n<meta name=\"robots\" content=\"noindex, follow, max-snippet:-1, max-image-preview:large, max-video-preview:-1\" \/>\n<meta property=\"og:locale\" content=\"fr_FR\" \/>\n<meta property=\"og:type\" content=\"article\" \/>\n<meta property=\"og:title\" content=\"cannabinno trimmer Maxi : le traitement industriel simplifi\u00e9\" \/>\n<meta property=\"og:description\" content=\"Un rendement maximal d\u2019une qualit\u00e9 totale : le nouveau crit\u00e8re de r\u00e9f\u00e9rence en qualit\u00e9 suisse.\" \/>\n<meta property=\"og:url\" content=\"https:\/\/dev.cannabinno.swiss\/fr\/produits\/cannabinno-trimmer-maxi\/\" \/>\n<meta property=\"og:site_name\" content=\"Cannabinno\" \/>\n<meta property=\"article:modified_time\" content=\"2021-09-29T12:07:49+00:00\" \/>\n<meta property=\"og:image\" content=\"https:\/\/dev.cannabinno.swiss\/wp-content\/uploads\/2020\/05\/trimmer_maxi_1200_630px.jpg\" \/>\n<meta name=\"twitter:card\" content=\"summary_large_image\" \/>\n<meta name=\"twitter:label1\" content=\"Dur\u00e9e de lecture estim\u00e9e\" \/>\n\t<meta name=\"twitter:data1\" content=\"13 minutes\" \/>\n<script type=\"application\/ld+json\" class=\"yoast-schema-graph\">{\"@context\":\"https:\/\/schema.org\",\"@graph\":[{\"@type\":\"WebPage\",\"@id\":\"https:\/\/dev.cannabinno.swiss\/fr\/produits\/cannabinno-trimmer-maxi\/\",\"url\":\"https:\/\/dev.cannabinno.swiss\/fr\/produits\/cannabinno-trimmer-maxi\/\",\"name\":\"Trimmer Maxi - Cannabinno\",\"isPartOf\":{\"@id\":\"https:\/\/dev.cannabinno.swiss\/#website\"},\"datePublished\":\"2020-07-15T09:03:46+00:00\",\"dateModified\":\"2021-09-29T12:07:49+00:00\",\"breadcrumb\":{\"@id\":\"https:\/\/dev.cannabinno.swiss\/fr\/produits\/cannabinno-trimmer-maxi\/#breadcrumb\"},\"inLanguage\":\"fr-FR\",\"potentialAction\":[{\"@type\":\"ReadAction\",\"target\":[\"https:\/\/dev.cannabinno.swiss\/fr\/produits\/cannabinno-trimmer-maxi\/\"]}]},{\"@type\":\"BreadcrumbList\",\"@id\":\"https:\/\/dev.cannabinno.swiss\/fr\/produits\/cannabinno-trimmer-maxi\/#breadcrumb\",\"itemListElement\":[{\"@type\":\"ListItem\",\"position\":1,\"name\":\"Startseite\",\"item\":\"https:\/\/dev.cannabinno.swiss\/fr\/\"},{\"@type\":\"ListItem\",\"position\":2,\"name\":\"Produits\",\"item\":\"https:\/\/dev.cannabinno.swiss\/fr\/produits\/\"},{\"@type\":\"ListItem\",\"position\":3,\"name\":\"Trimmer Maxi\"}]},{\"@type\":\"WebSite\",\"@id\":\"https:\/\/dev.cannabinno.swiss\/#website\",\"url\":\"https:\/\/dev.cannabinno.swiss\/\",\"name\":\"Cannabinno\",\"description\":\"swissmade quality machines.\",\"potentialAction\":[{\"@type\":\"SearchAction\",\"target\":{\"@type\":\"EntryPoint\",\"urlTemplate\":\"https:\/\/dev.cannabinno.swiss\/?s={search_term_string}\"},\"query-input\":\"required name=search_term_string\"}],\"inLanguage\":\"fr-FR\"}]}<\/script>\n<!-- \/ Yoast SEO plugin. -->","yoast_head_json":{"title":"Trimmer Maxi - Cannabinno","robots":{"index":"noindex","follow":"follow","max-snippet":"max-snippet:-1","max-image-preview":"max-image-preview:large","max-video-preview":"max-video-preview:-1"},"og_locale":"fr_FR","og_type":"article","og_title":"cannabinno trimmer Maxi : le traitement industriel simplifi\u00e9","og_description":"Un rendement maximal d\u2019une qualit\u00e9 totale : le nouveau crit\u00e8re de r\u00e9f\u00e9rence en qualit\u00e9 suisse.","og_url":"https:\/\/dev.cannabinno.swiss\/fr\/produits\/cannabinno-trimmer-maxi\/","og_site_name":"Cannabinno","article_modified_time":"2021-09-29T12:07:49+00:00","og_image":[{"url":"https:\/\/dev.cannabinno.swiss\/wp-content\/uploads\/2020\/05\/trimmer_maxi_1200_630px.jpg"}],"twitter_card":"summary_large_image","twitter_misc":{"Dur\u00e9e de lecture estim\u00e9e":"13 minutes"},"schema":{"@context":"https:\/\/schema.org","@graph":[{"@type":"WebPage","@id":"https:\/\/dev.cannabinno.swiss\/fr\/produits\/cannabinno-trimmer-maxi\/","url":"https:\/\/dev.cannabinno.swiss\/fr\/produits\/cannabinno-trimmer-maxi\/","name":"Trimmer Maxi - Cannabinno","isPartOf":{"@id":"https:\/\/dev.cannabinno.swiss\/#website"},"datePublished":"2020-07-15T09:03:46+00:00","dateModified":"2021-09-29T12:07:49+00:00","breadcrumb":{"@id":"https:\/\/dev.cannabinno.swiss\/fr\/produits\/cannabinno-trimmer-maxi\/#breadcrumb"},"inLanguage":"fr-FR","potentialAction":[{"@type":"ReadAction","target":["https:\/\/dev.cannabinno.swiss\/fr\/produits\/cannabinno-trimmer-maxi\/"]}]},{"@type":"BreadcrumbList","@id":"https:\/\/dev.cannabinno.swiss\/fr\/produits\/cannabinno-trimmer-maxi\/#breadcrumb","itemListElement":[{"@type":"ListItem","position":1,"name":"Startseite","item":"https:\/\/dev.cannabinno.swiss\/fr\/"},{"@type":"ListItem","position":2,"name":"Produits","item":"https:\/\/dev.cannabinno.swiss\/fr\/produits\/"},{"@type":"ListItem","position":3,"name":"Trimmer Maxi"}]},{"@type":"WebSite","@id":"https:\/\/dev.cannabinno.swiss\/#website","url":"https:\/\/dev.cannabinno.swiss\/","name":"Cannabinno","description":"swissmade quality machines.","potentialAction":[{"@type":"SearchAction","target":{"@type":"EntryPoint","urlTemplate":"https:\/\/dev.cannabinno.swiss\/?s={search_term_string}"},"query-input":"required name=search_term_string"}],"inLanguage":"fr-FR"}]}},"_links":{"self":[{"href":"https:\/\/dev.cannabinno.swiss\/fr\/wp-json\/wp\/v2\/pages\/3693"}],"collection":[{"href":"https:\/\/dev.cannabinno.swiss\/fr\/wp-json\/wp\/v2\/pages"}],"about":[{"href":"https:\/\/dev.cannabinno.swiss\/fr\/wp-json\/wp\/v2\/types\/page"}],"author":[{"embeddable":true,"href":"https:\/\/dev.cannabinno.swiss\/fr\/wp-json\/wp\/v2\/users\/2"}],"replies":[{"embeddable":true,"href":"https:\/\/dev.cannabinno.swiss\/fr\/wp-json\/wp\/v2\/comments?post=3693"}],"version-history":[{"count":10,"href":"https:\/\/dev.cannabinno.swiss\/fr\/wp-json\/wp\/v2\/pages\/3693\/revisions"}],"predecessor-version":[{"id":6215,"href":"https:\/\/dev.cannabinno.swiss\/fr\/wp-json\/wp\/v2\/pages\/3693\/revisions\/6215"}],"up":[{"embeddable":true,"href":"https:\/\/dev.cannabinno.swiss\/fr\/wp-json\/wp\/v2\/pages\/2807"}],"wp:attachment":[{"href":"https:\/\/dev.cannabinno.swiss\/fr\/wp-json\/wp\/v2\/media?parent=3693"}],"curies":[{"name":"wp","href":"https:\/\/api.w.org\/{rel}","templated":true}]}}