{"id":3271,"date":"2020-07-15T10:56:40","date_gmt":"2020-07-15T08:56:40","guid":{"rendered":"https:\/\/dev.cannabinno.swiss\/mentions-legales\/"},"modified":"2021-11-16T13:46:16","modified_gmt":"2021-11-16T12:46:16","slug":"mentions-legales","status":"publish","type":"page","link":"https:\/\/dev.cannabinno.swiss\/fr\/mentions-legales\/","title":{"rendered":"Mentions l\u00e9gales"},"content":{"rendered":"<h2>Responsable du contenu<\/h2>\n<p>Adec Solutions GmbH<br \/>\nIndustriestrasse 23, 9320 Arbon Suisse<br \/>\nT +41 71 530 03 11<br \/>\n<a href=\"m&#97;&#x69;&#x6c;&#x74;o&#58;&#105;&#x6e;&#x66;o&#64;&#99;&#x61;&#x6e;na&#98;&#x69;&#x6e;&#x6e;o&#46;&#x73;&#x77;&#x69;s&#115;\">&#105;&#x6e;&#x66;o&#64;&#x63;a&#110;&#x6e;a&#98;&#x69;n&#110;&#x6f;&#x2e;&#115;&#x77;&#x69;s&#115;<\/a><\/p>\n<p>Num\u00e9ro d\u2019entreprise: CHE-114.595.445<br \/>\nTVA N\u00b0 CHE-114.595.445 TVA<\/p>\n<h2>Concept et r\u00e9alisation<\/h2>\n<p>Kommbinat GmbH<br \/>\nRomanshornerstrasse 4<br \/>\n9320 Arbon<\/p>\n<p><a href=\"https:\/\/www.kommbinat.ch\" target=\"_blank\" rel=\"noopener noreferrer\">www.kommbinat.ch<\/a><br \/>\n<a href=\"&#109;&#x61;i&#108;&#x74;o&#58;&#x6b;o&#x6e;&#x74;&#97;&#x6b;t&#64;&#x6b;o&#109;&#x6d;b&#x69;&#x6e;&#97;&#x74;&#x2e;&#99;&#x68;\">&#107;o&#x6e;t&#x61;&#107;&#x74;&#64;&#x6b;&#111;m&#x6d;b&#x69;&#110;&#x61;&#116;&#x2e;&#99;&#x68;<\/a><br \/>\nT\u00e9l\u00e9phone +41 071 446 21 41<\/p>\n<h2>Limitation de responsabilit\u00e9<\/h2>\n<p>Tous les textes et liens ont \u00e9t\u00e9 v\u00e9rifi\u00e9s avec soin et sont r\u00e9guli\u00e8rement mis \u00e0 jour. Nous nous effor\u00e7ons de fournir sur ce site internet des informations exactes et compl\u00e8tes, cependant nous ne pouvons \u00eatre tenus responsable ou garantir que les informations propos\u00e9es sur le site internet sont exactes, compl\u00e8tes ou d\u2019actualit\u00e9. Nous nous r\u00e9servons le droit de modifier \u00e0 tout moment et sans pr\u00e9avis les informations de ce site internet et nous ne nous engageons pas non plus \u00e0 actualiser les informations qu\u2019il contient. Lors de la cr\u00e9ation des liens vers des fournisseurs externes, leur exactitude a \u00e9t\u00e9 v\u00e9rifi\u00e9e, nous d\u00e9clinons toutefois toute responsabilit\u00e9 pour les contenus et la disponibilit\u00e9 de sites internet accessibles par le biais de liens hypertextes. Pour les contenus ill\u00e9gaux, erron\u00e9es ou incomplets et en particulier pour les dommages r\u00e9sultant des contenus des pages, seul le propri\u00e9taire de la page \u00e0 laquelle il a \u00e9t\u00e9 fait r\u00e9f\u00e9rence est responsable. Cette disposition s\u2019applique ind\u00e9pendamment du fait qu\u2019il s\u2019agisse d\u2019un dommage direct, indirect ou financier, qu\u2019il s\u2019agisse d\u2019un autre dommage, n\u00e9 d\u2019une perte de donn\u00e9es, d\u2019une impossibilit\u00e9 d\u2019utilisation ou d\u2019autres circonstances de tout genre.<\/p>\n<h2><span id=\"Rechtliche_Hinweise\" class=\"mw-headline\">Informations l\u00e9gales<\/span><\/h2>\n<p>Nous ne pouvons garantir la s\u00e9curit\u00e9 de la transmission de donn\u00e9es sur Internet, il existe notamment un risque d\u2019acc\u00e8s par des tiers lors de la transmission de donn\u00e9es par mail.<\/p>\n<p>L\u2019utilisation non confirm\u00e9e r\u00e9p\u00e9t\u00e9e par des tiers des informations de contact publi\u00e9es dans les pr\u00e9sentes mentions l\u00e9gales \u00e0 des fins publicitaires est express\u00e9ment interdite. L\u2019exploitant se r\u00e9serve express\u00e9ment le droit d\u2019engager des proc\u00e9dures judiciaires en cas d\u2019envoi non-sollicit\u00e9 de mat\u00e9riel publicitaire ou informatif.<\/p>\n<p>Si certaines dispositions ou formulations de la pr\u00e9sente exclusion de responsabilit\u00e9 \u00e9taient ou devenaient invalides, la teneur et la validit\u00e9 des autres dispositions n\u2019en seraient pas affect\u00e9es.<\/p>\n","protected":false},"excerpt":{"rendered":"<p>Responsable du contenu Adec Solutions GmbH Industriestrasse 23, 9320 Arbon [&hellip;]<\/p>\n","protected":false},"author":2,"featured_media":0,"parent":0,"menu_order":70,"comment_status":"closed","ping_status":"closed","template":"","meta":{"inline_featured_image":false},"yoast_head":"<!-- This site is optimized with the Yoast SEO plugin v19.13 - https:\/\/yoast.com\/wordpress\/plugins\/seo\/ -->\n<title>Mentions l\u00e9gales - Cannabinno<\/title>\n<meta name=\"robots\" content=\"noindex, follow, max-snippet:-1, max-image-preview:large, max-video-preview:-1\" \/>\n<meta property=\"og:locale\" content=\"fr_FR\" \/>\n<meta property=\"og:type\" content=\"article\" \/>\n<meta property=\"og:title\" content=\"Mentions l\u00e9gales - Cannabinno\" \/>\n<meta property=\"og:description\" content=\"Responsable du contenu Adec Solutions GmbH Industriestrasse 23, 9320 Arbon [&hellip;]\" \/>\n<meta property=\"og:url\" content=\"https:\/\/dev.cannabinno.swiss\/fr\/mentions-legales\/\" \/>\n<meta property=\"og:site_name\" content=\"Cannabinno\" \/>\n<meta property=\"article:modified_time\" content=\"2021-11-16T12:46:16+00:00\" \/>\n<meta name=\"twitter:card\" content=\"summary_large_image\" \/>\n<meta name=\"twitter:label1\" content=\"Dur\u00e9e de lecture estim\u00e9e\" \/>\n\t<meta name=\"twitter:data1\" content=\"2 minutes\" \/>\n<script type=\"application\/ld+json\" class=\"yoast-schema-graph\">{\"@context\":\"https:\/\/schema.org\",\"@graph\":[{\"@type\":\"WebPage\",\"@id\":\"https:\/\/dev.cannabinno.swiss\/fr\/mentions-legales\/\",\"url\":\"https:\/\/dev.cannabinno.swiss\/fr\/mentions-legales\/\",\"name\":\"Mentions l\u00e9gales - Cannabinno\",\"isPartOf\":{\"@id\":\"https:\/\/dev.cannabinno.swiss\/#website\"},\"datePublished\":\"2020-07-15T08:56:40+00:00\",\"dateModified\":\"2021-11-16T12:46:16+00:00\",\"breadcrumb\":{\"@id\":\"https:\/\/dev.cannabinno.swiss\/fr\/mentions-legales\/#breadcrumb\"},\"inLanguage\":\"fr-FR\",\"potentialAction\":[{\"@type\":\"ReadAction\",\"target\":[\"https:\/\/dev.cannabinno.swiss\/fr\/mentions-legales\/\"]}]},{\"@type\":\"BreadcrumbList\",\"@id\":\"https:\/\/dev.cannabinno.swiss\/fr\/mentions-legales\/#breadcrumb\",\"itemListElement\":[{\"@type\":\"ListItem\",\"position\":1,\"name\":\"Startseite\",\"item\":\"https:\/\/dev.cannabinno.swiss\/fr\/\"},{\"@type\":\"ListItem\",\"position\":2,\"name\":\"Mentions l\u00e9gales\"}]},{\"@type\":\"WebSite\",\"@id\":\"https:\/\/dev.cannabinno.swiss\/#website\",\"url\":\"https:\/\/dev.cannabinno.swiss\/\",\"name\":\"Cannabinno\",\"description\":\"swissmade quality machines.\",\"potentialAction\":[{\"@type\":\"SearchAction\",\"target\":{\"@type\":\"EntryPoint\",\"urlTemplate\":\"https:\/\/dev.cannabinno.swiss\/?s={search_term_string}\"},\"query-input\":\"required name=search_term_string\"}],\"inLanguage\":\"fr-FR\"}]}<\/script>\n<!-- \/ Yoast SEO plugin. -->","yoast_head_json":{"title":"Mentions l\u00e9gales - Cannabinno","robots":{"index":"noindex","follow":"follow","max-snippet":"max-snippet:-1","max-image-preview":"max-image-preview:large","max-video-preview":"max-video-preview:-1"},"og_locale":"fr_FR","og_type":"article","og_title":"Mentions l\u00e9gales - Cannabinno","og_description":"Responsable du contenu Adec Solutions GmbH Industriestrasse 23, 9320 Arbon [&hellip;]","og_url":"https:\/\/dev.cannabinno.swiss\/fr\/mentions-legales\/","og_site_name":"Cannabinno","article_modified_time":"2021-11-16T12:46:16+00:00","twitter_card":"summary_large_image","twitter_misc":{"Dur\u00e9e de lecture estim\u00e9e":"2 minutes"},"schema":{"@context":"https:\/\/schema.org","@graph":[{"@type":"WebPage","@id":"https:\/\/dev.cannabinno.swiss\/fr\/mentions-legales\/","url":"https:\/\/dev.cannabinno.swiss\/fr\/mentions-legales\/","name":"Mentions l\u00e9gales - Cannabinno","isPartOf":{"@id":"https:\/\/dev.cannabinno.swiss\/#website"},"datePublished":"2020-07-15T08:56:40+00:00","dateModified":"2021-11-16T12:46:16+00:00","breadcrumb":{"@id":"https:\/\/dev.cannabinno.swiss\/fr\/mentions-legales\/#breadcrumb"},"inLanguage":"fr-FR","potentialAction":[{"@type":"ReadAction","target":["https:\/\/dev.cannabinno.swiss\/fr\/mentions-legales\/"]}]},{"@type":"BreadcrumbList","@id":"https:\/\/dev.cannabinno.swiss\/fr\/mentions-legales\/#breadcrumb","itemListElement":[{"@type":"ListItem","position":1,"name":"Startseite","item":"https:\/\/dev.cannabinno.swiss\/fr\/"},{"@type":"ListItem","position":2,"name":"Mentions l\u00e9gales"}]},{"@type":"WebSite","@id":"https:\/\/dev.cannabinno.swiss\/#website","url":"https:\/\/dev.cannabinno.swiss\/","name":"Cannabinno","description":"swissmade quality machines.","potentialAction":[{"@type":"SearchAction","target":{"@type":"EntryPoint","urlTemplate":"https:\/\/dev.cannabinno.swiss\/?s={search_term_string}"},"query-input":"required name=search_term_string"}],"inLanguage":"fr-FR"}]}},"_links":{"self":[{"href":"https:\/\/dev.cannabinno.swiss\/fr\/wp-json\/wp\/v2\/pages\/3271"}],"collection":[{"href":"https:\/\/dev.cannabinno.swiss\/fr\/wp-json\/wp\/v2\/pages"}],"about":[{"href":"https:\/\/dev.cannabinno.swiss\/fr\/wp-json\/wp\/v2\/types\/page"}],"author":[{"embeddable":true,"href":"https:\/\/dev.cannabinno.swiss\/fr\/wp-json\/wp\/v2\/users\/2"}],"replies":[{"embeddable":true,"href":"https:\/\/dev.cannabinno.swiss\/fr\/wp-json\/wp\/v2\/comments?post=3271"}],"version-history":[{"count":1,"href":"https:\/\/dev.cannabinno.swiss\/fr\/wp-json\/wp\/v2\/pages\/3271\/revisions"}],"predecessor-version":[{"id":6582,"href":"https:\/\/dev.cannabinno.swiss\/fr\/wp-json\/wp\/v2\/pages\/3271\/revisions\/6582"}],"wp:attachment":[{"href":"https:\/\/dev.cannabinno.swiss\/fr\/wp-json\/wp\/v2\/media?parent=3271"}],"curies":[{"name":"wp","href":"https:\/\/api.w.org\/{rel}","templated":true}]}}