{"id":3105,"date":"2020-07-15T10:54:16","date_gmt":"2020-07-15T08:54:16","guid":{"rendered":"https:\/\/dev.cannabinno.swiss\/produits\/cannabinno-feeder\/"},"modified":"2021-09-22T17:16:46","modified_gmt":"2021-09-22T15:16:46","slug":"cannabinno-feeder","status":"publish","type":"page","link":"https:\/\/dev.cannabinno.swiss\/fr\/produits\/cannabinno-feeder\/","title":{"rendered":"Feeder"},"content":{"rendered":"<div class=\"fusion-fullwidth fullwidth-box fusion-builder-row-1 nonhundred-percent-fullwidth non-hundred-percent-height-scrolling\" style=\"--awb-border-radius-top-left:0px;--awb-border-radius-top-right:0px;--awb-border-radius-bottom-right:0px;--awb-border-radius-bottom-left:0px;\" ><div class=\"fusion-builder-row fusion-row\"><div class=\"fusion-layout-column fusion_builder_column fusion-builder-column-0 fusion_builder_column_1_1 1_1 fusion-one-full fusion-column-first fusion-column-last\" style=\"--awb-bg-size:cover;\"><div class=\"fusion-column-wrapper fusion-column-has-shadow fusion-flex-column-wrapper-legacy\"><div class=\"fusion-text fusion-text-1\"><h1>cannabinno Feeder<\/h1>\n<h6>Simply clever.<\/h6>\n<\/div><div class=\"fusion-clearfix\"><\/div><\/div><\/div><div class=\"fusion-layout-column fusion_builder_column fusion-builder-column-1 fusion_builder_column_2_3 2_3 fusion-two-third fusion-column-first\" style=\"--awb-bg-size:cover;width:66.666666666667%;width:calc(66.666666666667% - ( ( 4% ) * 0.66666666666667 ) );margin-right: 4%;\"><div class=\"fusion-column-wrapper fusion-column-has-shadow fusion-flex-column-wrapper-legacy\"><div class=\"fusion-slider-sc fusion-flexslider-loading flexslider flexslider-hover-type-zoomin\" data-slideshow_autoplay=\"1\" data-slideshow_smooth_height=\"0\" data-slideshow_speed=\"7000\" style=\"max-width:100%;height:100%;\"><ul class=\"slides\"><li class=\"image\"><span class=\"fusion-image-hover-element hover-type-zoomin\"><img src=\"https:\/\/dev.cannabinno.swiss\/wp-content\/uploads\/2021\/09\/feeder-final-1.jpg\" alt=\"feeder\" width=\"1920\" height=\"1080\" class=\"wp-image-5566\" srcset=\"https:\/\/dev.cannabinno.swiss\/wp-content\/uploads\/2021\/09\/feeder-final-1-200x113.jpg 200w, https:\/\/dev.cannabinno.swiss\/wp-content\/uploads\/2021\/09\/feeder-final-1-400x225.jpg 400w, https:\/\/dev.cannabinno.swiss\/wp-content\/uploads\/2021\/09\/feeder-final-1-600x338.jpg 600w, https:\/\/dev.cannabinno.swiss\/wp-content\/uploads\/2021\/09\/feeder-final-1-800x450.jpg 800w, https:\/\/dev.cannabinno.swiss\/wp-content\/uploads\/2021\/09\/feeder-final-1-1200x675.jpg 1200w, https:\/\/dev.cannabinno.swiss\/wp-content\/uploads\/2021\/09\/feeder-final-1.jpg 1920w\" sizes=\"(max-width: 800px) 100vw, 800px\" \/><\/span><\/li><li class=\"image\"><span class=\"fusion-image-hover-element hover-type-zoomin\"><img src=\"https:\/\/dev.cannabinno.swiss\/wp-content\/uploads\/2021\/09\/feeder-4.jpg\" alt=\"Feeder\" width=\"1920\" height=\"1080\" class=\"wp-image-5952\" srcset=\"https:\/\/dev.cannabinno.swiss\/wp-content\/uploads\/2021\/09\/feeder-4-200x113.jpg 200w, https:\/\/dev.cannabinno.swiss\/wp-content\/uploads\/2021\/09\/feeder-4-400x225.jpg 400w, https:\/\/dev.cannabinno.swiss\/wp-content\/uploads\/2021\/09\/feeder-4-600x338.jpg 600w, https:\/\/dev.cannabinno.swiss\/wp-content\/uploads\/2021\/09\/feeder-4-800x450.jpg 800w, https:\/\/dev.cannabinno.swiss\/wp-content\/uploads\/2021\/09\/feeder-4-1200x675.jpg 1200w, https:\/\/dev.cannabinno.swiss\/wp-content\/uploads\/2021\/09\/feeder-4.jpg 1920w\" sizes=\"(max-width: 800px) 100vw, 800px\" \/><\/span><\/li><li class=\"image\"><span class=\"fusion-image-hover-element hover-type-zoomin\"><img src=\"https:\/\/dev.cannabinno.swiss\/wp-content\/uploads\/2021\/09\/feeder-3.jpg\" alt=\"Feeder\" width=\"1920\" height=\"1080\" class=\"wp-image-5947\" srcset=\"https:\/\/dev.cannabinno.swiss\/wp-content\/uploads\/2021\/09\/feeder-3-200x113.jpg 200w, https:\/\/dev.cannabinno.swiss\/wp-content\/uploads\/2021\/09\/feeder-3-400x225.jpg 400w, https:\/\/dev.cannabinno.swiss\/wp-content\/uploads\/2021\/09\/feeder-3-600x338.jpg 600w, https:\/\/dev.cannabinno.swiss\/wp-content\/uploads\/2021\/09\/feeder-3-800x450.jpg 800w, https:\/\/dev.cannabinno.swiss\/wp-content\/uploads\/2021\/09\/feeder-3-1200x675.jpg 1200w, https:\/\/dev.cannabinno.swiss\/wp-content\/uploads\/2021\/09\/feeder-3.jpg 1920w\" sizes=\"(max-width: 800px) 100vw, 800px\" \/><\/span><\/li><li class=\"image\"><span class=\"fusion-image-hover-element hover-type-zoomin\"><img src=\"https:\/\/dev.cannabinno.swiss\/wp-content\/uploads\/2021\/09\/feeder-2.jpg\" alt=\"Feeder\" width=\"1920\" height=\"1080\" class=\"wp-image-5942\" srcset=\"https:\/\/dev.cannabinno.swiss\/wp-content\/uploads\/2021\/09\/feeder-2-200x113.jpg 200w, https:\/\/dev.cannabinno.swiss\/wp-content\/uploads\/2021\/09\/feeder-2-400x225.jpg 400w, https:\/\/dev.cannabinno.swiss\/wp-content\/uploads\/2021\/09\/feeder-2-600x338.jpg 600w, https:\/\/dev.cannabinno.swiss\/wp-content\/uploads\/2021\/09\/feeder-2-800x450.jpg 800w, https:\/\/dev.cannabinno.swiss\/wp-content\/uploads\/2021\/09\/feeder-2-1200x675.jpg 1200w, https:\/\/dev.cannabinno.swiss\/wp-content\/uploads\/2021\/09\/feeder-2.jpg 1920w\" sizes=\"(max-width: 800px) 100vw, 800px\" \/><\/span><\/li><li class=\"image\"><span class=\"fusion-image-hover-element hover-type-zoomin\"><img src=\"https:\/\/dev.cannabinno.swiss\/wp-content\/uploads\/2021\/09\/feeder-1.jpg\" alt=\"Feeder\" width=\"1920\" height=\"1080\" class=\"wp-image-5937\" srcset=\"https:\/\/dev.cannabinno.swiss\/wp-content\/uploads\/2021\/09\/feeder-1-200x113.jpg 200w, https:\/\/dev.cannabinno.swiss\/wp-content\/uploads\/2021\/09\/feeder-1-400x225.jpg 400w, https:\/\/dev.cannabinno.swiss\/wp-content\/uploads\/2021\/09\/feeder-1-600x338.jpg 600w, https:\/\/dev.cannabinno.swiss\/wp-content\/uploads\/2021\/09\/feeder-1-800x450.jpg 800w, https:\/\/dev.cannabinno.swiss\/wp-content\/uploads\/2021\/09\/feeder-1-1200x675.jpg 1200w, https:\/\/dev.cannabinno.swiss\/wp-content\/uploads\/2021\/09\/feeder-1.jpg 1920w\" sizes=\"(max-width: 800px) 100vw, 800px\" \/><\/span><\/li><\/ul><\/div><div class=\"fusion-clearfix\"><\/div><\/div><\/div><div class=\"fusion-layout-column fusion_builder_column fusion-builder-column-2 fusion_builder_column_1_3 1_3 fusion-one-third fusion-column-last\" style=\"--awb-bg-size:cover;width:33.333333333333%;width:calc(33.333333333333% - ( ( 4% ) * 0.33333333333333 ) );\"><div class=\"fusion-column-wrapper fusion-column-has-shadow fusion-flex-column-wrapper-legacy\"><div class=\"fusion-text fusion-text-2\"><h3>Sp\u00e9cifications techn.<\/h3>\n<dl style=\"font-size: 0.9rem;\">\n<dt>Dimensions Feeder Midi<\/dt>\n<dd>120 cm x 160 cm x 100 cm \/ Poids 95 kg<\/dd>\n<dt>Dimensions Feeder Maxi 3000<\/dt>\n<dd>120 cm x 300 cm x 100 cm \/ Poids 135 kg<\/dd>\n<dt>Alimentation \u00e9lectrique<\/dt>\n<dd>230 V\/6A<\/dd>\n<\/dl>\n<\/div><div class=\"fusion-align-block\"><a class=\"fusion-button button-flat button-medium button-default fusion-button-default button-1 fusion-button-span-yes fusion-button-default-type\" style=\"--button_text_transform:uppercase;\" target=\"_self\" href=\"https:\/\/dev.cannabinno.swiss\/fr\/contact\/\"><span class=\"fusion-button-text\">Demande une offre<\/span><\/a><\/div><div class=\"fusion-clearfix\"><\/div><\/div><\/div><div class=\"fusion-layout-column fusion_builder_column fusion-builder-column-3 fusion_builder_column_1_1 1_1 fusion-one-full fusion-column-first fusion-column-last\" style=\"--awb-bg-size:cover;\"><div class=\"fusion-column-wrapper fusion-column-has-shadow fusion-flex-column-wrapper-legacy\"><div class=\"fusion-text fusion-text-3\"><p><strong>Le chargeur de cannabinno est en acier chrom\u00e9 et est \u00e9quip\u00e9 d&rsquo;un convoyeur \u00e0 vis.<\/strong>La vitesse du convoyeur \u00e0 vis peut \u00eatre r\u00e9gl\u00e9e. Jusqu&rsquo;\u00e0 4 personnes peuvent travailler sur la machine. Les fleurs de cannabis d\u00e9tach\u00e9es de la plante sont plac\u00e9es dans la tr\u00e9mie, qui les distribue ensuite \u00e0 un rythme r\u00e9gulier \u00e0 l&rsquo;aide du convoyeur \u00e0 vis. Des plaques de mise \u00e0 nu peuvent \u00e9galement \u00eatre mont\u00e9es en option, ce qui augmente encore l&rsquo;efficacit\u00e9.<\/p>\n<\/div><div class=\"fusion-text fusion-text-4\"><h3>Caract\u00e9ristiques<\/h3>\n<ul>\n<li>Convient pour un traitement \u00e0 sec et humide<\/li>\n<li>Acier chrom\u00e9 inoxydable<\/li>\n<li>Peut \u00e9galement \u00eatre utilis\u00e9 comme appareil de remplissage pos\u00e9 au sol pour les pots de culture<\/li>\n<\/ul>\n<\/div><div class=\"fusion-clearfix\"><\/div><\/div><\/div><\/div><\/div>\n","protected":false},"excerpt":{"rendered":"","protected":false},"author":1,"featured_media":0,"parent":2807,"menu_order":20,"comment_status":"closed","ping_status":"closed","template":"","meta":{"inline_featured_image":false},"yoast_head":"<!-- This site is optimized with the Yoast SEO plugin v19.13 - https:\/\/yoast.com\/wordpress\/plugins\/seo\/ -->\n<title>Feeder - Cannabinno<\/title>\n<meta name=\"robots\" content=\"noindex, follow, max-snippet:-1, max-image-preview:large, max-video-preview:-1\" \/>\n<meta property=\"og:locale\" content=\"fr_FR\" \/>\n<meta property=\"og:type\" content=\"article\" \/>\n<meta property=\"og:title\" content=\"cannabinno feeder : traitement ininterrompu\" \/>\n<meta property=\"og:description\" content=\"Le syst\u00e8me de transport alternatif : un remplissage en douceur du trimmer en dosant continuellement.\" \/>\n<meta property=\"og:url\" content=\"https:\/\/dev.cannabinno.swiss\/fr\/produits\/cannabinno-feeder\/\" \/>\n<meta property=\"og:site_name\" content=\"Cannabinno\" \/>\n<meta property=\"article:modified_time\" content=\"2021-09-22T15:16:46+00:00\" \/>\n<meta property=\"og:image\" content=\"https:\/\/dev.cannabinno.swiss\/wp-content\/uploads\/2020\/05\/feeder_midi_1200_630px.jpg\" \/>\n<meta name=\"twitter:card\" content=\"summary_large_image\" \/>\n<meta name=\"twitter:label1\" content=\"Dur\u00e9e de lecture estim\u00e9e\" \/>\n\t<meta name=\"twitter:data1\" content=\"7 minutes\" \/>\n<script type=\"application\/ld+json\" class=\"yoast-schema-graph\">{\"@context\":\"https:\/\/schema.org\",\"@graph\":[{\"@type\":\"WebPage\",\"@id\":\"https:\/\/dev.cannabinno.swiss\/fr\/produits\/cannabinno-feeder\/\",\"url\":\"https:\/\/dev.cannabinno.swiss\/fr\/produits\/cannabinno-feeder\/\",\"name\":\"Feeder - Cannabinno\",\"isPartOf\":{\"@id\":\"https:\/\/dev.cannabinno.swiss\/#website\"},\"datePublished\":\"2020-07-15T08:54:16+00:00\",\"dateModified\":\"2021-09-22T15:16:46+00:00\",\"breadcrumb\":{\"@id\":\"https:\/\/dev.cannabinno.swiss\/fr\/produits\/cannabinno-feeder\/#breadcrumb\"},\"inLanguage\":\"fr-FR\",\"potentialAction\":[{\"@type\":\"ReadAction\",\"target\":[\"https:\/\/dev.cannabinno.swiss\/fr\/produits\/cannabinno-feeder\/\"]}]},{\"@type\":\"BreadcrumbList\",\"@id\":\"https:\/\/dev.cannabinno.swiss\/fr\/produits\/cannabinno-feeder\/#breadcrumb\",\"itemListElement\":[{\"@type\":\"ListItem\",\"position\":1,\"name\":\"Startseite\",\"item\":\"https:\/\/dev.cannabinno.swiss\/fr\/\"},{\"@type\":\"ListItem\",\"position\":2,\"name\":\"Produits\",\"item\":\"https:\/\/dev.cannabinno.swiss\/fr\/produits\/\"},{\"@type\":\"ListItem\",\"position\":3,\"name\":\"Feeder\"}]},{\"@type\":\"WebSite\",\"@id\":\"https:\/\/dev.cannabinno.swiss\/#website\",\"url\":\"https:\/\/dev.cannabinno.swiss\/\",\"name\":\"Cannabinno\",\"description\":\"swissmade quality machines.\",\"potentialAction\":[{\"@type\":\"SearchAction\",\"target\":{\"@type\":\"EntryPoint\",\"urlTemplate\":\"https:\/\/dev.cannabinno.swiss\/?s={search_term_string}\"},\"query-input\":\"required name=search_term_string\"}],\"inLanguage\":\"fr-FR\"}]}<\/script>\n<!-- \/ Yoast SEO plugin. -->","yoast_head_json":{"title":"Feeder - Cannabinno","robots":{"index":"noindex","follow":"follow","max-snippet":"max-snippet:-1","max-image-preview":"max-image-preview:large","max-video-preview":"max-video-preview:-1"},"og_locale":"fr_FR","og_type":"article","og_title":"cannabinno feeder : traitement ininterrompu","og_description":"Le syst\u00e8me de transport alternatif : un remplissage en douceur du trimmer en dosant continuellement.","og_url":"https:\/\/dev.cannabinno.swiss\/fr\/produits\/cannabinno-feeder\/","og_site_name":"Cannabinno","article_modified_time":"2021-09-22T15:16:46+00:00","og_image":[{"url":"https:\/\/dev.cannabinno.swiss\/wp-content\/uploads\/2020\/05\/feeder_midi_1200_630px.jpg"}],"twitter_card":"summary_large_image","twitter_misc":{"Dur\u00e9e de lecture estim\u00e9e":"7 minutes"},"schema":{"@context":"https:\/\/schema.org","@graph":[{"@type":"WebPage","@id":"https:\/\/dev.cannabinno.swiss\/fr\/produits\/cannabinno-feeder\/","url":"https:\/\/dev.cannabinno.swiss\/fr\/produits\/cannabinno-feeder\/","name":"Feeder - Cannabinno","isPartOf":{"@id":"https:\/\/dev.cannabinno.swiss\/#website"},"datePublished":"2020-07-15T08:54:16+00:00","dateModified":"2021-09-22T15:16:46+00:00","breadcrumb":{"@id":"https:\/\/dev.cannabinno.swiss\/fr\/produits\/cannabinno-feeder\/#breadcrumb"},"inLanguage":"fr-FR","potentialAction":[{"@type":"ReadAction","target":["https:\/\/dev.cannabinno.swiss\/fr\/produits\/cannabinno-feeder\/"]}]},{"@type":"BreadcrumbList","@id":"https:\/\/dev.cannabinno.swiss\/fr\/produits\/cannabinno-feeder\/#breadcrumb","itemListElement":[{"@type":"ListItem","position":1,"name":"Startseite","item":"https:\/\/dev.cannabinno.swiss\/fr\/"},{"@type":"ListItem","position":2,"name":"Produits","item":"https:\/\/dev.cannabinno.swiss\/fr\/produits\/"},{"@type":"ListItem","position":3,"name":"Feeder"}]},{"@type":"WebSite","@id":"https:\/\/dev.cannabinno.swiss\/#website","url":"https:\/\/dev.cannabinno.swiss\/","name":"Cannabinno","description":"swissmade quality machines.","potentialAction":[{"@type":"SearchAction","target":{"@type":"EntryPoint","urlTemplate":"https:\/\/dev.cannabinno.swiss\/?s={search_term_string}"},"query-input":"required name=search_term_string"}],"inLanguage":"fr-FR"}]}},"_links":{"self":[{"href":"https:\/\/dev.cannabinno.swiss\/fr\/wp-json\/wp\/v2\/pages\/3105"}],"collection":[{"href":"https:\/\/dev.cannabinno.swiss\/fr\/wp-json\/wp\/v2\/pages"}],"about":[{"href":"https:\/\/dev.cannabinno.swiss\/fr\/wp-json\/wp\/v2\/types\/page"}],"author":[{"embeddable":true,"href":"https:\/\/dev.cannabinno.swiss\/fr\/wp-json\/wp\/v2\/users\/1"}],"replies":[{"embeddable":true,"href":"https:\/\/dev.cannabinno.swiss\/fr\/wp-json\/wp\/v2\/comments?post=3105"}],"version-history":[{"count":6,"href":"https:\/\/dev.cannabinno.swiss\/fr\/wp-json\/wp\/v2\/pages\/3105\/revisions"}],"predecessor-version":[{"id":5961,"href":"https:\/\/dev.cannabinno.swiss\/fr\/wp-json\/wp\/v2\/pages\/3105\/revisions\/5961"}],"up":[{"embeddable":true,"href":"https:\/\/dev.cannabinno.swiss\/fr\/wp-json\/wp\/v2\/pages\/2807"}],"wp:attachment":[{"href":"https:\/\/dev.cannabinno.swiss\/fr\/wp-json\/wp\/v2\/media?parent=3105"}],"curies":[{"name":"wp","href":"https:\/\/api.w.org\/{rel}","templated":true}]}}