{"id":5386,"date":"2021-09-08T11:29:24","date_gmt":"2021-09-08T09:29:24","guid":{"rendered":"https:\/\/dev.cannabinno.swiss\/productos\/forderband-maxi\/"},"modified":"2021-11-16T15:29:10","modified_gmt":"2021-11-16T14:29:10","slug":"forderband-maxi","status":"publish","type":"page","link":"https:\/\/dev.cannabinno.swiss\/es\/productos\/forderband-maxi\/","title":{"rendered":"Cinta transportadora Maxi"},"content":{"rendered":"<div class=\"fusion-fullwidth fullwidth-box fusion-builder-row-1 nonhundred-percent-fullwidth non-hundred-percent-height-scrolling\" style=\"--awb-border-radius-top-left:0px;--awb-border-radius-top-right:0px;--awb-border-radius-bottom-right:0px;--awb-border-radius-bottom-left:0px;\" ><div class=\"fusion-builder-row fusion-row\"><div class=\"fusion-layout-column fusion_builder_column fusion-builder-column-0 fusion_builder_column_1_1 1_1 fusion-one-full fusion-column-first fusion-column-last\" style=\"--awb-bg-size:cover;\"><div class=\"fusion-column-wrapper fusion-column-has-shadow fusion-flex-column-wrapper-legacy\"><div class=\"fusion-text fusion-text-1\"><h1>cannabinno cinta transportadora Maxi<\/h1>\n<\/div><div class=\"fusion-clearfix\"><\/div><\/div><\/div><div class=\"fusion-layout-column fusion_builder_column fusion-builder-column-1 fusion_builder_column_2_3 2_3 fusion-two-third fusion-column-first\" style=\"--awb-bg-size:cover;width:66.666666666667%;width:calc(66.666666666667% - ( ( 4% ) * 0.66666666666667 ) );margin-right: 4%;\"><div class=\"fusion-column-wrapper fusion-column-has-shadow fusion-flex-column-wrapper-legacy\"><div class=\"fusion-slider-sc fusion-flexslider-loading flexslider flexslider-hover-type-zoomin\" data-slideshow_autoplay=\"1\" data-slideshow_smooth_height=\"0\" data-slideshow_speed=\"7000\" style=\"max-width:100%;height:100%;\"><ul class=\"slides\"><li class=\"image\"><span class=\"fusion-image-hover-element hover-type-zoomin\"><img src=\"https:\/\/dev.cannabinno.swiss\/wp-content\/uploads\/2021\/06\/foerderband-maxi.jpg\" alt=\"foerderband-maxi\" width=\"1920\" height=\"1080\" class=\"wp-image-4692\" srcset=\"https:\/\/dev.cannabinno.swiss\/wp-content\/uploads\/2021\/06\/foerderband-maxi-200x113.jpg 200w, https:\/\/dev.cannabinno.swiss\/wp-content\/uploads\/2021\/06\/foerderband-maxi-400x225.jpg 400w, https:\/\/dev.cannabinno.swiss\/wp-content\/uploads\/2021\/06\/foerderband-maxi-600x338.jpg 600w, https:\/\/dev.cannabinno.swiss\/wp-content\/uploads\/2021\/06\/foerderband-maxi-800x450.jpg 800w, https:\/\/dev.cannabinno.swiss\/wp-content\/uploads\/2021\/06\/foerderband-maxi-1200x675.jpg 1200w, https:\/\/dev.cannabinno.swiss\/wp-content\/uploads\/2021\/06\/foerderband-maxi.jpg 1920w\" sizes=\"(max-width: 800px) 100vw, 800px\" \/><\/span><\/li><li class=\"image\"><span class=\"fusion-image-hover-element hover-type-zoomin\"><img src=\"https:\/\/dev.cannabinno.swiss\/wp-content\/uploads\/2021\/09\/foerderband-maxi-3.jpg\" alt=\"f\u00f6rderband maxi\" width=\"1920\" height=\"1080\" class=\"wp-image-6056\" srcset=\"https:\/\/dev.cannabinno.swiss\/wp-content\/uploads\/2021\/09\/foerderband-maxi-3-200x113.jpg 200w, https:\/\/dev.cannabinno.swiss\/wp-content\/uploads\/2021\/09\/foerderband-maxi-3-400x225.jpg 400w, https:\/\/dev.cannabinno.swiss\/wp-content\/uploads\/2021\/09\/foerderband-maxi-3-600x338.jpg 600w, https:\/\/dev.cannabinno.swiss\/wp-content\/uploads\/2021\/09\/foerderband-maxi-3-800x450.jpg 800w, https:\/\/dev.cannabinno.swiss\/wp-content\/uploads\/2021\/09\/foerderband-maxi-3-1200x675.jpg 1200w, https:\/\/dev.cannabinno.swiss\/wp-content\/uploads\/2021\/09\/foerderband-maxi-3.jpg 1920w\" sizes=\"(max-width: 800px) 100vw, 800px\" \/><\/span><\/li><li class=\"image\"><span class=\"fusion-image-hover-element hover-type-zoomin\"><img src=\"https:\/\/dev.cannabinno.swiss\/wp-content\/uploads\/2021\/09\/foerderband-maxi-1.jpg\" alt=\"f\u00f6rderband maxi\" width=\"1920\" height=\"1080\" class=\"wp-image-6046\" srcset=\"https:\/\/dev.cannabinno.swiss\/wp-content\/uploads\/2021\/09\/foerderband-maxi-1-200x113.jpg 200w, https:\/\/dev.cannabinno.swiss\/wp-content\/uploads\/2021\/09\/foerderband-maxi-1-400x225.jpg 400w, https:\/\/dev.cannabinno.swiss\/wp-content\/uploads\/2021\/09\/foerderband-maxi-1-600x338.jpg 600w, https:\/\/dev.cannabinno.swiss\/wp-content\/uploads\/2021\/09\/foerderband-maxi-1-800x450.jpg 800w, https:\/\/dev.cannabinno.swiss\/wp-content\/uploads\/2021\/09\/foerderband-maxi-1-1200x675.jpg 1200w, https:\/\/dev.cannabinno.swiss\/wp-content\/uploads\/2021\/09\/foerderband-maxi-1.jpg 1920w\" sizes=\"(max-width: 800px) 100vw, 800px\" \/><\/span><\/li><li class=\"image\"><span class=\"fusion-image-hover-element hover-type-zoomin\"><img src=\"https:\/\/dev.cannabinno.swiss\/wp-content\/uploads\/2021\/09\/foerderband-maxi-2.jpg\" alt=\"f\u00f6rderband maxi\" width=\"1920\" height=\"1080\" class=\"wp-image-6051\" srcset=\"https:\/\/dev.cannabinno.swiss\/wp-content\/uploads\/2021\/09\/foerderband-maxi-2-200x113.jpg 200w, https:\/\/dev.cannabinno.swiss\/wp-content\/uploads\/2021\/09\/foerderband-maxi-2-400x225.jpg 400w, https:\/\/dev.cannabinno.swiss\/wp-content\/uploads\/2021\/09\/foerderband-maxi-2-600x338.jpg 600w, https:\/\/dev.cannabinno.swiss\/wp-content\/uploads\/2021\/09\/foerderband-maxi-2-800x450.jpg 800w, https:\/\/dev.cannabinno.swiss\/wp-content\/uploads\/2021\/09\/foerderband-maxi-2-1200x675.jpg 1200w, https:\/\/dev.cannabinno.swiss\/wp-content\/uploads\/2021\/09\/foerderband-maxi-2.jpg 1920w\" sizes=\"(max-width: 800px) 100vw, 800px\" \/><\/span><\/li><\/ul><\/div><div class=\"fusion-clearfix\"><\/div><\/div><\/div><div class=\"fusion-layout-column fusion_builder_column fusion-builder-column-2 fusion_builder_column_1_3 1_3 fusion-one-third fusion-column-last\" style=\"--awb-bg-size:cover;width:33.333333333333%;width:calc(33.333333333333% - ( ( 4% ) * 0.33333333333333 ) );\"><div class=\"fusion-column-wrapper fusion-column-has-shadow fusion-flex-column-wrapper-legacy\"><div class=\"fusion-text fusion-text-2\"><h3>Especificaciones t\u00e9cnicas<\/h3>\n<dl style=\"font-size: 0.9rem;\">\n<dt>Medidas cinta transportadora Maxi<\/dt>\n<dd>An 42,5 cm x L 164 cm x Al 97 cm<\/dd>\n<dt>Ancho de cinta<\/dt>\n<dd>25 cm<\/dd>\n<dt>Fuente de alimentaci\u00f3n<\/dt>\n<dd>230 V \/ 6 A<\/dd>\n<dt>Certificaci\u00f3n<\/dt>\n<dd>Certificado CE de acuerdo con las directivas sobre m\u00e1quinas<\/dd>\n<\/dl>\n<\/div><div class=\"fusion-align-block\"><a class=\"fusion-button button-flat button-medium button-default fusion-button-default button-1 fusion-button-span-yes fusion-button-default-type\" style=\"--button_text_transform:uppercase;\" target=\"_self\" href=\"https:\/\/dev.cannabinno.swiss\/es\/contacto\/\"><span class=\"fusion-button-text\">Solicitar presupuesto<\/span><\/a><\/div><div class=\"fusion-clearfix\"><\/div><\/div><\/div><div class=\"fusion-layout-column fusion_builder_column fusion-builder-column-3 fusion_builder_column_1_1 1_1 fusion-one-full fusion-column-first fusion-column-last\" style=\"--awb-bg-size:cover;\"><div class=\"fusion-column-wrapper fusion-column-has-shadow fusion-flex-column-wrapper-legacy\"><div class=\"fusion-text fusion-text-3\"><p><strong>La cannabinno cintas transportadora Midi y Maxi pueden usarse de diversas maneras.<\/strong><\/p>\n<p>1. Como cinta de llenado para la cannabinno Trimmer Midi o Trimmer Mixi:<\/p>\n<p>Los cogollos se introducen uniformemente en el tambor durante todo el proceso de pelado, lo que aumenta la calidad del resultado del pelado en comparaci\u00f3n con el llenado manual.<\/p>\n<p>2. Como cinta de control despu\u00e9s del proceso de pelado:<\/p>\n<p>En este caso, se ha montado una l\u00e1mpara LED adicional por encima de la cinta transportadora, lo que hace que el control y la clasificaci\u00f3n de los cogollos malos sean muy f\u00e1ciles y eficaces. Las cintas transportadoras se ofrecen en una longitud est\u00e1ndar y est\u00e1n disponibles en dos tama\u00f1os diferentes de ancho de cinta. Tambi\u00e9n se pueden fabricar cintas a medida seg\u00fan los requisitos del cliente.<\/p>\n<\/div><div class=\"fusion-text fusion-text-4\"><h3>Caracter\u00edsticas<\/h3>\n<ul>\n<li>Todas las piezas que entran en contacto con el producto son conformes a la FDA<\/li>\n<li>Inclinaci\u00f3n ajustable<\/li>\n<li>Velocidad de transporte regulable<\/li>\n<li>Alimentaci\u00f3n regular del material<\/li>\n<li>Apropiado para el procesamiento en h\u00famedo y seco<\/li>\n<li>Se puede convertir en una cinta de control de forma opcional<\/li>\n<\/ul>\n<\/div><div class=\"fusion-clearfix\"><\/div><\/div><\/div><\/div><\/div>\n","protected":false},"excerpt":{"rendered":"","protected":false},"author":1,"featured_media":0,"parent":2820,"menu_order":12,"comment_status":"closed","ping_status":"closed","template":"","meta":{"inline_featured_image":false},"yoast_head":"<!-- This site is optimized with the Yoast SEO plugin v19.13 - https:\/\/yoast.com\/wordpress\/plugins\/seo\/ -->\n<title>Cinta transportadora Maxi - Cannabinno<\/title>\n<meta name=\"robots\" content=\"noindex, follow, max-snippet:-1, max-image-preview:large, max-video-preview:-1\" \/>\n<meta property=\"og:locale\" content=\"es_ES\" \/>\n<meta property=\"og:type\" content=\"article\" \/>\n<meta property=\"og:title\" content=\"cannabinno feeder: procesamiento continuo\" \/>\n<meta property=\"og:description\" content=\"El sistema de transporte alternativo: llenado cuidadoso de la peladora mediante dosificaci\u00f3n continua.\" \/>\n<meta property=\"og:url\" content=\"https:\/\/dev.cannabinno.swiss\/es\/productos\/forderband-maxi\/\" \/>\n<meta property=\"og:site_name\" content=\"Cannabinno\" \/>\n<meta property=\"article:modified_time\" content=\"2021-11-16T14:29:10+00:00\" \/>\n<meta property=\"og:image\" content=\"https:\/\/dev.cannabinno.swiss\/wp-content\/uploads\/2021\/06\/feeder-flex-og.jpg\" \/>\n<meta name=\"twitter:card\" content=\"summary_large_image\" \/>\n<meta name=\"twitter:image\" content=\"https:\/\/dev.cannabinno.swiss\/wp-content\/uploads\/2021\/06\/feeder-flex-og.jpg\" \/>\n<meta name=\"twitter:label1\" content=\"Tiempo de lectura\" \/>\n\t<meta name=\"twitter:data1\" content=\"8 minutos\" \/>\n<script type=\"application\/ld+json\" class=\"yoast-schema-graph\">{\"@context\":\"https:\/\/schema.org\",\"@graph\":[{\"@type\":\"WebPage\",\"@id\":\"https:\/\/dev.cannabinno.swiss\/es\/productos\/forderband-maxi\/\",\"url\":\"https:\/\/dev.cannabinno.swiss\/es\/productos\/forderband-maxi\/\",\"name\":\"Cinta transportadora Maxi - Cannabinno\",\"isPartOf\":{\"@id\":\"https:\/\/dev.cannabinno.swiss\/#website\"},\"datePublished\":\"2021-09-08T09:29:24+00:00\",\"dateModified\":\"2021-11-16T14:29:10+00:00\",\"breadcrumb\":{\"@id\":\"https:\/\/dev.cannabinno.swiss\/es\/productos\/forderband-maxi\/#breadcrumb\"},\"inLanguage\":\"es\",\"potentialAction\":[{\"@type\":\"ReadAction\",\"target\":[\"https:\/\/dev.cannabinno.swiss\/es\/productos\/forderband-maxi\/\"]}]},{\"@type\":\"BreadcrumbList\",\"@id\":\"https:\/\/dev.cannabinno.swiss\/es\/productos\/forderband-maxi\/#breadcrumb\",\"itemListElement\":[{\"@type\":\"ListItem\",\"position\":1,\"name\":\"Startseite\",\"item\":\"https:\/\/dev.cannabinno.swiss\/es\/\"},{\"@type\":\"ListItem\",\"position\":2,\"name\":\"Productos\",\"item\":\"https:\/\/dev.cannabinno.swiss\/es\/productos\/\"},{\"@type\":\"ListItem\",\"position\":3,\"name\":\"Cinta transportadora Maxi\"}]},{\"@type\":\"WebSite\",\"@id\":\"https:\/\/dev.cannabinno.swiss\/#website\",\"url\":\"https:\/\/dev.cannabinno.swiss\/\",\"name\":\"Cannabinno\",\"description\":\"swissmade quality machines.\",\"potentialAction\":[{\"@type\":\"SearchAction\",\"target\":{\"@type\":\"EntryPoint\",\"urlTemplate\":\"https:\/\/dev.cannabinno.swiss\/?s={search_term_string}\"},\"query-input\":\"required name=search_term_string\"}],\"inLanguage\":\"es\"}]}<\/script>\n<!-- \/ Yoast SEO plugin. -->","yoast_head_json":{"title":"Cinta transportadora Maxi - Cannabinno","robots":{"index":"noindex","follow":"follow","max-snippet":"max-snippet:-1","max-image-preview":"max-image-preview:large","max-video-preview":"max-video-preview:-1"},"og_locale":"es_ES","og_type":"article","og_title":"cannabinno feeder: procesamiento continuo","og_description":"El sistema de transporte alternativo: llenado cuidadoso de la peladora mediante dosificaci\u00f3n continua.","og_url":"https:\/\/dev.cannabinno.swiss\/es\/productos\/forderband-maxi\/","og_site_name":"Cannabinno","article_modified_time":"2021-11-16T14:29:10+00:00","og_image":[{"url":"https:\/\/dev.cannabinno.swiss\/wp-content\/uploads\/2021\/06\/feeder-flex-og.jpg"}],"twitter_card":"summary_large_image","twitter_image":"https:\/\/dev.cannabinno.swiss\/wp-content\/uploads\/2021\/06\/feeder-flex-og.jpg","twitter_misc":{"Tiempo de lectura":"8 minutos"},"schema":{"@context":"https:\/\/schema.org","@graph":[{"@type":"WebPage","@id":"https:\/\/dev.cannabinno.swiss\/es\/productos\/forderband-maxi\/","url":"https:\/\/dev.cannabinno.swiss\/es\/productos\/forderband-maxi\/","name":"Cinta transportadora Maxi - Cannabinno","isPartOf":{"@id":"https:\/\/dev.cannabinno.swiss\/#website"},"datePublished":"2021-09-08T09:29:24+00:00","dateModified":"2021-11-16T14:29:10+00:00","breadcrumb":{"@id":"https:\/\/dev.cannabinno.swiss\/es\/productos\/forderband-maxi\/#breadcrumb"},"inLanguage":"es","potentialAction":[{"@type":"ReadAction","target":["https:\/\/dev.cannabinno.swiss\/es\/productos\/forderband-maxi\/"]}]},{"@type":"BreadcrumbList","@id":"https:\/\/dev.cannabinno.swiss\/es\/productos\/forderband-maxi\/#breadcrumb","itemListElement":[{"@type":"ListItem","position":1,"name":"Startseite","item":"https:\/\/dev.cannabinno.swiss\/es\/"},{"@type":"ListItem","position":2,"name":"Productos","item":"https:\/\/dev.cannabinno.swiss\/es\/productos\/"},{"@type":"ListItem","position":3,"name":"Cinta transportadora Maxi"}]},{"@type":"WebSite","@id":"https:\/\/dev.cannabinno.swiss\/#website","url":"https:\/\/dev.cannabinno.swiss\/","name":"Cannabinno","description":"swissmade quality machines.","potentialAction":[{"@type":"SearchAction","target":{"@type":"EntryPoint","urlTemplate":"https:\/\/dev.cannabinno.swiss\/?s={search_term_string}"},"query-input":"required name=search_term_string"}],"inLanguage":"es"}]}},"_links":{"self":[{"href":"https:\/\/dev.cannabinno.swiss\/es\/wp-json\/wp\/v2\/pages\/5386"}],"collection":[{"href":"https:\/\/dev.cannabinno.swiss\/es\/wp-json\/wp\/v2\/pages"}],"about":[{"href":"https:\/\/dev.cannabinno.swiss\/es\/wp-json\/wp\/v2\/types\/page"}],"author":[{"embeddable":true,"href":"https:\/\/dev.cannabinno.swiss\/es\/wp-json\/wp\/v2\/users\/1"}],"replies":[{"embeddable":true,"href":"https:\/\/dev.cannabinno.swiss\/es\/wp-json\/wp\/v2\/comments?post=5386"}],"version-history":[{"count":10,"href":"https:\/\/dev.cannabinno.swiss\/es\/wp-json\/wp\/v2\/pages\/5386\/revisions"}],"predecessor-version":[{"id":6612,"href":"https:\/\/dev.cannabinno.swiss\/es\/wp-json\/wp\/v2\/pages\/5386\/revisions\/6612"}],"up":[{"embeddable":true,"href":"https:\/\/dev.cannabinno.swiss\/es\/wp-json\/wp\/v2\/pages\/2820"}],"wp:attachment":[{"href":"https:\/\/dev.cannabinno.swiss\/es\/wp-json\/wp\/v2\/media?parent=5386"}],"curies":[{"name":"wp","href":"https:\/\/api.w.org\/{rel}","templated":true}]}}