{"id":3784,"date":"2020-07-15T12:55:54","date_gmt":"2020-07-15T10:55:54","guid":{"rendered":"https:\/\/dev.cannabinno.swiss\/politica-de-privacidad\/"},"modified":"2020-07-15T12:55:58","modified_gmt":"2020-07-15T10:55:58","slug":"politica-de-privacidad","status":"publish","type":"page","link":"https:\/\/dev.cannabinno.swiss\/es\/politica-de-privacidad\/","title":{"rendered":"Pol\u00edtica de privacidad"},"content":{"rendered":"<div class=\"fusion-fullwidth fullwidth-box fusion-builder-row-1 nonhundred-percent-fullwidth non-hundred-percent-height-scrolling\" style=\"--awb-border-radius-top-left:0px;--awb-border-radius-top-right:0px;--awb-border-radius-bottom-right:0px;--awb-border-radius-bottom-left:0px;\" ><div class=\"fusion-builder-row fusion-row\"><div class=\"fusion-layout-column fusion_builder_column fusion-builder-column-0 fusion_builder_column_1_1 1_1 fusion-one-full fusion-column-first fusion-column-last\" style=\"--awb-bg-size:cover;--awb-margin-bottom:0px;\"><div class=\"fusion-column-wrapper fusion-flex-column-wrapper-legacy\"><div class=\"fusion-title title fusion-title-1 fusion-sep-none fusion-title-text fusion-title-size-one\"><h1 class=\"title-heading-left\" style=\"margin:0;\"><h1>Pol\u00edtica de privacidad<\/h1><\/h1><\/div><div class=\"fusion-text fusion-text-1\"><p>La p\u00e1gina web de Cannabinno est\u00e1 sujeta a la <strong>Ley suiza de Privacidad<\/strong>, en particular de conformidad con la Ley Federal de Protecci\u00f3n de Datos Personales (DSG), as\u00ed como a cualquier ley extranjera de protecci\u00f3n de datos aplicable, como el Reglamento General de Protecci\u00f3n de Datos (RGPD) de la Uni\u00f3n Europea (UE). La UE reconoce que la Ley suiza de Privacidad garantiza una protecci\u00f3n adecuada de los datos.<\/p>\n<p>El acceso a nuestra p\u00e1gina web se realiza por medio del <strong>cifrado de transporte<\/strong>(SSL \/ TLS).<\/p>\n<p>El acceso a nuestra p\u00e1gina web, como cualquier otro uso de Internet, est\u00e1 sujeto a una vigilancia masiva general, aleatoria, indiscriminada e independiente de sospechosos por parte de las autoridades de seguridad de Suiza, la UE, Estados Unidos y otros pa\u00edses. No tenemos influencia directa en el tratamiento correspondiente de los datos personales por parte de los servicios secretos, las comisar\u00edas y otras autoridades de seguridad.<\/p>\n<h3>Evaluaci\u00f3n estad\u00edstica<\/h3>\n<p>Esta pagina web utiliza Google Analytics, un servicio de an\u00e1lisis web de Google Inc. (\u00abGoogle\u00bb) para la evaluaci\u00f3n estad\u00edstica del uso y alcance de nuestra p\u00e1gina web,&nbsp;<em><strong>sin<\/strong><\/em><strong>&nbsp;informaci\u00f3n relativa a personas<\/strong>. Google Analytics utiliza las llamadas \u00abcookies\u00bb, archivos de texto que se almacenan en su ordenador y que permiten analizar el uso que usted hace de la p\u00e1gina web. La informaci\u00f3n generada por la cookie sobre su uso de esta p\u00e1gina web se transfiere generalmente a un servidor de Google en Estados Unidos y se almacena all\u00ed. Al activar la opci\u00f3n de anonimizar la IP en esta p\u00e1gina web, Google acortar\u00e1 su direcci\u00f3n IP dentro del territorio de los Estados miembros de la Uni\u00f3n Europea o en otros pa\u00edses que sean parte contratante del Espacio Econ\u00f3mico Europeo.<\/p>\n<p>Si el operador de esta p\u00e1gina web lo solicita, Google utilizar\u00e1 esta informaci\u00f3n para analizar el uso que usted hace de la p\u00e1gina web, elaborar informes sobre las actividades de la p\u00e1gina web y prestar otros servicios al operador relacionados con el uso de la p\u00e1gina web y de Internet. La direcci\u00f3n IP enviada por su navegador como parte del servicio de Google Analytics no se combinar\u00e1 con otros datos de Google. Puede rechazar el uso de cookies seleccionando la configuraci\u00f3n apropiada en su navegador; sin embargo, tenga en cuenta que si lo hace es posible que no pueda utilizar todas las funciones de esta p\u00e1gina web. Adem\u00e1s, tambi\u00e9n puede evitar que Google recopile y trate los datos generados por las cookies sobre el uso que usted hace de la p\u00e1gina web (incluyendo su direcci\u00f3n IP); para ello, solo tiene que descargar e instalar el complemento de navegador disponible en el siguiente enlace. Aqu\u00ed puede descargar el complemento <a href=\"http:\/\/tools.google.com\/dlpage\/gaoptout?hl=de\">http:\/\/tools.google.com\/dlpage\/gaoptout?hl=de<\/a><\/p>\n<h3>Servicios de terceros<\/h3>\n<p>Alojamos nuestra p\u00e1gina web en &nbsp;Cyon&nbsp;, Basel (Suiza). En Cyon, se crean &nbsp;archivos de registro est\u00e1ndar del servidor web&nbsp; que contienen la siguiente informaci\u00f3n sobre cada acceso a esta p\u00e1gina web: direcci\u00f3n IP, fecha y hora, incluido el huso horario, solicitud del navegador, incluido el origen de la solicitud (remitente), sistema operativo utilizado, incluida la interfaz de usuario y la versi\u00f3n, navegador utilizado, incluido el idioma y la versi\u00f3n, cantidad de datos transferidos. Los archivos de registro se utilizan para identificar problemas t\u00e9cnicos, as\u00ed como para garantizar la seguridad y evaluar estad\u00edsticamente el uso de nuestra p\u00e1gina web con el software gratuito de c\u00f3digo abierto &nbsp;<a href=\"https:\/\/de.wikipedia.org\/wiki\/AWStats\" data-ss1538748386=\"1\">AWStats<\/a>, que utiliza Cyon.<\/p>\n<p>Utilizamos &nbsp;<a href=\"https:\/\/www.google.ch\/maps\" data-ss1538748386=\"1\">Google Maps<\/a>&nbsp;para insertar&nbsp;mapas,&nbsp;<a href=\"https:\/\/www.google.com\/recaptcha\/intro\/invisible.html\" data-ss1538748386=\"1\">Google Invisible reCAPTCHA<\/a>&nbsp;para la &nbsp;protecci\u00f3n contra bots und spam,&nbsp;as\u00ed como&nbsp;<a href=\"https:\/\/www.youtube.com\/\" data-ss1538748386=\"1\">YouTube<\/a>&nbsp;para insertar&nbsp;v\u00eddeos. Estos servicios de la empresa americana Google LLC utilizan, entre otras cosas, cookies y datos que se transfieren a Google en los Estados Unidos, por lo que suponemos que en este contexto no se realiza ning\u00fan seguimiento personal a trav\u00e9s del uso de nuestra p\u00e1gina web. Google se compromete a garantizar la protecci\u00f3n adecuada de sus datos de acuerdo con el &nbsp;<a href=\"https:\/\/www.privacyshield.gov\/participant?id=a2zt000000001L5AAI\" data-ss1538748386=\"1\">escudo de privacidad<\/a>&nbsp;estadounidense-europeo y estadounidense-suizo. Para m\u00e1s informaci\u00f3n, consulte la &nbsp;<a href=\"https:\/\/policies.google.com\/privacy?hl=de\/\" data-ss1538748386=\"1\">pol\u00edtica de privacidad<\/a>&nbsp;de Google.<\/p>\n<p>Las fuentes se integran a trav\u00e9s de Google y Typekit.<\/p>\n<h3>Tratamiento de datos personales<\/h3>\n<p>Los datos personales son toda la informaci\u00f3n relacionada con una persona espec\u00edfica o identificable. Un interesado es una persona sobre la que se procesan datos personales. El tratamiento incluye todo tipo de manipulaci\u00f3n de datos personales, independientemente de los medios y procedimientos utilizados, en particular el almacenamiento, la divulgaci\u00f3n, la adquisici\u00f3n, la supresi\u00f3n, la conservaci\u00f3n, la modificaci\u00f3n, la destrucci\u00f3n y la utilizaci\u00f3n de datos personales.<\/p>\n<p>Procesamos los datos personales de acuerdo con la Ley suiza de Privacidad. En todos los dem\u00e1s aspectos, procesamos los datos personales, en la medida en que el RGPD sea aplicable, de acuerdo con al menos una de las siguientes bases legales:<\/p>\n<p>Art. 6, p\u00e1rr. 1, apart. f del RGPD en lo relativo al tratamiento necesario de los datos personales para proteger los intereses leg\u00edtimos propios o de terceros, siempre que no prevalezcan las libertades o derechos fundamentales ni los intereses del interesado. Los intereses leg\u00edtimos incluyen, en particular, nuestro inter\u00e9s comercial en poder ofrecer nuestra p\u00e1gina web, la seguridad de la informaci\u00f3n, la ejecuci\u00f3n de nuestras propias reclamaciones legales y el cumplimiento de la legislaci\u00f3n suiza.<\/p>\n<p>Art. 6, p\u00e1rrafo 1, apart. b del RGPD en lo relativo al tratamiento necesario de los datos personales para el cumplimiento de un contrato con el interesado y para la aplicaci\u00f3n de medidas precontractuales adecuadas.<\/p>\n<p>Art. 6, p\u00e1rr. 1, apart. c del RGPD en lo relativo al tratamiento necesario de los datos personales para cumplir una obligaci\u00f3n legal a la que estamos sujetos en virtud de cualquier ley aplicable de la UE o de cualquier pa\u00eds en el que el RGPD sea aplicable en su totalidad o en parte.<\/p>\n<p>Art. 6, p\u00e1rr. 1, apart. a del RGPD en lo relativo al tratamiento de datos personales con el consentimiento del interesado.<\/p>\n<p>Art. 6, p\u00e1rr. 1, apart. d del RGPD en lo relativo al tratamiento de los datos personales necesarios para proteger los intereses vitales del interesado o de otra persona f\u00edsica.<\/p>\n<p>Procesamos los datos personales durante el tiempo necesario para el prop\u00f3sito o prop\u00f3sitos respectivos. En el caso de que se requiera un almacenamiento a m\u00e1s largo plazo debido a obligaciones legales y de otro tipo a las que estamos sujetos, ajustaremos el procesamiento en consecuencia.<\/p>\n<h3>Comentarios y formularios<\/h3>\n<p>En nuestra p\u00e1gina web puede dejar comentarios, rellenar formularios de contacto y suscribirse a nuestro bolet\u00edn de noticias. Para ello, tambi\u00e9n usamos cookies. Almacenamos la informaci\u00f3n que los visitantes de nuestra p\u00e1gina web introducen personalmente. Adem\u00e1s, podemos guardar la direcci\u00f3n IP, as\u00ed como la hora y la fecha para combatir un mal uso, en particular el robo de identidad y el correo no deseado.<\/p>\n<h3>Bolet\u00edn informativo<\/h3>\n<p>Para enviar el bolet\u00edn informativo, utilizamos una instancia alojada autom\u00e1ticamente de Mautic, una soluci\u00f3n de c\u00f3digo abierto para la automatizaci\u00f3n del m\u00e1rketing. As\u00ed pues, a estos aspectos t\u00e9cnicos de la protecci\u00f3n de datos se aplican los mismos puntos que a la p\u00e1gina web en general.<\/p>\n<p>Puede darse de baja del bolet\u00edn informativo en cada correo electr\u00f3nico. Los boletines pueden contener gr\u00e1ficos y\/o enlaces web que registran si se abri\u00f3 un bolet\u00edn en una aplicaci\u00f3n de correo electr\u00f3nico y cu\u00e1ndo, y en qu\u00e9 enlaces web se hizo clic. Dichos gr\u00e1ficos y\/o enlaces web registran el uso de boletines para garantizar la calidad y permitir mejoras en el bolet\u00edn.<\/p>\n<h3>Cuenta de usuario<\/h3>\n<p>Si ha creado una cuenta de usuario mientras navega en esta p\u00e1gina web y hace uso de la misma, se emplear\u00e1 una cookie temporal que comprueba si el navegador acepta cookies. No contiene ning\u00fan dato personal.<\/p>\n<p>Cuando inicia sesi\u00f3n, se crean algunas cookies para guardar la informaci\u00f3n de inicio de sesi\u00f3n. Caducan autom\u00e1ticamente.<\/p>\n<h3>Derechos de los interesados<\/h3>\n<p>Los visitantes de nuestra p\u00e1gina web y otras personas a trav\u00e9s de las cuales procesamos datos personales pueden obtener gratuitamente la confirmaci\u00f3n de si los datos personales est\u00e1n siendo procesados por nosotros y, en caso afirmativo, solicitar informaci\u00f3n sobre nuestro tratamiento de datos personales, restringir el tratamiento de sus datos personales, ejercer su derecho a la portabilidad de los datos y, en la medida en que el RGPD sea aplicable, consultar, corregir, eliminar (\u00abderecho al olvido\u00bb) o bloquear sus datos personales, revocar los consentimientos dados y oponerse al procesamiento de sus datos personales.<\/p>\n<p>Las personas sobre las que procesamos datos personales tienen derecho a presentar una queja ante una autoridad de supervisi\u00f3n competente en materia de protecci\u00f3n de datos. La autoridad supervisora \u200b\u200bpara la protecci\u00f3n de datos en Suiza es el Comisionado Federal para la Protecci\u00f3n de Datos e Informaci\u00f3n (ED\u00d6B).<\/p>\n<h3>Direcci\u00f3n de contacto<\/h3>\n<p>Las consultas de las autoridades de supervisi\u00f3n y de los interesados \u200b\u200bgeneralmente nos llegan por correo electr\u00f3nico, pero tambi\u00e9n es posible enviarlas por correo postal:<\/p>\n<p>Adec Solutions GmbH<br \/>\nIndustriestrasse 23<br \/>\nCH-9320 Arbon (Suiza)<\/p>\n<p><a href=\"m&#97;&#105;&#x6c;&#x74;o:&#105;&#110;&#x66;&#x6f;&#64;c&#97;&#110;&#x6e;&#x61;bi&#110;&#x6e;&#x6f;&#x2e;s&#119;&#105;&#x73;&#x73;\">info&#64;c&#97;&#110;&#110;&#97;&#98;&#105;&#110;&#x6e;&#x6f;&#x2e;&#x73;&#x77;&#x69;&#x73;&#x73;<\/a><\/p>\n<p>La persona de contacto para los asuntos relacionados con la protecci\u00f3n de datos en Adec Solutions GmbH es Daniel Aerne.<\/p>\n<\/div><div class=\"fusion-clearfix\"><\/div><\/div><\/div><\/div><\/div>\n","protected":false},"excerpt":{"rendered":"","protected":false},"author":1,"featured_media":0,"parent":0,"menu_order":99,"comment_status":"closed","ping_status":"open","template":"","meta":{"inline_featured_image":false},"yoast_head":"<!-- This site is optimized with the Yoast SEO plugin v19.13 - https:\/\/yoast.com\/wordpress\/plugins\/seo\/ -->\n<title>Pol\u00edtica de privacidad - Cannabinno<\/title>\n<meta name=\"robots\" content=\"noindex, follow, max-snippet:-1, max-image-preview:large, max-video-preview:-1\" \/>\n<meta property=\"og:locale\" content=\"es_ES\" \/>\n<meta property=\"og:type\" content=\"article\" \/>\n<meta property=\"og:title\" content=\"Pol\u00edtica de privacidad - Cannabinno\" \/>\n<meta property=\"og:url\" content=\"https:\/\/dev.cannabinno.swiss\/es\/politica-de-privacidad\/\" \/>\n<meta property=\"og:site_name\" content=\"Cannabinno\" \/>\n<meta property=\"article:modified_time\" content=\"2020-07-15T10:55:58+00:00\" \/>\n<meta name=\"twitter:card\" content=\"summary_large_image\" \/>\n<meta name=\"twitter:label1\" content=\"Tiempo de lectura\" \/>\n\t<meta name=\"twitter:data1\" content=\"10 minutos\" \/>\n<script type=\"application\/ld+json\" class=\"yoast-schema-graph\">{\"@context\":\"https:\/\/schema.org\",\"@graph\":[{\"@type\":\"WebPage\",\"@id\":\"https:\/\/dev.cannabinno.swiss\/es\/politica-de-privacidad\/\",\"url\":\"https:\/\/dev.cannabinno.swiss\/es\/politica-de-privacidad\/\",\"name\":\"Pol\u00edtica de privacidad - Cannabinno\",\"isPartOf\":{\"@id\":\"https:\/\/dev.cannabinno.swiss\/#website\"},\"datePublished\":\"2020-07-15T10:55:54+00:00\",\"dateModified\":\"2020-07-15T10:55:58+00:00\",\"breadcrumb\":{\"@id\":\"https:\/\/dev.cannabinno.swiss\/es\/politica-de-privacidad\/#breadcrumb\"},\"inLanguage\":\"es\",\"potentialAction\":[{\"@type\":\"ReadAction\",\"target\":[\"https:\/\/dev.cannabinno.swiss\/es\/politica-de-privacidad\/\"]}]},{\"@type\":\"BreadcrumbList\",\"@id\":\"https:\/\/dev.cannabinno.swiss\/es\/politica-de-privacidad\/#breadcrumb\",\"itemListElement\":[{\"@type\":\"ListItem\",\"position\":1,\"name\":\"Startseite\",\"item\":\"https:\/\/dev.cannabinno.swiss\/es\/\"},{\"@type\":\"ListItem\",\"position\":2,\"name\":\"Pol\u00edtica de privacidad\"}]},{\"@type\":\"WebSite\",\"@id\":\"https:\/\/dev.cannabinno.swiss\/#website\",\"url\":\"https:\/\/dev.cannabinno.swiss\/\",\"name\":\"Cannabinno\",\"description\":\"swissmade quality machines.\",\"potentialAction\":[{\"@type\":\"SearchAction\",\"target\":{\"@type\":\"EntryPoint\",\"urlTemplate\":\"https:\/\/dev.cannabinno.swiss\/?s={search_term_string}\"},\"query-input\":\"required name=search_term_string\"}],\"inLanguage\":\"es\"}]}<\/script>\n<!-- \/ Yoast SEO plugin. -->","yoast_head_json":{"title":"Pol\u00edtica de privacidad - Cannabinno","robots":{"index":"noindex","follow":"follow","max-snippet":"max-snippet:-1","max-image-preview":"max-image-preview:large","max-video-preview":"max-video-preview:-1"},"og_locale":"es_ES","og_type":"article","og_title":"Pol\u00edtica de privacidad - Cannabinno","og_url":"https:\/\/dev.cannabinno.swiss\/es\/politica-de-privacidad\/","og_site_name":"Cannabinno","article_modified_time":"2020-07-15T10:55:58+00:00","twitter_card":"summary_large_image","twitter_misc":{"Tiempo de lectura":"10 minutos"},"schema":{"@context":"https:\/\/schema.org","@graph":[{"@type":"WebPage","@id":"https:\/\/dev.cannabinno.swiss\/es\/politica-de-privacidad\/","url":"https:\/\/dev.cannabinno.swiss\/es\/politica-de-privacidad\/","name":"Pol\u00edtica de privacidad - Cannabinno","isPartOf":{"@id":"https:\/\/dev.cannabinno.swiss\/#website"},"datePublished":"2020-07-15T10:55:54+00:00","dateModified":"2020-07-15T10:55:58+00:00","breadcrumb":{"@id":"https:\/\/dev.cannabinno.swiss\/es\/politica-de-privacidad\/#breadcrumb"},"inLanguage":"es","potentialAction":[{"@type":"ReadAction","target":["https:\/\/dev.cannabinno.swiss\/es\/politica-de-privacidad\/"]}]},{"@type":"BreadcrumbList","@id":"https:\/\/dev.cannabinno.swiss\/es\/politica-de-privacidad\/#breadcrumb","itemListElement":[{"@type":"ListItem","position":1,"name":"Startseite","item":"https:\/\/dev.cannabinno.swiss\/es\/"},{"@type":"ListItem","position":2,"name":"Pol\u00edtica de privacidad"}]},{"@type":"WebSite","@id":"https:\/\/dev.cannabinno.swiss\/#website","url":"https:\/\/dev.cannabinno.swiss\/","name":"Cannabinno","description":"swissmade quality machines.","potentialAction":[{"@type":"SearchAction","target":{"@type":"EntryPoint","urlTemplate":"https:\/\/dev.cannabinno.swiss\/?s={search_term_string}"},"query-input":"required name=search_term_string"}],"inLanguage":"es"}]}},"_links":{"self":[{"href":"https:\/\/dev.cannabinno.swiss\/es\/wp-json\/wp\/v2\/pages\/3784"}],"collection":[{"href":"https:\/\/dev.cannabinno.swiss\/es\/wp-json\/wp\/v2\/pages"}],"about":[{"href":"https:\/\/dev.cannabinno.swiss\/es\/wp-json\/wp\/v2\/types\/page"}],"author":[{"embeddable":true,"href":"https:\/\/dev.cannabinno.swiss\/es\/wp-json\/wp\/v2\/users\/1"}],"replies":[{"embeddable":true,"href":"https:\/\/dev.cannabinno.swiss\/es\/wp-json\/wp\/v2\/comments?post=3784"}],"version-history":[{"count":0,"href":"https:\/\/dev.cannabinno.swiss\/es\/wp-json\/wp\/v2\/pages\/3784\/revisions"}],"wp:attachment":[{"href":"https:\/\/dev.cannabinno.swiss\/es\/wp-json\/wp\/v2\/media?parent=3784"}],"curies":[{"name":"wp","href":"https:\/\/api.w.org\/{rel}","templated":true}]}}