{"id":3273,"date":"2020-07-15T10:56:41","date_gmt":"2020-07-15T08:56:41","guid":{"rendered":"https:\/\/dev.cannabinno.swiss\/aviso-legal\/"},"modified":"2021-11-16T13:45:49","modified_gmt":"2021-11-16T12:45:49","slug":"aviso-legal","status":"publish","type":"page","link":"https:\/\/dev.cannabinno.swiss\/es\/aviso-legal\/","title":{"rendered":"Aviso legal"},"content":{"rendered":"<h2>Responsable del contenido<\/h2>\n<p>Adec Solutions GmbH<br \/>\nIndustriestrasse 23, CH-9320 Arbon (Suiza)<br \/>\nT +41 71 530 03 11<br \/>\n<a href=\"&#x6d;a&#x69;&#108;t&#x6f;&#58;&#x69;&#110;f&#x6f;&#64;&#x63;&#97;n&#x6e;&#97;&#x62;&#x69;n&#x6e;&#111;&#46;&#x73;&#119;&#x69;&#115;s\">&#x69;&#110;&#x66;&#x6f;&#64;&#x63;&#97;n&#x6e;&#97;b&#x69;&#110;n&#x6f;&#46;s&#x77;&#105;&#x73;&#x73;<\/a><\/p>\n<p>NIF: CHE-114.595.445<br \/>\nN.\u00ba de IVA: Nr. CHE-114.595.445 MWST<\/p>\n<h2>Concepto y realizaci\u00f3n<\/h2>\n<p>Kommbinat GmbH<br \/>\nRomanshornerstrasse 4<br \/>\n9320 Arbon (Suiza)<\/p>\n<p><a href=\"https:\/\/www.kommbinat.ch\" target=\"_blank\" rel=\"noopener noreferrer\">www.kommbinat.ch<\/a><br \/>\n<a href=\"&#x6d;&#x61;&#105;l&#x74;&#x6f;&#58;&#107;o&#x6e;&#x74;&#97;&#107;t&#x40;&#x6b;&#111;mm&#x62;&#x69;&#110;a&#x74;&#x2e;&#99;&#104;\">kont&#97;&#107;&#116;&#64;&#107;&#x6f;&#x6d;&#x6d;&#x62;&#x69;&#x6e;&#x61;t&#46;ch<\/a><br \/>\nTel\u00e9fono 071 446 21 41<\/p>\n<h2>Aviso legal<\/h2>\n<p>Todos los textos y enlaces han sido cuidadosamente revisados y se actualizan continuamente. Hacemos todo lo posible por proporcionar una informaci\u00f3n correcta y completa en esta p\u00e1gina web, pero no asumimos ninguna responsabilidad, garant\u00eda ni obligaci\u00f3n de que la informaci\u00f3n proporcionada por esta p\u00e1gina web sea correcta, completa o actual. Nos reservamos el derecho de cambiar la informaci\u00f3n de esta p\u00e1gina web en cualquier momento y sin previo aviso, y no tenemos la obligaci\u00f3n de actualizar la informaci\u00f3n proporcionada. Comprobamos la exactitud de todos los enlaces a proveedores externos en el momento de su inclusi\u00f3n, pero no nos hacemos responsables del contenido y la disponibilidad de las p\u00e1ginas web a las que se puede acceder mediante hiperv\u00ednculos. El proveedor de la p\u00e1gina web a la que remite el enlace es el \u00fanico responsable de los contenidos ilegales, err\u00f3neos o incompletos y, en particular, de los da\u00f1os causados por los contenidos de las p\u00e1ginas enlazadas. No importa si el da\u00f1o es de naturaleza directa, indirecta, financiera o si hay alg\u00fan otro da\u00f1o que pueda resultar de la p\u00e9rdida de datos, la p\u00e9rdida de uso u otras razones de cualquier tipo.<\/p>\n<h2><span id=\"Rechtliche_Hinweise\" class=\"mw-headline\">Informaci\u00f3n legal<\/span><\/h2>\n<p>No podemos garantizar la seguridad de la transmisi\u00f3n de datos en Internet. En particular, cuando los datos se transmiten por correo electr\u00f3nico, existe el riesgo de acceso por parte de terceros.<\/p>\n<p>Queda expresamente prohibido el uso m\u00faltiple no confirmado de los datos de contacto publicados en el aviso legal por parte de terceros con fines publicitarios. El operador se reserva expresamente el derecho de emprender acciones legales en caso de recibir material publicitario o informativo no solicitado.<\/p>\n<p>En caso de que alguna de las disposiciones o formulaciones de esta exenci\u00f3n de responsabilidad sea o llegue a ser inv\u00e1lida, el contenido y la validez de las restantes disposiciones no se ver\u00e1n afectados.<\/p>\n","protected":false},"excerpt":{"rendered":"<p>Responsable del contenido Adec Solutions GmbH Industriestrasse 23, CH-9320 Arbon [&hellip;]<\/p>\n","protected":false},"author":2,"featured_media":0,"parent":0,"menu_order":70,"comment_status":"closed","ping_status":"closed","template":"","meta":{"inline_featured_image":false},"yoast_head":"<!-- This site is optimized with the Yoast SEO plugin v19.13 - https:\/\/yoast.com\/wordpress\/plugins\/seo\/ -->\n<title>Aviso legal - Cannabinno<\/title>\n<meta name=\"robots\" content=\"noindex, follow, max-snippet:-1, max-image-preview:large, max-video-preview:-1\" \/>\n<meta property=\"og:locale\" content=\"es_ES\" \/>\n<meta property=\"og:type\" content=\"article\" \/>\n<meta property=\"og:title\" content=\"Aviso legal - Cannabinno\" \/>\n<meta property=\"og:description\" content=\"Responsable del contenido Adec Solutions GmbH Industriestrasse 23, CH-9320 Arbon [&hellip;]\" \/>\n<meta property=\"og:url\" content=\"https:\/\/dev.cannabinno.swiss\/es\/aviso-legal\/\" \/>\n<meta property=\"og:site_name\" content=\"Cannabinno\" \/>\n<meta property=\"article:modified_time\" content=\"2021-11-16T12:45:49+00:00\" \/>\n<meta name=\"twitter:card\" content=\"summary_large_image\" \/>\n<meta name=\"twitter:label1\" content=\"Tiempo de lectura\" \/>\n\t<meta name=\"twitter:data1\" content=\"2 minutos\" \/>\n<script type=\"application\/ld+json\" class=\"yoast-schema-graph\">{\"@context\":\"https:\/\/schema.org\",\"@graph\":[{\"@type\":\"WebPage\",\"@id\":\"https:\/\/dev.cannabinno.swiss\/es\/aviso-legal\/\",\"url\":\"https:\/\/dev.cannabinno.swiss\/es\/aviso-legal\/\",\"name\":\"Aviso legal - Cannabinno\",\"isPartOf\":{\"@id\":\"https:\/\/dev.cannabinno.swiss\/#website\"},\"datePublished\":\"2020-07-15T08:56:41+00:00\",\"dateModified\":\"2021-11-16T12:45:49+00:00\",\"breadcrumb\":{\"@id\":\"https:\/\/dev.cannabinno.swiss\/es\/aviso-legal\/#breadcrumb\"},\"inLanguage\":\"es\",\"potentialAction\":[{\"@type\":\"ReadAction\",\"target\":[\"https:\/\/dev.cannabinno.swiss\/es\/aviso-legal\/\"]}]},{\"@type\":\"BreadcrumbList\",\"@id\":\"https:\/\/dev.cannabinno.swiss\/es\/aviso-legal\/#breadcrumb\",\"itemListElement\":[{\"@type\":\"ListItem\",\"position\":1,\"name\":\"Startseite\",\"item\":\"https:\/\/dev.cannabinno.swiss\/es\/\"},{\"@type\":\"ListItem\",\"position\":2,\"name\":\"Aviso legal\"}]},{\"@type\":\"WebSite\",\"@id\":\"https:\/\/dev.cannabinno.swiss\/#website\",\"url\":\"https:\/\/dev.cannabinno.swiss\/\",\"name\":\"Cannabinno\",\"description\":\"swissmade quality machines.\",\"potentialAction\":[{\"@type\":\"SearchAction\",\"target\":{\"@type\":\"EntryPoint\",\"urlTemplate\":\"https:\/\/dev.cannabinno.swiss\/?s={search_term_string}\"},\"query-input\":\"required name=search_term_string\"}],\"inLanguage\":\"es\"}]}<\/script>\n<!-- \/ Yoast SEO plugin. -->","yoast_head_json":{"title":"Aviso legal - Cannabinno","robots":{"index":"noindex","follow":"follow","max-snippet":"max-snippet:-1","max-image-preview":"max-image-preview:large","max-video-preview":"max-video-preview:-1"},"og_locale":"es_ES","og_type":"article","og_title":"Aviso legal - Cannabinno","og_description":"Responsable del contenido Adec Solutions GmbH Industriestrasse 23, CH-9320 Arbon [&hellip;]","og_url":"https:\/\/dev.cannabinno.swiss\/es\/aviso-legal\/","og_site_name":"Cannabinno","article_modified_time":"2021-11-16T12:45:49+00:00","twitter_card":"summary_large_image","twitter_misc":{"Tiempo de lectura":"2 minutos"},"schema":{"@context":"https:\/\/schema.org","@graph":[{"@type":"WebPage","@id":"https:\/\/dev.cannabinno.swiss\/es\/aviso-legal\/","url":"https:\/\/dev.cannabinno.swiss\/es\/aviso-legal\/","name":"Aviso legal - Cannabinno","isPartOf":{"@id":"https:\/\/dev.cannabinno.swiss\/#website"},"datePublished":"2020-07-15T08:56:41+00:00","dateModified":"2021-11-16T12:45:49+00:00","breadcrumb":{"@id":"https:\/\/dev.cannabinno.swiss\/es\/aviso-legal\/#breadcrumb"},"inLanguage":"es","potentialAction":[{"@type":"ReadAction","target":["https:\/\/dev.cannabinno.swiss\/es\/aviso-legal\/"]}]},{"@type":"BreadcrumbList","@id":"https:\/\/dev.cannabinno.swiss\/es\/aviso-legal\/#breadcrumb","itemListElement":[{"@type":"ListItem","position":1,"name":"Startseite","item":"https:\/\/dev.cannabinno.swiss\/es\/"},{"@type":"ListItem","position":2,"name":"Aviso legal"}]},{"@type":"WebSite","@id":"https:\/\/dev.cannabinno.swiss\/#website","url":"https:\/\/dev.cannabinno.swiss\/","name":"Cannabinno","description":"swissmade quality machines.","potentialAction":[{"@type":"SearchAction","target":{"@type":"EntryPoint","urlTemplate":"https:\/\/dev.cannabinno.swiss\/?s={search_term_string}"},"query-input":"required name=search_term_string"}],"inLanguage":"es"}]}},"_links":{"self":[{"href":"https:\/\/dev.cannabinno.swiss\/es\/wp-json\/wp\/v2\/pages\/3273"}],"collection":[{"href":"https:\/\/dev.cannabinno.swiss\/es\/wp-json\/wp\/v2\/pages"}],"about":[{"href":"https:\/\/dev.cannabinno.swiss\/es\/wp-json\/wp\/v2\/types\/page"}],"author":[{"embeddable":true,"href":"https:\/\/dev.cannabinno.swiss\/es\/wp-json\/wp\/v2\/users\/2"}],"replies":[{"embeddable":true,"href":"https:\/\/dev.cannabinno.swiss\/es\/wp-json\/wp\/v2\/comments?post=3273"}],"version-history":[{"count":1,"href":"https:\/\/dev.cannabinno.swiss\/es\/wp-json\/wp\/v2\/pages\/3273\/revisions"}],"predecessor-version":[{"id":6581,"href":"https:\/\/dev.cannabinno.swiss\/es\/wp-json\/wp\/v2\/pages\/3273\/revisions\/6581"}],"wp:attachment":[{"href":"https:\/\/dev.cannabinno.swiss\/es\/wp-json\/wp\/v2\/media?parent=3273"}],"curies":[{"name":"wp","href":"https:\/\/api.w.org\/{rel}","templated":true}]}}