{"id":3089,"date":"2020-07-15T10:54:02","date_gmt":"2020-07-15T08:54:02","guid":{"rendered":"https:\/\/dev.cannabinno.swiss\/productos\/cannabinno-trimmer\/"},"modified":"2021-09-29T14:25:43","modified_gmt":"2021-09-29T12:25:43","slug":"cannabinno-trimmer","status":"publish","type":"page","link":"https:\/\/dev.cannabinno.swiss\/es\/productos\/cannabinno-trimmer\/","title":{"rendered":"Trimmer Midi"},"content":{"rendered":"<p><div class=\"fusion-fullwidth fullwidth-box fusion-builder-row-1 nonhundred-percent-fullwidth non-hundred-percent-height-scrolling\" style=\"--awb-border-radius-top-left:0px;--awb-border-radius-top-right:0px;--awb-border-radius-bottom-right:0px;--awb-border-radius-bottom-left:0px;\" ><div class=\"fusion-builder-row fusion-row\"><div class=\"fusion-layout-column fusion_builder_column fusion-builder-column-0 fusion_builder_column_1_1 1_1 fusion-one-full fusion-column-first fusion-column-last\" style=\"--awb-bg-size:cover;\"><div class=\"fusion-column-wrapper fusion-column-has-shadow fusion-flex-column-wrapper-legacy\"><div class=\"fusion-text fusion-text-1\"><h1>cannabino Trimmer Midi<\/h1>\n<h6>Inigualable en cuanto a potencia y eficiencia.<\/h6>\n<\/div><div class=\"fusion-clearfix\"><\/div><\/div><\/div><div class=\"fusion-layout-column fusion_builder_column fusion-builder-column-1 fusion_builder_column_2_3 2_3 fusion-two-third fusion-column-first\" style=\"--awb-bg-size:cover;width:66.666666666667%;width:calc(66.666666666667% - ( ( 4% ) * 0.66666666666667 ) );margin-right: 4%;\"><div class=\"fusion-column-wrapper fusion-column-has-shadow fusion-flex-column-wrapper-legacy\"><div class=\"fusion-slider-sc fusion-flexslider-loading flexslider flexslider-hover-type-zoomin\" data-slideshow_autoplay=\"1\" data-slideshow_smooth_height=\"0\" data-slideshow_speed=\"7000\" style=\"max-width:100%;height:100%;\"><ul class=\"slides\"><li class=\"image\"><span class=\"fusion-image-hover-element hover-type-zoomin\"><img src=\"https:\/\/dev.cannabinno.swiss\/wp-content\/uploads\/2020\/05\/trimmer-midi-web.jpg\" width=\"1920\" height=\"1080\" class=\"wp-image-2481\" srcset=\"https:\/\/dev.cannabinno.swiss\/wp-content\/uploads\/2020\/05\/trimmer-midi-web-200x113.jpg 200w, https:\/\/dev.cannabinno.swiss\/wp-content\/uploads\/2020\/05\/trimmer-midi-web-400x225.jpg 400w, https:\/\/dev.cannabinno.swiss\/wp-content\/uploads\/2020\/05\/trimmer-midi-web-600x338.jpg 600w, https:\/\/dev.cannabinno.swiss\/wp-content\/uploads\/2020\/05\/trimmer-midi-web-800x450.jpg 800w, https:\/\/dev.cannabinno.swiss\/wp-content\/uploads\/2020\/05\/trimmer-midi-web-1200x675.jpg 1200w, https:\/\/dev.cannabinno.swiss\/wp-content\/uploads\/2020\/05\/trimmer-midi-web.jpg 1920w\" sizes=\"(max-width: 800px) 100vw, 800px\" \/><\/span><\/li><li class=\"image\"><span class=\"fusion-image-hover-element hover-type-zoomin\"><img src=\"https:\/\/dev.cannabinno.swiss\/wp-content\/uploads\/2021\/09\/trimmer-midi-3.jpg\" alt=\"trimmer midi\" width=\"1920\" height=\"1080\" class=\"wp-image-6118\" srcset=\"https:\/\/dev.cannabinno.swiss\/wp-content\/uploads\/2021\/09\/trimmer-midi-3-200x113.jpg 200w, https:\/\/dev.cannabinno.swiss\/wp-content\/uploads\/2021\/09\/trimmer-midi-3-400x225.jpg 400w, https:\/\/dev.cannabinno.swiss\/wp-content\/uploads\/2021\/09\/trimmer-midi-3-600x338.jpg 600w, https:\/\/dev.cannabinno.swiss\/wp-content\/uploads\/2021\/09\/trimmer-midi-3-800x450.jpg 800w, https:\/\/dev.cannabinno.swiss\/wp-content\/uploads\/2021\/09\/trimmer-midi-3-1200x675.jpg 1200w, https:\/\/dev.cannabinno.swiss\/wp-content\/uploads\/2021\/09\/trimmer-midi-3.jpg 1920w\" sizes=\"(max-width: 800px) 100vw, 800px\" \/><\/span><\/li><li class=\"image\"><span class=\"fusion-image-hover-element hover-type-zoomin\"><img src=\"https:\/\/dev.cannabinno.swiss\/wp-content\/uploads\/2021\/09\/trimmer-midi-2.jpg\" alt=\"trimmer midi\" width=\"1920\" height=\"1080\" class=\"wp-image-6113\" srcset=\"https:\/\/dev.cannabinno.swiss\/wp-content\/uploads\/2021\/09\/trimmer-midi-2-200x113.jpg 200w, https:\/\/dev.cannabinno.swiss\/wp-content\/uploads\/2021\/09\/trimmer-midi-2-400x225.jpg 400w, https:\/\/dev.cannabinno.swiss\/wp-content\/uploads\/2021\/09\/trimmer-midi-2-600x338.jpg 600w, https:\/\/dev.cannabinno.swiss\/wp-content\/uploads\/2021\/09\/trimmer-midi-2-800x450.jpg 800w, https:\/\/dev.cannabinno.swiss\/wp-content\/uploads\/2021\/09\/trimmer-midi-2-1200x675.jpg 1200w, https:\/\/dev.cannabinno.swiss\/wp-content\/uploads\/2021\/09\/trimmer-midi-2.jpg 1920w\" sizes=\"(max-width: 800px) 100vw, 800px\" \/><\/span><\/li><li class=\"image\"><span class=\"fusion-image-hover-element hover-type-zoomin\"><img src=\"https:\/\/dev.cannabinno.swiss\/wp-content\/uploads\/2021\/09\/trimmer-midi-5.jpg\" width=\"1920\" height=\"1080\" class=\"wp-image-6128\" srcset=\"https:\/\/dev.cannabinno.swiss\/wp-content\/uploads\/2021\/09\/trimmer-midi-5-200x113.jpg 200w, https:\/\/dev.cannabinno.swiss\/wp-content\/uploads\/2021\/09\/trimmer-midi-5-400x225.jpg 400w, https:\/\/dev.cannabinno.swiss\/wp-content\/uploads\/2021\/09\/trimmer-midi-5-600x338.jpg 600w, https:\/\/dev.cannabinno.swiss\/wp-content\/uploads\/2021\/09\/trimmer-midi-5-800x450.jpg 800w, https:\/\/dev.cannabinno.swiss\/wp-content\/uploads\/2021\/09\/trimmer-midi-5-1200x675.jpg 1200w, https:\/\/dev.cannabinno.swiss\/wp-content\/uploads\/2021\/09\/trimmer-midi-5.jpg 1920w\" sizes=\"(max-width: 800px) 100vw, 800px\" \/><\/span><\/li><li class=\"image\"><span class=\"fusion-image-hover-element hover-type-zoomin\"><img src=\"https:\/\/dev.cannabinno.swiss\/wp-content\/uploads\/2021\/09\/trimmer-midi-1.jpg\" alt=\"trimmer midi\" width=\"1920\" height=\"1080\" class=\"wp-image-6108\" srcset=\"https:\/\/dev.cannabinno.swiss\/wp-content\/uploads\/2021\/09\/trimmer-midi-1-200x113.jpg 200w, https:\/\/dev.cannabinno.swiss\/wp-content\/uploads\/2021\/09\/trimmer-midi-1-400x225.jpg 400w, https:\/\/dev.cannabinno.swiss\/wp-content\/uploads\/2021\/09\/trimmer-midi-1-600x338.jpg 600w, https:\/\/dev.cannabinno.swiss\/wp-content\/uploads\/2021\/09\/trimmer-midi-1-800x450.jpg 800w, https:\/\/dev.cannabinno.swiss\/wp-content\/uploads\/2021\/09\/trimmer-midi-1-1200x675.jpg 1200w, https:\/\/dev.cannabinno.swiss\/wp-content\/uploads\/2021\/09\/trimmer-midi-1.jpg 1920w\" sizes=\"(max-width: 800px) 100vw, 800px\" \/><\/span><\/li><li class=\"image\"><span class=\"fusion-image-hover-element hover-type-zoomin\"><img src=\"https:\/\/dev.cannabinno.swiss\/wp-content\/uploads\/2021\/09\/trimmer-midi-4.jpg\" alt=\"trimmer midi\" width=\"1920\" height=\"1080\" class=\"wp-image-6123\" srcset=\"https:\/\/dev.cannabinno.swiss\/wp-content\/uploads\/2021\/09\/trimmer-midi-4-200x113.jpg 200w, https:\/\/dev.cannabinno.swiss\/wp-content\/uploads\/2021\/09\/trimmer-midi-4-400x225.jpg 400w, https:\/\/dev.cannabinno.swiss\/wp-content\/uploads\/2021\/09\/trimmer-midi-4-600x338.jpg 600w, https:\/\/dev.cannabinno.swiss\/wp-content\/uploads\/2021\/09\/trimmer-midi-4-800x450.jpg 800w, https:\/\/dev.cannabinno.swiss\/wp-content\/uploads\/2021\/09\/trimmer-midi-4-1200x675.jpg 1200w, https:\/\/dev.cannabinno.swiss\/wp-content\/uploads\/2021\/09\/trimmer-midi-4.jpg 1920w\" sizes=\"(max-width: 800px) 100vw, 800px\" \/><\/span><\/li><\/ul><\/div><div class=\"fusion-clearfix\"><\/div><\/div><\/div><div class=\"fusion-layout-column fusion_builder_column fusion-builder-column-2 fusion_builder_column_1_3 1_3 fusion-one-third fusion-column-last\" style=\"--awb-bg-size:cover;width:33.333333333333%;width:calc(33.333333333333% - ( ( 4% ) * 0.33333333333333 ) );\"><div class=\"fusion-column-wrapper fusion-column-has-shadow fusion-flex-column-wrapper-legacy\"><div class=\"fusion-text fusion-text-2\"><h3>Especificaciones t\u00e9cnicas<\/h3>\n<dl style=\"font-size: 0.9rem;\">\n<dt>Medidas<\/dt>\n<dd>An 65 cm x L 130 cm x Al 90 cm<\/dd>\n<dt>Peso<\/dt>\n<dd>136 kg<\/dd>\n<dt>Tambor de cogollos<\/dt>\n<dd>Longitud: 97 cm, Di\u00e1metro: 22 cm<\/dd>\n<dt>Rendimiento (dependiendo del material)<\/dt>\n<dd>h\u00famedo: desde 25 kg<br \/>\nseco: desde 15 kg<\/dd>\n<dt>Cortes \/ minuto<\/dt>\n<dd>14.000<\/dd>\n<dt>Fuente de alimentaci\u00f3n<\/dt>\n<dd>230 V \/ 6A (Succi\u00f3n 400 V \/ 16 A)<\/dd>\n<dt>Potencia de succi\u00f3n recomendada<\/dt>\n<dd>2 kW<\/dd>\n<dt>Certificaci\u00f3n<\/dt>\n<dd>Certificado CE de acuerdo con las directivas sobre m\u00e1quinas<\/dd>\n<\/dl>\n<\/div><div class=\"fusion-align-block\"><a class=\"fusion-button button-flat button-medium button-default fusion-button-default button-1 fusion-button-span-yes fusion-button-default-type\" style=\"--button_text_transform:uppercase;\" target=\"_self\" href=\"https:\/\/dev.cannabinno.swiss\/es\/contacto\/\"><span class=\"fusion-button-text\">Solicitar presupuesto<\/span><\/a><\/div><div class=\"fusion-clearfix\"><\/div><\/div><\/div><div class=\"fusion-layout-column fusion_builder_column fusion-builder-column-3 fusion_builder_column_1_1 1_1 fusion-one-full fusion-column-first fusion-column-last\" style=\"--awb-bg-size:cover;\"><div class=\"fusion-column-wrapper fusion-column-has-shadow fusion-flex-column-wrapper-legacy\"><div class=\"fusion-text fusion-text-3\"><h3>El caballo de batalla de la familia cannabinno.<\/h3>\n<p>La ingenier\u00eda perfecta demuestra tambi\u00e9n aqu\u00ed su importancia. La cannabinno Trimmer Midi convence por su gran rendimiento de flujo. Asimismo,  soporta sin problemas masas de hojas y brotes m\u00e1s grandes. El resultado del corte es constante y suave para los cogollos. Los resultados convencen de inmediato a todos los clientes. Todas las piezas que entran en contacto con el producto son de acero cromado. Todo se produce en Suiza, lo que garantiza un servicio \u00f3ptimo. Las cuchillas del rotor y del soporte se pueden rectificar a petici\u00f3n, aunque el desgaste es muy reducido.<\/p>\n<p>La cannabinno Trimmer Midi se configura de forma \u00f3ptima en una l\u00ednea de dos. Para el procesado en h\u00famedo, puede trabajar con dos tambores ranurados de 9 mm o con un tambor de 9 mm y otro de 7 mm. Para el pelado en seco, se recomienda el tambor de 7 mm. En caso necesario, tambi\u00e9n se puede utilizar un tambor de 4 mm. La cannabinno Trimmer Midi convence por su construcci\u00f3n robusta, as\u00ed como por el perfecto resultado del pelado. La larga vida \u00fatil y la alta calidad hacen que esta m\u00e1quina sea indispensable para explotaciones grandes y medianas.<\/p>\n<\/div><div class=\"fusion-text fusion-text-4\"><h3>Caracter\u00edsticas<\/h3>\n<ul>\n<li>Todas las piezas que entran en contacto con el producto son de acero cromado<\/li>\n<li>Hoja de acero inoxidable endurecido<\/li>\n<li>3 tipos de tambores intercambiables  (orificio con un tama\u00f1o de 4\/7\/9 mm para el procesamiento en h\u00famedo o seco)<\/li>\n<li>Ajuste sencillo de la hoja para un corte preciso<\/li>\n<li>Dise\u00f1o modular<\/li>\n<li>Mantenimiento f\u00e1cil<\/li>\n<li>Se puede limpiar con un limpiador de alta presi\u00f3n<\/li>\n<li>Ideal para un funcionamiento continuo de alto rendimiento<\/li>\n<\/ul>\n<\/div><div class=\"fusion-clearfix\"><\/div><\/div><\/div><\/div><\/div><div class=\"fusion-fullwidth fullwidth-box fusion-builder-row-2 auszeichnung-gruen nonhundred-percent-fullwidth non-hundred-percent-height-scrolling\" style=\"--awb-border-radius-top-left:0px;--awb-border-radius-top-right:0px;--awb-border-radius-bottom-right:0px;--awb-border-radius-bottom-left:0px;--awb-padding-top:20px;--awb-margin-bottom:-30px;--awb-background-color:#6aab33;\" ><div class=\"fusion-builder-row fusion-row\"><div class=\"fusion-layout-column fusion_builder_column fusion-builder-column-4 fusion_builder_column_1_3 1_3 fusion-one-third fusion-column-first\" style=\"--awb-bg-size:cover;width:33.333333333333%;width:calc(33.333333333333% - ( ( 4% + 4% ) * 0.33333333333333 ) );margin-right: 4%;\"><div class=\"fusion-column-wrapper fusion-column-has-shadow fusion-flex-column-wrapper-legacy\"><div class=\"fusion-text fusion-text-5\"><h1>cannabinno Trimmer Maxi<\/h1>\n<p>Esta peladora de gran calidad ha sido dise\u00f1ada para el procesamiento a gran escala y est\u00e1 equipada con 8 hojas de acero especialmente endurecido y un tambor m\u00e1s grande. Para mayor rendimiento y calidad.<\/p>\n<p><a href=\"https:\/\/dev.cannabinno.swiss\/es\/productos\/cannabinno-trimmer-maxi\/\"><strong>M\u00e1s informaci\u00f3n<\/strong><\/a><\/p>\n<\/div><div class=\"fusion-clearfix\"><\/div><\/div><\/div><div class=\"fusion-layout-column fusion_builder_column fusion-builder-column-5 fusion_builder_column_1_3 1_3 fusion-one-third\" style=\"--awb-bg-size:cover;width:33.333333333333%;width:calc(33.333333333333% - ( ( 4% + 4% ) * 0.33333333333333 ) );margin-right: 4%;\"><div class=\"fusion-column-wrapper fusion-column-has-shadow fusion-flex-column-wrapper-legacy\"><div class=\"fusion-text fusion-text-6\"><h1>cannabinno Trimmer Mixi<\/h1>\n<p>Esta peladora ha sido dise\u00f1ada para el procesamiento a gran escala y est\u00e1 equipada con 4 hojas de acero especialmente endurecido y un tambor m\u00e1s grande. Para mayor rendimiento y calidad.<\/p>\n<p><strong><a href=\"https:\/\/dev.cannabinno.swiss\/es\/productos\/trimmer-mixi\/\">M\u00e1s informaci\u00f3n<\/a><\/strong><\/p>\n<\/div><div class=\"fusion-clearfix\"><\/div><\/div><\/div><div class=\"fusion-layout-column fusion_builder_column fusion-builder-column-6 fusion_builder_column_1_3 1_3 fusion-one-third fusion-column-last\" style=\"--awb-bg-size:cover;width:33.333333333333%;width:calc(33.333333333333% - ( ( 4% + 4% ) * 0.33333333333333 ) );\"><div class=\"fusion-column-wrapper fusion-column-has-shadow fusion-flex-column-wrapper-legacy\"><div class=\"fusion-text fusion-text-7\"><h1>cannabinno Trimmer Mini<\/h1>\n<p>Esta peladora de cannabis suiza ocupa poco espacio en una mesa y es fiable, vers\u00e1til e ideal tanto para cogollos secos como h\u00famedos.<\/p>\n<p><strong><a href=\"https:\/\/dev.cannabinno.swiss\/es\/productos\/cannabinno-trimmer-mini\/\">M\u00e1s informaci\u00f3n<\/a><\/strong><\/p>\n<\/div><div class=\"fusion-clearfix\"><\/div><\/div><\/div><\/div><\/div><\/p>\n","protected":false},"excerpt":{"rendered":"","protected":false},"author":1,"featured_media":0,"parent":2820,"menu_order":32,"comment_status":"closed","ping_status":"closed","template":"100-width.php","meta":{"inline_featured_image":false},"yoast_head":"<!-- This site is optimized with the Yoast SEO plugin v19.13 - https:\/\/yoast.com\/wordpress\/plugins\/seo\/ -->\n<title>Trimmer Midi - Cannabinno<\/title>\n<meta name=\"robots\" content=\"noindex, follow, max-snippet:-1, max-image-preview:large, max-video-preview:-1\" \/>\n<meta property=\"og:locale\" content=\"es_ES\" \/>\n<meta property=\"og:type\" content=\"article\" \/>\n<meta property=\"og:title\" content=\"cannabinno trimmer midi: vers\u00e1til y fiable\" \/>\n<meta property=\"og:description\" content=\"El est\u00e1ndar suizo para el pelado profesional del cannabis: inigualable en cuanto a potencia y eficiencia. Perfecto para un funcionamiento permanente de gran rendimiento\" \/>\n<meta property=\"og:url\" content=\"https:\/\/dev.cannabinno.swiss\/es\/productos\/cannabinno-trimmer\/\" \/>\n<meta property=\"og:site_name\" content=\"Cannabinno\" \/>\n<meta property=\"article:modified_time\" content=\"2021-09-29T12:25:43+00:00\" \/>\n<meta property=\"og:image\" content=\"https:\/\/dev.cannabinno.swiss\/wp-content\/uploads\/2020\/05\/trimmer_midi_1200_630px.jpg\" \/>\n<meta name=\"twitter:card\" content=\"summary_large_image\" \/>\n<meta name=\"twitter:label1\" content=\"Tiempo de lectura\" \/>\n\t<meta name=\"twitter:data1\" content=\"15 minutos\" \/>\n<script type=\"application\/ld+json\" class=\"yoast-schema-graph\">{\"@context\":\"https:\/\/schema.org\",\"@graph\":[{\"@type\":\"WebPage\",\"@id\":\"https:\/\/dev.cannabinno.swiss\/es\/productos\/cannabinno-trimmer\/\",\"url\":\"https:\/\/dev.cannabinno.swiss\/es\/productos\/cannabinno-trimmer\/\",\"name\":\"Trimmer Midi - Cannabinno\",\"isPartOf\":{\"@id\":\"https:\/\/dev.cannabinno.swiss\/#website\"},\"datePublished\":\"2020-07-15T08:54:02+00:00\",\"dateModified\":\"2021-09-29T12:25:43+00:00\",\"breadcrumb\":{\"@id\":\"https:\/\/dev.cannabinno.swiss\/es\/productos\/cannabinno-trimmer\/#breadcrumb\"},\"inLanguage\":\"es\",\"potentialAction\":[{\"@type\":\"ReadAction\",\"target\":[\"https:\/\/dev.cannabinno.swiss\/es\/productos\/cannabinno-trimmer\/\"]}]},{\"@type\":\"BreadcrumbList\",\"@id\":\"https:\/\/dev.cannabinno.swiss\/es\/productos\/cannabinno-trimmer\/#breadcrumb\",\"itemListElement\":[{\"@type\":\"ListItem\",\"position\":1,\"name\":\"Startseite\",\"item\":\"https:\/\/dev.cannabinno.swiss\/es\/\"},{\"@type\":\"ListItem\",\"position\":2,\"name\":\"Productos\",\"item\":\"https:\/\/dev.cannabinno.swiss\/es\/productos\/\"},{\"@type\":\"ListItem\",\"position\":3,\"name\":\"Trimmer Midi\"}]},{\"@type\":\"WebSite\",\"@id\":\"https:\/\/dev.cannabinno.swiss\/#website\",\"url\":\"https:\/\/dev.cannabinno.swiss\/\",\"name\":\"Cannabinno\",\"description\":\"swissmade quality machines.\",\"potentialAction\":[{\"@type\":\"SearchAction\",\"target\":{\"@type\":\"EntryPoint\",\"urlTemplate\":\"https:\/\/dev.cannabinno.swiss\/?s={search_term_string}\"},\"query-input\":\"required name=search_term_string\"}],\"inLanguage\":\"es\"}]}<\/script>\n<!-- \/ Yoast SEO plugin. -->","yoast_head_json":{"title":"Trimmer Midi - Cannabinno","robots":{"index":"noindex","follow":"follow","max-snippet":"max-snippet:-1","max-image-preview":"max-image-preview:large","max-video-preview":"max-video-preview:-1"},"og_locale":"es_ES","og_type":"article","og_title":"cannabinno trimmer midi: vers\u00e1til y fiable","og_description":"El est\u00e1ndar suizo para el pelado profesional del cannabis: inigualable en cuanto a potencia y eficiencia. Perfecto para un funcionamiento permanente de gran rendimiento","og_url":"https:\/\/dev.cannabinno.swiss\/es\/productos\/cannabinno-trimmer\/","og_site_name":"Cannabinno","article_modified_time":"2021-09-29T12:25:43+00:00","og_image":[{"url":"https:\/\/dev.cannabinno.swiss\/wp-content\/uploads\/2020\/05\/trimmer_midi_1200_630px.jpg"}],"twitter_card":"summary_large_image","twitter_misc":{"Tiempo de lectura":"15 minutos"},"schema":{"@context":"https:\/\/schema.org","@graph":[{"@type":"WebPage","@id":"https:\/\/dev.cannabinno.swiss\/es\/productos\/cannabinno-trimmer\/","url":"https:\/\/dev.cannabinno.swiss\/es\/productos\/cannabinno-trimmer\/","name":"Trimmer Midi - Cannabinno","isPartOf":{"@id":"https:\/\/dev.cannabinno.swiss\/#website"},"datePublished":"2020-07-15T08:54:02+00:00","dateModified":"2021-09-29T12:25:43+00:00","breadcrumb":{"@id":"https:\/\/dev.cannabinno.swiss\/es\/productos\/cannabinno-trimmer\/#breadcrumb"},"inLanguage":"es","potentialAction":[{"@type":"ReadAction","target":["https:\/\/dev.cannabinno.swiss\/es\/productos\/cannabinno-trimmer\/"]}]},{"@type":"BreadcrumbList","@id":"https:\/\/dev.cannabinno.swiss\/es\/productos\/cannabinno-trimmer\/#breadcrumb","itemListElement":[{"@type":"ListItem","position":1,"name":"Startseite","item":"https:\/\/dev.cannabinno.swiss\/es\/"},{"@type":"ListItem","position":2,"name":"Productos","item":"https:\/\/dev.cannabinno.swiss\/es\/productos\/"},{"@type":"ListItem","position":3,"name":"Trimmer Midi"}]},{"@type":"WebSite","@id":"https:\/\/dev.cannabinno.swiss\/#website","url":"https:\/\/dev.cannabinno.swiss\/","name":"Cannabinno","description":"swissmade quality machines.","potentialAction":[{"@type":"SearchAction","target":{"@type":"EntryPoint","urlTemplate":"https:\/\/dev.cannabinno.swiss\/?s={search_term_string}"},"query-input":"required name=search_term_string"}],"inLanguage":"es"}]}},"_links":{"self":[{"href":"https:\/\/dev.cannabinno.swiss\/es\/wp-json\/wp\/v2\/pages\/3089"}],"collection":[{"href":"https:\/\/dev.cannabinno.swiss\/es\/wp-json\/wp\/v2\/pages"}],"about":[{"href":"https:\/\/dev.cannabinno.swiss\/es\/wp-json\/wp\/v2\/types\/page"}],"author":[{"embeddable":true,"href":"https:\/\/dev.cannabinno.swiss\/es\/wp-json\/wp\/v2\/users\/1"}],"replies":[{"embeddable":true,"href":"https:\/\/dev.cannabinno.swiss\/es\/wp-json\/wp\/v2\/comments?post=3089"}],"version-history":[{"count":8,"href":"https:\/\/dev.cannabinno.swiss\/es\/wp-json\/wp\/v2\/pages\/3089\/revisions"}],"predecessor-version":[{"id":6254,"href":"https:\/\/dev.cannabinno.swiss\/es\/wp-json\/wp\/v2\/pages\/3089\/revisions\/6254"}],"up":[{"embeddable":true,"href":"https:\/\/dev.cannabinno.swiss\/es\/wp-json\/wp\/v2\/pages\/2820"}],"wp:attachment":[{"href":"https:\/\/dev.cannabinno.swiss\/es\/wp-json\/wp\/v2\/media?parent=3089"}],"curies":[{"name":"wp","href":"https:\/\/api.w.org\/{rel}","templated":true}]}}